{"id":7552,"date":"2020-10-21T10:38:01","date_gmt":"2020-10-21T07:38:01","guid":{"rendered":"http:\/\/ceoparts.com\/tr\/?post_type=product&#038;p=7552"},"modified":"2026-05-16T14:07:27","modified_gmt":"2026-05-16T11:07:27","slug":"400x160-110-tahrik-tekerlegi-50112525","status":"publish","type":"product","link":"https:\/\/ceoparts.com\/es\/urun\/400x160-110-tahrik-tekerlegi-50112525\/","title":{"rendered":"400&#215;160-110 8B Stellana Vulkollan Rueda a pie &#8211; 50112525"},"content":{"rendered":"<p>400&#215;160-110 8B Stellana Vulkollan Rueda a pie &#8211; 50112525<\/p>\n<div class=\"font12\">Jungheinrich 50112525\u00a0\u00a0 400&#215;150\/160&#215;110<\/div>\n<div class=\"font12\"><\/div>\n<div class=\"font12\">ETX-K 125\/150<br \/>\nKMS 125<br \/>\nETX AC 125<br \/>\nETX AC 125IF<br \/>\nETX AC 150\/AC 150 KH<br \/>\nETX AC 150SX<br \/>\nWA 13-15 MK 2 (STB)<br \/>\nWD 13-15 MK 4 (STB)<br \/>\nWK 13-15 MK 2 (STB)<br \/>\nEKX 513\/515K S\/F I<br \/>\nEKS 513\/515K\/L S\/F I ZG<br \/>\nETX 513\/515 S\/FI\/S<\/div>","protected":false},"excerpt":{"rendered":"<div>\n<p data-start=\"141\" data-end=\"1150\"><br data-start=\"6646\" data-end=\"6649\" \/>La Rueda Motriz 400\u00d7160-110 8B Stellana Vulkollan es una rueda de alto rendimiento y resistencia, dise\u00f1ada para carretillas elevadoras y apiladores. Con un di\u00e1metro de 400 mm, ancho de 160 mm y alojamiento de 110 mm, proporciona m\u00e1xima capacidad de carga y estabilidad operativa en operaciones intensivas de manipulaci\u00f3n de materiales. Su recubrimiento de poliuretano Vulkollan de alta gama ofrece excelente resistencia al desgaste, impactos y productos qu\u00edmicos. El sistema de anclaje 8B garantiza una instalaci\u00f3n segura y fiable en la m\u00e1quina. Ideal para almacenes industriales, centros log\u00edsticos y l\u00edneas de producci\u00f3n, ofrece funcionamiento silencioso, duradero y sin vibraciones, incluso en condiciones exigentes.<br data-start=\"7368\" data-end=\"7371\" \/><strong data-start=\"7371\" data-end=\"7391\">Caracter\u00edsticas:<\/strong><br data-start=\"7391\" data-end=\"7394\" \/><strong data-start=\"7394\" data-end=\"7418\">Nombre del producto:<\/strong> Rueda Motriz 400\u00d7160-110 8B Stellana Vulkollan<br data-start=\"7465\" data-end=\"7468\" \/><strong data-start=\"7468\" data-end=\"7488\">C\u00f3digo de pieza:<\/strong> 50112525<br data-start=\"7497\" data-end=\"7500\" \/><strong data-start=\"7500\" data-end=\"7513\">Material:<\/strong> Vulkollan (poliuretano de alta densidad), n\u00facleo met\u00e1lico<br data-start=\"7571\" data-end=\"7574\" \/><strong data-start=\"7574\" data-end=\"7597\">\u00c1rea de aplicaci\u00f3n:<\/strong> Carretillas elevadoras, reach trucks y sistemas de transporte de cargas pesadas<br data-start=\"7677\" data-end=\"7680\" \/><strong data-start=\"7680\" data-end=\"7692\">Ventaja:<\/strong> Alta capacidad de carga, resistencia al desgaste y productos qu\u00edmicos, funcionamiento silencioso y sin vibraciones, larga vida \u00fatil<\/p>\n<\/div>\n","protected":false},"featured_media":11360,"template":"","meta":[],"product_brand":[],"product_cat":[236,239,416,418,193],"product_tag":[],"class_list":{"0":"post-7552","1":"product","2":"type-product","3":"status-publish","4":"has-post-thumbnail","6":"product_cat-jungheinrich","7":"product_cat-yuruyus-tekeri-jungheinrich","8":"product_cat-stellana","9":"product_cat-yuruyus-tekeri-stellana","10":"product_cat-yuruyus-tekeri","12":"first","13":"instock","14":"taxable","15":"shipping-taxable","16":"purchasable","17":"product-type-simple"},"_links":{"self":[{"href":"https:\/\/ceoparts.com\/es\/wp-json\/wp\/v2\/product\/7552","targetHints":{"allow":["GET"]}}],"collection":[{"href":"https:\/\/ceoparts.com\/es\/wp-json\/wp\/v2\/product"}],"about":[{"href":"https:\/\/ceoparts.com\/es\/wp-json\/wp\/v2\/types\/product"}],"wp:featuredmedia":[{"embeddable":true,"href":"https:\/\/ceoparts.com\/es\/wp-json\/wp\/v2\/media\/11360"}],"wp:attachment":[{"href":"https:\/\/ceoparts.com\/es\/wp-json\/wp\/v2\/media?parent=7552"}],"wp:term":[{"taxonomy":"product_brand","embeddable":true,"href":"https:\/\/ceoparts.com\/es\/wp-json\/wp\/v2\/product_brand?post=7552"},{"taxonomy":"product_cat","embeddable":true,"href":"https:\/\/ceoparts.com\/es\/wp-json\/wp\/v2\/product_cat?post=7552"},{"taxonomy":"product_tag","embeddable":true,"href":"https:\/\/ceoparts.com\/es\/wp-json\/wp\/v2\/product_tag?post=7552"}],"curies":[{"name":"wp","href":"https:\/\/api.w.org\/{rel}","templated":true}]}}