{"id":7711,"date":"2020-10-25T10:37:27","date_gmt":"2020-10-25T07:37:27","guid":{"rendered":"http:\/\/ceoparts.com\/?post_type=product&#038;p=7711"},"modified":"2026-05-16T12:11:35","modified_gmt":"2026-05-16T09:11:35","slug":"85x105-110-12-still-4401476","status":"publish","type":"product","link":"https:\/\/ceoparts.com\/es\/urun\/85x105-110-12-still-4401476\/","title":{"rendered":"85&#215;105\/110-12 Still Ruedas de carga &#8211; 4401476 , 0039933604, 0039933649"},"content":{"rendered":"<p>85&#215;105\/110-12 Still Ruedas de carga &#8211; 4401476 , 0039933604, 0039933649<\/p>\n<p><\/p>\n<table border=\"0\" width=\"410\" cellspacing=\"0\" cellpadding=\"0\">\n<colgroup>\n<col width=\"95\" \/>\n<col width=\"315\" \/><\/colgroup>\n<tbody>\n<tr>\n<td class=\"xl65\" width=\"95\" height=\"20\"><span style=\"font-family: Calibri;\">1151<\/span><\/td>\n<td class=\"xl65\" width=\"315\"><span style=\"font-family: Calibri;\">T16\/T16P\/T20\/T20P<\/span><\/td>\n<\/tr>\n<tr>\n<td class=\"xl65\" height=\"20\"><span style=\"font-family: Calibri;\">1152<\/span><\/td>\n<td class=\"xl65\"><span style=\"font-family: Calibri;\">T16\/T18\/T20\/T16L<\/span><\/td>\n<\/tr>\n<tr>\n<td class=\"xl65\" height=\"20\"><span style=\"font-family: Calibri;\">1158<\/span><\/td>\n<td class=\"xl65\"><span style=\"font-family: Calibri;\">T20AP-04\/T20SP<\/span><\/td>\n<\/tr>\n<tr>\n<td class=\"xl65\" height=\"20\"><span style=\"font-family: Calibri;\">131<\/span><\/td>\n<td class=\"xl65\"><span style=\"font-family: Calibri;\">T20AP\/T20SP<\/span><\/td>\n<\/tr>\n<tr>\n<td class=\"xl65\" height=\"20\"><span style=\"font-family: Calibri;\">131<\/span><\/td>\n<td class=\"xl65\"><span style=\"font-family: Calibri;\">L14\/16AS<\/span><\/td>\n<\/tr>\n<tr>\n<td class=\"xl65\" height=\"20\"><span style=\"font-family: Calibri;\">132<\/span><\/td>\n<td class=\"xl65\"><span style=\"font-family: Calibri;\">N20\/N24\/N20L\/N20LI<\/span><\/td>\n<\/tr>\n<tr>\n<td class=\"xl65\" height=\"20\"><span style=\"font-family: Calibri;\">140<\/span><\/td>\n<td class=\"xl65\"><span style=\"font-family: Calibri;\">T20R<\/span><\/td>\n<\/tr>\n<tr>\n<td class=\"xl65\" height=\"20\"><span style=\"font-family: Calibri;\">140<\/span><\/td>\n<td class=\"xl65\"><span style=\"font-family: Calibri;\">T20R<\/span><\/td>\n<\/tr>\n<tr>\n<td class=\"xl65\" height=\"20\"><span style=\"font-family: Calibri;\">141<\/span><\/td>\n<td class=\"xl65\"><span style=\"font-family: Calibri;\">T20AP<\/span><\/td>\n<\/tr>\n<tr>\n<td class=\"xl65\" height=\"20\"><span style=\"font-family: Calibri;\">141<\/span><\/td>\n<td class=\"xl65\"><span style=\"font-family: Calibri;\">T20AP<\/span><\/td>\n<\/tr>\n<tr>\n<td class=\"xl65\" height=\"20\"><span style=\"font-family: Calibri;\">141<\/span><\/td>\n<td class=\"xl65\"><span style=\"font-family: Calibri;\">T20AP<\/span><\/td>\n<\/tr>\n<tr>\n<td class=\"xl65\" height=\"20\"><span style=\"font-family: Calibri;\">141<\/span><\/td>\n<td class=\"xl65\"><span style=\"font-family: Calibri;\">T20AP<\/span><\/td>\n<\/tr>\n<tr>\n<td class=\"xl65\" height=\"20\"><span style=\"font-family: Calibri;\">141<\/span><\/td>\n<td class=\"xl65\"><span style=\"font-family: Calibri;\">T20\/30<\/span><\/td>\n<\/tr>\n<tr>\n<td class=\"xl65\" height=\"20\"><span style=\"font-family: Calibri;\">141<\/span><\/td>\n<td class=\"xl65\"><span style=\"font-family: Calibri;\">T20\/30<\/span><\/td>\n<\/tr>\n<tr>\n<td class=\"xl65\" height=\"20\"><span style=\"font-family: Calibri;\">144<\/span><\/td>\n<td class=\"xl65\"><span style=\"font-family: Calibri;\">T20S\/T20SF<\/span><\/td>\n<\/tr>\n<tr>\n<td class=\"xl65\" height=\"20\"><span style=\"font-family: Calibri;\">144<\/span><\/td>\n<td class=\"xl65\"><span style=\"font-family: Calibri;\">T20S\/T20SF<\/span><\/td>\n<\/tr>\n<tr>\n<td class=\"xl65\" height=\"20\"><span style=\"font-family: Calibri;\">149<\/span><\/td>\n<td class=\"xl65\"><span style=\"font-family: Calibri;\">N20\/N25\/N20L\/LI\/LX<\/span><\/td>\n<\/tr>\n<tr>\n<td class=\"xl65\" height=\"20\"><span style=\"font-family: Calibri;\">149<\/span><\/td>\n<td class=\"xl65\"><span style=\"font-family: Calibri;\">N20\/N25\/N20L\/LI\/LX<\/span><\/td>\n<\/tr>\n<tr>\n<td class=\"xl65\" height=\"20\"><span style=\"font-family: Calibri;\">360<\/span><\/td>\n<td class=\"xl65\"><span style=\"font-family: Calibri;\">T16\/T18\/T20<\/span><\/td>\n<\/tr>\n<tr>\n<td class=\"xl65\" height=\"20\"><span style=\"font-family: Calibri;\">360<\/span><\/td>\n<td class=\"xl65\"><span style=\"font-family: Calibri;\">T16\/T18\/T20<\/span><\/td>\n<\/tr>\n<tr>\n<td class=\"xl65\" height=\"20\"><span style=\"font-family: Calibri;\">360<\/span><\/td>\n<td class=\"xl65\"><span style=\"font-family: Calibri;\">T16\/T18\/T20\/T16L<\/span><\/td>\n<\/tr>\n<tr>\n<td class=\"xl65\" height=\"20\"><span style=\"font-family: Calibri;\">360<\/span><\/td>\n<td class=\"xl65\"><span style=\"font-family: Calibri;\">T16\/T18\/T20\/T16L<\/span><\/td>\n<\/tr>\n<\/tbody>\n<\/table>\n<p><\/p>","protected":false},"excerpt":{"rendered":"<p data-start=\"147\" data-end=\"1129\"><br data-start=\"6283\" data-end=\"6286\" \/>La Rueda de Carga 85\u00d7105\/110-12 Still es una rueda compacta y de alta capacidad dise\u00f1ada para carretillas elevadoras y apiladores. Con 85 mm de ancho, 105\/110 mm de di\u00e1metro y 12 mm de alojamiento, garantiza maniobras seguras y estables en espacios reducidos durante operaciones de manipulaci\u00f3n de cargas pesadas. Su recubrimiento de poliuretano de alta calidad ofrece excelente resistencia al desgaste y a los impactos, mientras que su n\u00facleo met\u00e1lico minimiza la deformaci\u00f3n bajo uso intensivo. Totalmente compatible con maquinaria Still, permite un funcionamiento silencioso y duradero en almacenes y l\u00edneas de producci\u00f3n.<br data-start=\"6911\" data-end=\"6914\" \/><strong data-start=\"6914\" data-end=\"6934\">Caracter\u00edsticas:<\/strong><br data-start=\"6934\" data-end=\"6937\" \/><strong data-start=\"6937\" data-end=\"6961\">Nombre del producto:<\/strong> Rueda de Carga 85\u00d7105\/110-12 Still<br data-start=\"6996\" data-end=\"6999\" \/><strong data-start=\"6999\" data-end=\"7019\">C\u00f3digo de pieza:<\/strong> 4401476, 0039933604, 0039933649<br data-start=\"7051\" data-end=\"7054\" \/><strong data-start=\"7054\" data-end=\"7067\">Material:<\/strong> Recubrimiento de poliuretano, n\u00facleo met\u00e1lico<br data-start=\"7113\" data-end=\"7116\" \/><strong data-start=\"7116\" data-end=\"7139\">\u00c1rea de aplicaci\u00f3n:<\/strong> Carretillas elevadoras y apiladores Still<br data-start=\"7181\" data-end=\"7184\" \/><strong data-start=\"7184\" data-end=\"7196\">Ventaja:<\/strong> Alta capacidad de carga, maniobras estables y silenciosas en espacios reducidos, larga vida \u00fatil, resistencia al desgaste y a productos qu\u00edmicos<\/p>\n","protected":false},"featured_media":15421,"template":"","meta":[],"product_brand":[],"product_cat":[241,243,400],"product_tag":[],"class_list":{"0":"post-7711","1":"product","2":"type-product","3":"status-publish","4":"has-post-thumbnail","6":"product_cat-still","7":"product_cat-catal-tekeri-still","8":"product_cat-catal-tekeri","10":"first","11":"instock","12":"taxable","13":"shipping-taxable","14":"purchasable","15":"product-type-simple"},"_links":{"self":[{"href":"https:\/\/ceoparts.com\/es\/wp-json\/wp\/v2\/product\/7711","targetHints":{"allow":["GET"]}}],"collection":[{"href":"https:\/\/ceoparts.com\/es\/wp-json\/wp\/v2\/product"}],"about":[{"href":"https:\/\/ceoparts.com\/es\/wp-json\/wp\/v2\/types\/product"}],"wp:featuredmedia":[{"embeddable":true,"href":"https:\/\/ceoparts.com\/es\/wp-json\/wp\/v2\/media\/15421"}],"wp:attachment":[{"href":"https:\/\/ceoparts.com\/es\/wp-json\/wp\/v2\/media?parent=7711"}],"wp:term":[{"taxonomy":"product_brand","embeddable":true,"href":"https:\/\/ceoparts.com\/es\/wp-json\/wp\/v2\/product_brand?post=7711"},{"taxonomy":"product_cat","embeddable":true,"href":"https:\/\/ceoparts.com\/es\/wp-json\/wp\/v2\/product_cat?post=7711"},{"taxonomy":"product_tag","embeddable":true,"href":"https:\/\/ceoparts.com\/es\/wp-json\/wp\/v2\/product_tag?post=7711"}],"curies":[{"name":"wp","href":"https:\/\/api.w.org\/{rel}","templated":true}]}}