{"id":7724,"date":"2020-10-25T14:41:22","date_gmt":"2020-10-25T11:41:22","guid":{"rendered":"http:\/\/ceoparts.com\/?post_type=product&#038;p=7724"},"modified":"2026-05-16T14:00:47","modified_gmt":"2026-05-16T11:00:47","slug":"285x100-40-jung-50303244","status":"publish","type":"product","link":"https:\/\/ceoparts.com\/es\/urun\/285x100-40-jung-50303244\/","title":{"rendered":"285&#215;100-40 Jungheinrich Vulkoprin Ruedas de carga &#8211; 50303244, 50262621, 51078774"},"content":{"rendered":"<p>285&#215;100-40 Jungheinrich Vulkoprin Ruedas de carga &#8211; 50303244, 50262621, 51078774<\/p>\n<p>Jungheinrich 51078774, 50303244, 50262621, 129TA9789<\/p>\n<p>ETM\/V 214\/216 12.03 &#8211;<br \/>\nESE 420\/430 7.09 &#8211;<br \/>\nETM\/V 214\/216 (US) 1.11 &#8211;<\/p>","protected":false},"excerpt":{"rendered":"<p data-start=\"157\" data-end=\"1141\"><br data-start=\"6382\" data-end=\"6385\" \/>La Rueda de Carga 285\u00d7100-40 Jungheinrich Vulkoprin es una rueda de alta resistencia especialmente dise\u00f1ada para carretillas elevadoras y equipos de manipulaci\u00f3n de cargas pesadas. Con un di\u00e1metro de 285 mm, ancho de 100 mm y alojamiento de 40 mm, proporciona m\u00e1xima capacidad de carga y un desplazamiento estable en operaciones industriales y log\u00edsticas. El recubrimiento de poliuretano Vulkoprin de alta calidad ofrece excelente resistencia al desgaste, impactos y productos qu\u00edmicos. Totalmente compatible con maquinaria Jungheinrich, es una soluci\u00f3n fiable y duradera para almacenes, plantas de producci\u00f3n y entornos industriales.<br data-start=\"7019\" data-end=\"7022\" \/><strong data-start=\"7022\" data-end=\"7042\">Caracter\u00edsticas:<\/strong><br data-start=\"7042\" data-end=\"7045\" \/><strong data-start=\"7045\" data-end=\"7069\">Nombre del producto:<\/strong> Rueda de Carga 285\u00d7100-40 Jungheinrich Vulkoprin<br data-start=\"7118\" data-end=\"7121\" \/><strong data-start=\"7121\" data-end=\"7141\">C\u00f3digo de pieza:<\/strong> 50303244, 50262621, 51078774<br data-start=\"7170\" data-end=\"7173\" \/><strong data-start=\"7173\" data-end=\"7186\">Material:<\/strong> Vulkollan (poliuretano de alta densidad), n\u00facleo met\u00e1lico<br data-start=\"7244\" data-end=\"7247\" \/><strong data-start=\"7247\" data-end=\"7270\">\u00c1rea de aplicaci\u00f3n:<\/strong> Carretillas elevadoras y equipos de manipulaci\u00f3n Jungheinrich<br data-start=\"7332\" data-end=\"7335\" \/><strong data-start=\"7335\" data-end=\"7347\">Ventaja:<\/strong> Alta capacidad de carga, larga vida \u00fatil, resistencia al desgaste y a productos qu\u00edmicos, funcionamiento silencioso y estable<\/p>\n","protected":false},"featured_media":11011,"template":"","meta":[],"product_brand":[],"product_cat":[236,240,428,194],"product_tag":[],"class_list":{"0":"post-7724","1":"product","2":"type-product","3":"status-publish","4":"has-post-thumbnail","6":"product_cat-jungheinrich","7":"product_cat-yuk-tekeri-jungheinrich","8":"product_cat-yuk-tekeri-vulkoprin","9":"product_cat-yuk-tekeri","11":"first","12":"instock","13":"taxable","14":"shipping-taxable","15":"purchasable","16":"product-type-simple"},"_links":{"self":[{"href":"https:\/\/ceoparts.com\/es\/wp-json\/wp\/v2\/product\/7724","targetHints":{"allow":["GET"]}}],"collection":[{"href":"https:\/\/ceoparts.com\/es\/wp-json\/wp\/v2\/product"}],"about":[{"href":"https:\/\/ceoparts.com\/es\/wp-json\/wp\/v2\/types\/product"}],"wp:featuredmedia":[{"embeddable":true,"href":"https:\/\/ceoparts.com\/es\/wp-json\/wp\/v2\/media\/11011"}],"wp:attachment":[{"href":"https:\/\/ceoparts.com\/es\/wp-json\/wp\/v2\/media?parent=7724"}],"wp:term":[{"taxonomy":"product_brand","embeddable":true,"href":"https:\/\/ceoparts.com\/es\/wp-json\/wp\/v2\/product_brand?post=7724"},{"taxonomy":"product_cat","embeddable":true,"href":"https:\/\/ceoparts.com\/es\/wp-json\/wp\/v2\/product_cat?post=7724"},{"taxonomy":"product_tag","embeddable":true,"href":"https:\/\/ceoparts.com\/es\/wp-json\/wp\/v2\/product_tag?post=7724"}],"curies":[{"name":"wp","href":"https:\/\/api.w.org\/{rel}","templated":true}]}}