{"id":7849,"date":"2020-10-26T19:45:34","date_gmt":"2020-10-26T16:45:34","guid":{"rendered":"https:\/\/ceoparts.com\/?post_type=product&#038;p=7849"},"modified":"2026-05-16T17:39:32","modified_gmt":"2026-05-16T14:39:32","slug":"350x127-80-160-7b-bt-162602","status":"publish","type":"product","link":"https:\/\/ceoparts.com\/es\/urun\/350x127-80-160-7b-bt-162602\/","title":{"rendered":"350&#215;127-80 Wicke Vulkollan Rueda a pie &#8211; 162602 , 220403"},"content":{"rendered":"<p>350&#215;127-80 Wicke Vulkollan Rueda a pie &#8211; 162602 , 220403<\/p>\n<div class=\"font12\">C15 Vector<br \/>\nVCE 125ACSF<br \/>\nVCE 125ASF<br \/>\nVCE 150A<br \/>\nVCE 150AC<br \/>\nFR 2.7 FREFLAX AC<br \/>\nFRE 270<br \/>\nRR B4-B6 REFLEX AC<br \/>\nRR B4-B6 REFLEX DC<br \/>\nRR B4CC-6CC<br \/>\nRR B5-B6 REFLEX AC<br \/>\nRR B6<br \/>\nRR B7<br \/>\nRR B7-B8 REFLEX AC<br \/>\nRR B7-B8 REFLEX DC<br \/>\nRR B7CC-8CC<br \/>\nRR E4-E6 REFLEX AC<br \/>\nRR E4-E6 REFLEX DC<br \/>\nRR E4CC-E6CC<br \/>\nRR E5-E6 REFLEX AC<br \/>\nRR E6<br \/>\nRR E7<br \/>\nRR E7-E8 REFLEX AC<br \/>\nRR E7-E8 REFLEX DC<br \/>\nRR E7CC-E8CC<br \/>\nVR C<br \/>\nVR SF<br \/>\nVR SF C<br \/>\nVR VEFLEX<\/div>\n<div class=\"font12\"><\/div>\n<div class=\"font12\">RRE140\/E<br \/>\nRRE160\/E<br \/>\nRRE180\/E<br \/>\nRRE200\/E<br \/>\nRRE250\/<\/div>","protected":false},"excerpt":{"rendered":"<div>\n<p data-start=\"139\" data-end=\"1027\"><br data-start=\"5845\" data-end=\"5848\" \/>La Rueda Motriz 350\u00d7127-80 Wicke Vulkollan es una rueda duradera dise\u00f1ada para carretillas elevadoras y equipos industriales. El recubrimiento de Vulkollan ofrece alta resistencia al desgaste y excelente capacidad de carga. Con 350 mm de di\u00e1metro y 127 mm de ancho, proporciona una amplia superficie de contacto que mejora la estabilidad del equipo y reduce las vibraciones. Resistente a productos qu\u00edmicos, esta rueda garantiza un funcionamiento duradero y silencioso en almacenes, log\u00edstica y entornos de producci\u00f3n. Es una opci\u00f3n ideal que prioriza la comodidad del operador.<br data-start=\"6426\" data-end=\"6429\" \/><strong data-start=\"6429\" data-end=\"6449\">Caracter\u00edsticas:<\/strong><br data-start=\"6449\" data-end=\"6452\" \/><strong data-start=\"6452\" data-end=\"6476\">Nombre del producto:<\/strong> Rueda Motriz 350\u00d7127-80 Wicke Vulkollan<br data-start=\"6516\" data-end=\"6519\" \/><strong data-start=\"6519\" data-end=\"6540\">C\u00f3digos de pieza:<\/strong> 162602, 220403<br data-start=\"6555\" data-end=\"6558\" \/><strong data-start=\"6558\" data-end=\"6571\">Material:<\/strong> Recubrimiento de Vulkollan, n\u00facleo met\u00e1lico<br data-start=\"6615\" data-end=\"6618\" \/><strong data-start=\"6618\" data-end=\"6641\">\u00c1rea de aplicaci\u00f3n:<\/strong> Carretillas elevadoras y equipos industriales<br data-start=\"6687\" data-end=\"6690\" \/><strong data-start=\"6690\" data-end=\"6702\">Ventaja:<\/strong> Alta resistencia al desgaste, amplia superficie de contacto, reducci\u00f3n de vibraciones, resistencia qu\u00edmica, larga duraci\u00f3n<\/p>\n<\/div>\n","protected":false},"featured_media":11330,"template":"","meta":[],"product_brand":[],"product_cat":[254,401,404,251,193],"product_tag":[],"class_list":{"0":"post-7849","1":"product","2":"type-product","3":"status-publish","4":"has-post-thumbnail","6":"product_cat-yuruyus-tekeri-bt","7":"product_cat-wicke","8":"product_cat-yuruyus-tekeri-wicke","9":"product_cat-bt","10":"product_cat-yuruyus-tekeri","12":"first","13":"instock","14":"taxable","15":"shipping-taxable","16":"purchasable","17":"product-type-simple"},"_links":{"self":[{"href":"https:\/\/ceoparts.com\/es\/wp-json\/wp\/v2\/product\/7849","targetHints":{"allow":["GET"]}}],"collection":[{"href":"https:\/\/ceoparts.com\/es\/wp-json\/wp\/v2\/product"}],"about":[{"href":"https:\/\/ceoparts.com\/es\/wp-json\/wp\/v2\/types\/product"}],"wp:featuredmedia":[{"embeddable":true,"href":"https:\/\/ceoparts.com\/es\/wp-json\/wp\/v2\/media\/11330"}],"wp:attachment":[{"href":"https:\/\/ceoparts.com\/es\/wp-json\/wp\/v2\/media?parent=7849"}],"wp:term":[{"taxonomy":"product_brand","embeddable":true,"href":"https:\/\/ceoparts.com\/es\/wp-json\/wp\/v2\/product_brand?post=7849"},{"taxonomy":"product_cat","embeddable":true,"href":"https:\/\/ceoparts.com\/es\/wp-json\/wp\/v2\/product_cat?post=7849"},{"taxonomy":"product_tag","embeddable":true,"href":"https:\/\/ceoparts.com\/es\/wp-json\/wp\/v2\/product_tag?post=7849"}],"curies":[{"name":"wp","href":"https:\/\/api.w.org\/{rel}","templated":true}]}}