{"id":8253,"date":"2021-01-31T23:50:24","date_gmt":"2021-01-31T20:50:24","guid":{"rendered":"https:\/\/ceoparts.com\/?post_type=product&#038;p=8253"},"modified":"2026-05-16T15:01:32","modified_gmt":"2026-05-16T12:01:32","slug":"85x60-65-12-linde-0039903512","status":"publish","type":"product","link":"https:\/\/ceoparts.com\/es\/urun\/85x60-65-12-linde-0039903512\/","title":{"rendered":"85&#215;60\/65-12 Ceoparts Ruedas de carga Linde 0039903512"},"content":{"rendered":"<p>85&#215;60\/65-12 Ceoparts Ruedas de carga Linde 0039903512<\/p>\n<p>132 N20\/N24\/N20L\/N20LI<br \/>\n133 L12\/L14-L12L\/L14L-L12LHP<br \/>\n139 L12\/16R<br \/>\n141 L12L\/L12LP<br \/>\n149 N20\/N25\/N20L\/LI\/LX<br \/>\n149 N20V-N20VI<br \/>\n360 T16\/T18\/T20\/T16L<br \/>\n365 L14\/16\/L14AP\/16AP<br \/>\n372 L14\/16<br \/>\n372 L14\/16\/L14AP\/16AP<br \/>\n377 N20\/N20<br \/>\n379 L10\/12-L10\/12AS<br \/>\n1110 V08-01\/V08-02<br \/>\n1111 N20VI &#8211; N20VLI<br \/>\n1152 T16\/T18\/T20\/T16L<br \/>\n1172 L10\/L12\/L12i<\/p>","protected":false},"excerpt":{"rendered":"<p data-start=\"122\" data-end=\"629\"><br data-start=\"5936\" data-end=\"5939\" \/>La <strong data-start=\"5942\" data-end=\"5981\">Rueda de carga 85\u00d760\/65-12 Ceoparts<\/strong> es una rueda duradera y de alto rendimiento dise\u00f1ada especialmente para ser compatible con modelos de montacargas Linde. Cuenta con un n\u00facleo met\u00e1lico resistente y un recubrimiento de poliuretano resistente al desgaste para una larga vida \u00fatil. La amplia superficie de contacto asegura una distribuci\u00f3n equilibrada de la carga, permitiendo un funcionamiento estable, silencioso y sin vibraciones. Su dise\u00f1o compacto facilita la maniobrabilidad en espacios reducidos. Adecuada para aplicaciones industriales de almac\u00e9n y log\u00edstica.<\/p>\n<p data-start=\"6514\" data-end=\"6960\"><strong data-start=\"6514\" data-end=\"6533\">Caracter\u00edsticas<\/strong><br data-start=\"6533\" data-end=\"6536\" \/><strong data-start=\"6536\" data-end=\"6560\">Nombre del producto:<\/strong> Rueda de carga 85\u00d760\/65-12 Ceoparts<br data-start=\"6596\" data-end=\"6599\" \/><strong data-start=\"6599\" data-end=\"6619\">N\u00famero de pieza:<\/strong> 0039903512 (compatible con Linde)<br data-start=\"6653\" data-end=\"6656\" \/><strong data-start=\"6656\" data-end=\"6669\">Material:<\/strong> N\u00facleo met\u00e1lico resistente, recubrimiento de poliuretano resistente al desgaste<br data-start=\"6749\" data-end=\"6752\" \/><strong data-start=\"6752\" data-end=\"6767\">Aplicaci\u00f3n:<\/strong> Montacargas Linde y equipos de almac\u00e9n similares<br data-start=\"6816\" data-end=\"6819\" \/><strong data-start=\"6819\" data-end=\"6831\">Ventaja:<\/strong> Distribuci\u00f3n equilibrada de la carga, funcionamiento estable y silencioso, larga vida \u00fatil, dise\u00f1o compacto, f\u00e1cil instalaci\u00f3n<\/p>\n","protected":false},"featured_media":15964,"template":"","meta":[],"product_brand":[],"product_cat":[246,248,398,400],"product_tag":[],"class_list":{"0":"post-8253","1":"product","2":"type-product","3":"status-publish","4":"has-post-thumbnail","6":"product_cat-linde","7":"product_cat-catal-tekeri-linde","8":"product_cat-catal-tekeri-ceo","9":"product_cat-catal-tekeri","11":"first","12":"instock","13":"taxable","14":"shipping-taxable","15":"purchasable","16":"product-type-simple"},"_links":{"self":[{"href":"https:\/\/ceoparts.com\/es\/wp-json\/wp\/v2\/product\/8253","targetHints":{"allow":["GET"]}}],"collection":[{"href":"https:\/\/ceoparts.com\/es\/wp-json\/wp\/v2\/product"}],"about":[{"href":"https:\/\/ceoparts.com\/es\/wp-json\/wp\/v2\/types\/product"}],"wp:featuredmedia":[{"embeddable":true,"href":"https:\/\/ceoparts.com\/es\/wp-json\/wp\/v2\/media\/15964"}],"wp:attachment":[{"href":"https:\/\/ceoparts.com\/es\/wp-json\/wp\/v2\/media?parent=8253"}],"wp:term":[{"taxonomy":"product_brand","embeddable":true,"href":"https:\/\/ceoparts.com\/es\/wp-json\/wp\/v2\/product_brand?post=8253"},{"taxonomy":"product_cat","embeddable":true,"href":"https:\/\/ceoparts.com\/es\/wp-json\/wp\/v2\/product_cat?post=8253"},{"taxonomy":"product_tag","embeddable":true,"href":"https:\/\/ceoparts.com\/es\/wp-json\/wp\/v2\/product_tag?post=8253"}],"curies":[{"name":"wp","href":"https:\/\/api.w.org\/{rel}","templated":true}]}}