{"id":8340,"date":"2021-02-14T19:37:05","date_gmt":"2021-02-14T16:37:05","guid":{"rendered":"https:\/\/ceoparts.com\/?post_type=product&#038;p=8340"},"modified":"2026-05-03T06:41:31","modified_gmt":"2026-05-03T03:41:31","slug":"70x60-60-15-yuk-tekeri","status":"publish","type":"product","link":"https:\/\/ceoparts.com\/es\/urun\/70x60-60-15-yuk-tekeri\/","title":{"rendered":"70&#215;60\/60-15 Ceoparts Ruedas de carga"},"content":{"rendered":"<p>70&#215;60\/60-15 Ceoparts Ruedas de carga<\/p>\n<p>70&#215;60\/60-15 Ceoparts Ruedas de carga<\/p>\n<p>70&#215;60\/60-15 Ceoparts Ruedas de carga<\/p>\n<p>70&#215;60\/60-15 Ceoparts Ruedas de carga<\/p>\n<p>70&#215;60\/60-15 Ceoparts Ruedas de carga<\/p>\n<p>70&#215;60\/60-15 Ceoparts Ruedas de carga<\/p>","protected":false},"excerpt":{"rendered":"<p data-start=\"103\" data-end=\"602\"><br data-start=\"5740\" data-end=\"5743\" \/>La <strong data-start=\"5746\" data-end=\"5785\">Rueda de carga 70\u00d760\/60-15 Ceoparts<\/strong> es una rueda duradera y resistente dise\u00f1ada para montacargas y equipos de almac\u00e9n. Cuenta con un n\u00facleo met\u00e1lico robusto y un recubrimiento de poliuretano o caucho resistente para un rendimiento duradero. La amplia superficie de contacto asegura una distribuci\u00f3n equilibrada de la carga, permitiendo un funcionamiento estable, silencioso y sin vibraciones. Su dise\u00f1o compacto facilita la maniobrabilidad en espacios reducidos y una instalaci\u00f3n sencilla. Adecuada para aplicaciones industriales.<\/p>\n<p data-start=\"6282\" data-end=\"6696\"><strong data-start=\"6282\" data-end=\"6301\">Caracter\u00edsticas<\/strong><br data-start=\"6301\" data-end=\"6304\" \/><strong data-start=\"6304\" data-end=\"6328\">Nombre del producto:<\/strong> Rueda de carga 70\u00d760\/60-15 Ceoparts<br data-start=\"6364\" data-end=\"6367\" \/><strong data-start=\"6367\" data-end=\"6387\">N\u00famero de pieza:<\/strong> &#8211;<br data-start=\"6389\" data-end=\"6392\" \/><strong data-start=\"6392\" data-end=\"6405\">Material:<\/strong> N\u00facleo met\u00e1lico robusto, recubrimiento de poliuretano o caucho resistente<br data-start=\"6479\" data-end=\"6482\" \/><strong data-start=\"6482\" data-end=\"6497\">Aplicaci\u00f3n:<\/strong> Sistemas de carga para montacargas y equipos de almac\u00e9n<br data-start=\"6553\" data-end=\"6556\" \/><strong data-start=\"6556\" data-end=\"6568\">Ventaja:<\/strong> Distribuci\u00f3n equilibrada de la carga, funcionamiento estable y silencioso, larga duraci\u00f3n, dise\u00f1o compacto, f\u00e1cil instalaci\u00f3n<\/p>\n","protected":false},"featured_media":15527,"template":"","meta":[],"product_brand":[],"product_cat":[539,540],"product_tag":[],"class_list":{"0":"post-8340","1":"product","2":"type-product","3":"status-publish","4":"has-post-thumbnail","6":"product_cat-transpalet-tekeri","7":"product_cat-poliuretan-transpalet-tekeri","9":"first","10":"instock","11":"taxable","12":"shipping-taxable","13":"purchasable","14":"product-type-simple"},"_links":{"self":[{"href":"https:\/\/ceoparts.com\/es\/wp-json\/wp\/v2\/product\/8340","targetHints":{"allow":["GET"]}}],"collection":[{"href":"https:\/\/ceoparts.com\/es\/wp-json\/wp\/v2\/product"}],"about":[{"href":"https:\/\/ceoparts.com\/es\/wp-json\/wp\/v2\/types\/product"}],"wp:featuredmedia":[{"embeddable":true,"href":"https:\/\/ceoparts.com\/es\/wp-json\/wp\/v2\/media\/15527"}],"wp:attachment":[{"href":"https:\/\/ceoparts.com\/es\/wp-json\/wp\/v2\/media?parent=8340"}],"wp:term":[{"taxonomy":"product_brand","embeddable":true,"href":"https:\/\/ceoparts.com\/es\/wp-json\/wp\/v2\/product_brand?post=8340"},{"taxonomy":"product_cat","embeddable":true,"href":"https:\/\/ceoparts.com\/es\/wp-json\/wp\/v2\/product_cat?post=8340"},{"taxonomy":"product_tag","embeddable":true,"href":"https:\/\/ceoparts.com\/es\/wp-json\/wp\/v2\/product_tag?post=8340"}],"curies":[{"name":"wp","href":"https:\/\/api.w.org\/{rel}","templated":true}]}}