{"id":8350,"date":"2021-02-14T21:22:15","date_gmt":"2021-02-14T18:22:15","guid":{"rendered":"https:\/\/ceoparts.com\/?post_type=product&#038;p=8350"},"modified":"2026-05-16T20:33:15","modified_gmt":"2026-05-16T17:33:15","slug":"rll-003","status":"publish","type":"product","link":"https:\/\/ceoparts.com\/es\/urun\/rll-003\/","title":{"rendered":"70&#215;60\/60-20 Ceoparts Ruedas de carga"},"content":{"rendered":"<p>70&#215;60\/60-20 Ceoparts Ruedas de carga<\/p>\n<p>70&#215;60\/60-20 Ceoparts Ruedas de carga<\/p>\n<p>70&#215;60\/60-20 Ceoparts Ruedas de carga<\/p>\n<p>70&#215;60\/60-20 Ceoparts Ruedas de carga<\/p>\n<p>70&#215;60\/60-20 Ceoparts Ruedas de carga<\/p>\n<p>70&#215;60\/60-20 Ceoparts Ruedas de carga<\/p>","protected":false},"excerpt":{"rendered":"<p data-start=\"103\" data-end=\"583\"><br data-start=\"5843\" data-end=\"5846\" \/>La <strong data-start=\"5849\" data-end=\"5888\">Rueda de carga 70\u00d760\/60-20 Ceoparts<\/strong> es una rueda de alta calidad y duradera dise\u00f1ada para montacargas y equipos de almac\u00e9n. Cuenta con un n\u00facleo met\u00e1lico resistente y un recubrimiento de poliuretano o caucho resistente al desgaste para una larga vida \u00fatil. La amplia superficie de contacto asegura una distribuci\u00f3n equilibrada de la carga, permitiendo un funcionamiento estable, silencioso y sin vibraciones. Su dise\u00f1o compacto ofrece una excelente maniobrabilidad en espacios reducidos y una f\u00e1cil instalaci\u00f3n, lo que la hace ideal para aplicaciones industriales.<\/p>\n<p data-start=\"6419\" data-end=\"6849\"><strong data-start=\"6419\" data-end=\"6438\">Caracter\u00edsticas<\/strong><br data-start=\"6438\" data-end=\"6441\" \/><strong data-start=\"6441\" data-end=\"6465\">Nombre del producto:<\/strong> Rueda de carga 70\u00d760\/60-20 Ceoparts<br data-start=\"6501\" data-end=\"6504\" \/><strong data-start=\"6504\" data-end=\"6524\">N\u00famero de pieza:<\/strong> &#8211;<br data-start=\"6526\" data-end=\"6529\" \/><strong data-start=\"6529\" data-end=\"6542\">Material:<\/strong> N\u00facleo met\u00e1lico resistente, recubrimiento de poliuretano o caucho resistente al desgaste<br data-start=\"6631\" data-end=\"6634\" \/><strong data-start=\"6634\" data-end=\"6649\">Aplicaci\u00f3n:<\/strong> Sistemas de carga para montacargas y equipos de almac\u00e9n<br data-start=\"6705\" data-end=\"6708\" \/><strong data-start=\"6708\" data-end=\"6720\">Ventaja:<\/strong> Distribuci\u00f3n equilibrada de la carga, funcionamiento estable y silencioso, larga vida \u00fatil, dise\u00f1o compacto, f\u00e1cil instalaci\u00f3n<\/p>\n","protected":false},"featured_media":15527,"template":"","meta":[],"product_brand":[],"product_cat":[539,540],"product_tag":[],"class_list":{"0":"post-8350","1":"product","2":"type-product","3":"status-publish","4":"has-post-thumbnail","6":"product_cat-transpalet-tekeri","7":"product_cat-poliuretan-transpalet-tekeri","9":"first","10":"instock","11":"taxable","12":"shipping-taxable","13":"purchasable","14":"product-type-simple"},"_links":{"self":[{"href":"https:\/\/ceoparts.com\/es\/wp-json\/wp\/v2\/product\/8350","targetHints":{"allow":["GET"]}}],"collection":[{"href":"https:\/\/ceoparts.com\/es\/wp-json\/wp\/v2\/product"}],"about":[{"href":"https:\/\/ceoparts.com\/es\/wp-json\/wp\/v2\/types\/product"}],"wp:featuredmedia":[{"embeddable":true,"href":"https:\/\/ceoparts.com\/es\/wp-json\/wp\/v2\/media\/15527"}],"wp:attachment":[{"href":"https:\/\/ceoparts.com\/es\/wp-json\/wp\/v2\/media?parent=8350"}],"wp:term":[{"taxonomy":"product_brand","embeddable":true,"href":"https:\/\/ceoparts.com\/es\/wp-json\/wp\/v2\/product_brand?post=8350"},{"taxonomy":"product_cat","embeddable":true,"href":"https:\/\/ceoparts.com\/es\/wp-json\/wp\/v2\/product_cat?post=8350"},{"taxonomy":"product_tag","embeddable":true,"href":"https:\/\/ceoparts.com\/es\/wp-json\/wp\/v2\/product_tag?post=8350"}],"curies":[{"name":"wp","href":"https:\/\/api.w.org\/{rel}","templated":true}]}}