{"id":8356,"date":"2021-02-14T21:30:12","date_gmt":"2021-02-14T18:30:12","guid":{"rendered":"https:\/\/ceoparts.com\/?post_type=product&#038;p=8356"},"modified":"2026-05-16T15:14:31","modified_gmt":"2026-05-16T12:14:31","slug":"82x100-105-20-yuk-tekeri","status":"publish","type":"product","link":"https:\/\/ceoparts.com\/es\/urun\/82x100-105-20-yuk-tekeri\/","title":{"rendered":"82&#215;100\/105-20 Ceoparts Ruedas de carga"},"content":{"rendered":"<p>82&#215;100\/105-20 Ceoparts Ruedas de carga<\/p>\n<p>82&#215;100\/105-20 Ceoparts Ruedas de carga<\/p>","protected":false},"excerpt":{"rendered":"<p data-start=\"92\" data-end=\"586\"><br data-start=\"5953\" data-end=\"5956\" \/>La <strong data-start=\"5959\" data-end=\"6000\">Rueda de carga 82\u00d7100\/105-20 Ceoparts<\/strong> es una rueda duradera y de alta calidad dise\u00f1ada para la manipulaci\u00f3n de cargas medias y pesadas en montacargas y equipos de almac\u00e9n. Su amplia superficie de contacto asegura una distribuci\u00f3n equilibrada de la carga, contribuyendo a un funcionamiento estable y silencioso. Con un n\u00facleo met\u00e1lico resistente y un recubrimiento de poliuretano o caucho duradero, ofrece larga vida \u00fatil y un uso cuidadoso con el suelo. Su dise\u00f1o compacto garantiza excelente maniobrabilidad en espacios reducidos.<\/p>\n<p data-start=\"6496\" data-end=\"6966\"><strong data-start=\"6496\" data-end=\"6515\">Caracter\u00edsticas<\/strong><br data-start=\"6515\" data-end=\"6518\" \/><strong data-start=\"6518\" data-end=\"6542\">Nombre del producto:<\/strong> Rueda de carga 82\u00d7100\/105-20 Ceoparts<br data-start=\"6580\" data-end=\"6583\" \/><strong data-start=\"6583\" data-end=\"6603\">N\u00famero de pieza:<\/strong> &#8211;<br data-start=\"6605\" data-end=\"6608\" \/><strong data-start=\"6608\" data-end=\"6621\">Material:<\/strong> N\u00facleo met\u00e1lico resistente, recubrimiento de poliuretano o caucho duradero<br data-start=\"6696\" data-end=\"6699\" \/><strong data-start=\"6699\" data-end=\"6714\">Aplicaci\u00f3n:<\/strong> Sistemas de carga para montacargas y equipos de almac\u00e9n<br data-start=\"6770\" data-end=\"6773\" \/><strong data-start=\"6773\" data-end=\"6785\">Ventaja:<\/strong> Amplia superficie de contacto para distribuci\u00f3n equilibrada, funcionamiento estable y silencioso, larga vida \u00fatil, uso respetuoso con el suelo, dise\u00f1o compacto, f\u00e1cil instalaci\u00f3n<\/p>\n","protected":false},"featured_media":15540,"template":"","meta":[],"product_brand":[],"product_cat":[398,400],"product_tag":[],"class_list":{"0":"post-8356","1":"product","2":"type-product","3":"status-publish","4":"has-post-thumbnail","6":"product_cat-catal-tekeri-ceo","7":"product_cat-catal-tekeri","9":"first","10":"instock","11":"taxable","12":"shipping-taxable","13":"purchasable","14":"product-type-simple"},"_links":{"self":[{"href":"https:\/\/ceoparts.com\/es\/wp-json\/wp\/v2\/product\/8356","targetHints":{"allow":["GET"]}}],"collection":[{"href":"https:\/\/ceoparts.com\/es\/wp-json\/wp\/v2\/product"}],"about":[{"href":"https:\/\/ceoparts.com\/es\/wp-json\/wp\/v2\/types\/product"}],"wp:featuredmedia":[{"embeddable":true,"href":"https:\/\/ceoparts.com\/es\/wp-json\/wp\/v2\/media\/15540"}],"wp:attachment":[{"href":"https:\/\/ceoparts.com\/es\/wp-json\/wp\/v2\/media?parent=8356"}],"wp:term":[{"taxonomy":"product_brand","embeddable":true,"href":"https:\/\/ceoparts.com\/es\/wp-json\/wp\/v2\/product_brand?post=8356"},{"taxonomy":"product_cat","embeddable":true,"href":"https:\/\/ceoparts.com\/es\/wp-json\/wp\/v2\/product_cat?post=8356"},{"taxonomy":"product_tag","embeddable":true,"href":"https:\/\/ceoparts.com\/es\/wp-json\/wp\/v2\/product_tag?post=8356"}],"curies":[{"name":"wp","href":"https:\/\/api.w.org\/{rel}","templated":true}]}}