{"id":8357,"date":"2021-02-14T21:30:55","date_gmt":"2021-02-14T18:30:55","guid":{"rendered":"https:\/\/ceoparts.com\/?post_type=product&#038;p=8357"},"modified":"2026-05-16T17:07:05","modified_gmt":"2026-05-16T14:07:05","slug":"85x95-101-17-yuk-tekeri","status":"publish","type":"product","link":"https:\/\/ceoparts.com\/es\/urun\/85x95-101-17-yuk-tekeri\/","title":{"rendered":"85X95\/101-17 Ceoparts Ruedas de carga"},"content":{"rendered":"<p>85X95\/101-17 Ceoparts Ruedas de carga<\/p>","protected":false},"excerpt":{"rendered":"<p data-start=\"105\" data-end=\"638\"><br data-start=\"5728\" data-end=\"5731\" \/>La <strong data-start=\"5734\" data-end=\"5774\">Rueda de carga 85\u00d795\/101-17 Ceoparts<\/strong> est\u00e1 dise\u00f1ada para operaciones de manipulaci\u00f3n de carga media en montacargas y equipos de almac\u00e9n. Gracias a su superficie de contacto amplia y estructura compacta, asegura una distribuci\u00f3n equilibrada de la carga y un desplazamiento estable y silencioso del equipo. Fabricada con n\u00facleo met\u00e1lico resistente y recubrimiento de poliuretano o caucho duradero, proporciona larga vida \u00fatil y operaci\u00f3n sin vibraciones.<\/p>\n<p data-start=\"6191\" data-end=\"6659\"><strong data-start=\"6191\" data-end=\"6210\">Caracter\u00edsticas<\/strong><br data-start=\"6210\" data-end=\"6213\" \/><strong data-start=\"6213\" data-end=\"6237\">Nombre del producto:<\/strong> Rueda de carga 85\u00d795\/101-17 Ceoparts<br data-start=\"6274\" data-end=\"6277\" \/><strong data-start=\"6277\" data-end=\"6297\">N\u00famero de pieza:<\/strong> &#8211;<br data-start=\"6299\" data-end=\"6302\" \/><strong data-start=\"6302\" data-end=\"6315\">Material:<\/strong> N\u00facleo met\u00e1lico resistente, recubrimiento de poliuretano o caucho<br data-start=\"6381\" data-end=\"6384\" \/><strong data-start=\"6384\" data-end=\"6399\">Aplicaci\u00f3n:<\/strong> Sistemas de carga para montacargas y equipos de almac\u00e9n<br data-start=\"6455\" data-end=\"6458\" \/><strong data-start=\"6458\" data-end=\"6470\">Ventaja:<\/strong> Amplia superficie de contacto para distribuci\u00f3n uniforme, operaci\u00f3n silenciosa y sin vibraciones, larga vida \u00fatil, estructura respetuosa con el suelo, tama\u00f1o compacto y f\u00e1cil instalaci\u00f3n<\/p>\n","protected":false},"featured_media":16013,"template":"","meta":[],"product_brand":[],"product_cat":[398,400],"product_tag":[],"class_list":{"0":"post-8357","1":"product","2":"type-product","3":"status-publish","4":"has-post-thumbnail","6":"product_cat-catal-tekeri-ceo","7":"product_cat-catal-tekeri","9":"first","10":"instock","11":"taxable","12":"shipping-taxable","13":"purchasable","14":"product-type-simple"},"_links":{"self":[{"href":"https:\/\/ceoparts.com\/es\/wp-json\/wp\/v2\/product\/8357","targetHints":{"allow":["GET"]}}],"collection":[{"href":"https:\/\/ceoparts.com\/es\/wp-json\/wp\/v2\/product"}],"about":[{"href":"https:\/\/ceoparts.com\/es\/wp-json\/wp\/v2\/types\/product"}],"wp:featuredmedia":[{"embeddable":true,"href":"https:\/\/ceoparts.com\/es\/wp-json\/wp\/v2\/media\/16013"}],"wp:attachment":[{"href":"https:\/\/ceoparts.com\/es\/wp-json\/wp\/v2\/media?parent=8357"}],"wp:term":[{"taxonomy":"product_brand","embeddable":true,"href":"https:\/\/ceoparts.com\/es\/wp-json\/wp\/v2\/product_brand?post=8357"},{"taxonomy":"product_cat","embeddable":true,"href":"https:\/\/ceoparts.com\/es\/wp-json\/wp\/v2\/product_cat?post=8357"},{"taxonomy":"product_tag","embeddable":true,"href":"https:\/\/ceoparts.com\/es\/wp-json\/wp\/v2\/product_tag?post=8357"}],"curies":[{"name":"wp","href":"https:\/\/api.w.org\/{rel}","templated":true}]}}