{"id":8360,"date":"2021-02-14T21:37:46","date_gmt":"2021-02-14T18:37:46","guid":{"rendered":"https:\/\/ceoparts.com\/?post_type=product&#038;p=8360"},"modified":"2026-05-16T18:22:58","modified_gmt":"2026-05-16T15:22:58","slug":"85x45-45-20-yuk-tekeri","status":"publish","type":"product","link":"https:\/\/ceoparts.com\/es\/urun\/85x45-45-20-yuk-tekeri\/","title":{"rendered":"85&#215;45\/45-20 Ceoparts Ruedas de carga"},"content":{"rendered":"<p>85&#215;45\/45-20 Ceoparts Ruedas de carga<\/p>","protected":false},"excerpt":{"rendered":"<p data-start=\"99\" data-end=\"550\"><br data-start=\"5404\" data-end=\"5407\" \/>La <strong data-start=\"5410\" data-end=\"5449\">Rueda de carga 85\u00d745\/45-20 Ceoparts<\/strong> es una rueda duradera y respetuosa con el suelo, dise\u00f1ada para operaciones de carga ligeras y medias en montacargas y apiladores. Su estructura compacta ofrece una excelente maniobrabilidad en espacios reducidos. El recubrimiento de poliuretano o caucho de alta calidad asegura un funcionamiento silencioso y sin vibraciones. Fabricada con la calidad Ceoparts para un uso duradero y confiable.<\/p>\n<p data-start=\"5845\" data-end=\"6292\"><strong data-start=\"5845\" data-end=\"5864\">Caracter\u00edsticas<\/strong><br data-start=\"5864\" data-end=\"5867\" \/><strong data-start=\"5867\" data-end=\"5891\">Nombre del producto:<\/strong> Rueda de carga 85\u00d745\/45-20 Ceoparts<br data-start=\"5927\" data-end=\"5930\" \/><strong data-start=\"5930\" data-end=\"5950\">N\u00famero de pieza:<\/strong> &#8211;<br data-start=\"5952\" data-end=\"5955\" \/><strong data-start=\"5955\" data-end=\"5968\">Material:<\/strong> N\u00facleo met\u00e1lico resistente, recubrimiento de poliuretano o caucho<br data-start=\"6034\" data-end=\"6037\" \/><strong data-start=\"6037\" data-end=\"6052\">Aplicaci\u00f3n:<\/strong> Sistemas de carga para montacargas y apiladores<br data-start=\"6100\" data-end=\"6103\" \/><strong data-start=\"6103\" data-end=\"6115\">Ventaja:<\/strong> Estructura compacta, excelente maniobrabilidad en espacios reducidos, funcionamiento silencioso y sin vibraciones, respetuosa con el suelo, larga vida \u00fatil, f\u00e1cil instalaci\u00f3n<\/p>\n","protected":false},"featured_media":15952,"template":"","meta":[],"product_brand":[],"product_cat":[395,398,400],"product_tag":[],"class_list":{"0":"post-8360","1":"product","2":"type-product","3":"status-publish","4":"has-post-thumbnail","6":"product_cat-ceoparts","7":"product_cat-catal-tekeri-ceo","8":"product_cat-catal-tekeri","10":"first","11":"instock","12":"taxable","13":"shipping-taxable","14":"purchasable","15":"product-type-simple"},"_links":{"self":[{"href":"https:\/\/ceoparts.com\/es\/wp-json\/wp\/v2\/product\/8360","targetHints":{"allow":["GET"]}}],"collection":[{"href":"https:\/\/ceoparts.com\/es\/wp-json\/wp\/v2\/product"}],"about":[{"href":"https:\/\/ceoparts.com\/es\/wp-json\/wp\/v2\/types\/product"}],"wp:featuredmedia":[{"embeddable":true,"href":"https:\/\/ceoparts.com\/es\/wp-json\/wp\/v2\/media\/15952"}],"wp:attachment":[{"href":"https:\/\/ceoparts.com\/es\/wp-json\/wp\/v2\/media?parent=8360"}],"wp:term":[{"taxonomy":"product_brand","embeddable":true,"href":"https:\/\/ceoparts.com\/es\/wp-json\/wp\/v2\/product_brand?post=8360"},{"taxonomy":"product_cat","embeddable":true,"href":"https:\/\/ceoparts.com\/es\/wp-json\/wp\/v2\/product_cat?post=8360"},{"taxonomy":"product_tag","embeddable":true,"href":"https:\/\/ceoparts.com\/es\/wp-json\/wp\/v2\/product_tag?post=8360"}],"curies":[{"name":"wp","href":"https:\/\/api.w.org\/{rel}","templated":true}]}}