{"id":8363,"date":"2021-02-14T21:45:13","date_gmt":"2021-02-14T18:45:13","guid":{"rendered":"https:\/\/ceoparts.com\/?post_type=product&#038;p=8363"},"modified":"2026-05-16T17:29:58","modified_gmt":"2026-05-16T14:29:58","slug":"85x60-65-25-yuk-tekeri","status":"publish","type":"product","link":"https:\/\/ceoparts.com\/es\/urun\/85x60-65-25-yuk-tekeri\/","title":{"rendered":"85&#215;60\/65-25 Ceoparts Ruedas de carga &#8211; 27631400"},"content":{"rendered":"<p>85&#215;60\/65-25 Ceoparts Ruedas de carga &#8211; 27631400<\/p>\n<p>ECE 116\u00a0 4.04 &#8211; 7.06<br \/>\nECE 20\u00a0 3.93 &#8211; 8.97<br \/>\nECE 220\/225\u00a0 8.09 &#8211;<br \/>\nECE 225 HP\u00a0 12.07 &#8211;<\/p>\n<p>EJC 14\/16\u00a0 6.98 &#8211; 2.06<br \/>\nEJC-Z 12,5\u00a0 1.85 &#8211; 6.86<br \/>\nEJC-Z 12,5\u00a0 6.87 &#8211; 9.88<br \/>\nEJC-Z 12,5\u00a0 10.88 &#8211; 12.92<br \/>\nEJC-Z 12,5\u00a0 1.93 &#8211; 7.93<br \/>\nEJC-Z 12,5\/16\u00a0 7.94 &#8211; 6.96<br \/>\nEJC-Z 14\/16\u00a0 7.96 &#8211; 12.98<br \/>\nEJC-Z 16\u00a0 1.93 &#8211; 7.93<\/p>\n<p>EJD 16\u00a0 9.92 &#8211; 4.94<br \/>\nEJD 16\u00a0 5.91 &#8211; 12.91<br \/>\nEJD 16-4\u00a0 8.96 &#8211; 12.99<br \/>\nEJD 20-3\u00a0 5.94 &#8211; 10.94<br \/>\nEJD 20-3\u00a0 10.94 &#8211; 3.95<br \/>\nEJD 20-4\u00a0 4.95 &#8211; 12.01<br \/>\nEJD 20-4\u00a0 5.94 &#8211; 10.94<\/p>\n<p>EJE 12,5-16\u00a0 10.88 &#8211; 3.91<br \/>\nEJE 16-4\u00a0 1.00 &#8211;<br \/>\nEJE 16\/20\u00a0 9.92 &#8211; 7.93<br \/>\nEJE 16\/20\u00a0 9.92 &#8211; 7.93<br \/>\nEJE KMS 16\u00a0 10.93 &#8211; 10.99<br \/>\nEJE KMS 16\u00a0 1.00 &#8211; 2.04<br \/>\nEJE-L 14\u00a0 8.93 &#8211; 4.94<br \/>\nEJE\/-R 20\u00a0 9.92 &#8211; 7.93<br \/>\nEJE\/-R 20-24\u00a0 6.96 &#8211; 4.97<\/p>\n<p>EJG 06-10\u00a0 12.04 &#8211;<br \/>\nEJG 06-10 (PR)\u00a0 1.98 &#8211; 4.05<\/p>\n<p>EKC-Z\u00a0 5.04 &#8211; 12.04<br \/>\nEKC-Z 12,5 \/ 16\u00a0 2.95 &#8211; 12.99<br \/>\nEKC-Z 12,5 \/ 16\u00a0 1.00 &#8211; 4.04<\/p>\n<p>EKD 10-20\u00a0 5.95 &#8211; 12.99<\/p>\n<p>EKE 20\u00a0 5.94 &#8211; 5.97<\/p>\n<p>ERC-Z 12,5\u00a0 4.86 &#8211; 3.87<\/p>","protected":false},"excerpt":{"rendered":"<p data-start=\"115\" data-end=\"546\"><br data-start=\"5341\" data-end=\"5344\" \/>La <strong data-start=\"5347\" data-end=\"5386\">Rueda de carga 85\u00d760\/65-25 Ceoparts<\/strong> es una rueda de carga de alto rendimiento especialmente dise\u00f1ada para operaciones intensivas en montacargas y apiladores. Su n\u00facleo met\u00e1lico resistente y su recubrimiento de poliuretano o caucho de alta resistencia garantizan una m\u00e1xima durabilidad y funcionamiento silencioso. Su estructura respetuosa con el suelo reduce el desgaste y ofrece una excelente maniobrabilidad en espacios reducidos.<\/p>\n<p data-start=\"5785\" data-end=\"6221\"><strong data-start=\"5785\" data-end=\"5804\">Caracter\u00edsticas<\/strong><br data-start=\"5804\" data-end=\"5807\" \/><strong data-start=\"5807\" data-end=\"5831\">Nombre del producto:<\/strong> Rueda de carga 85\u00d760\/65-25 Ceoparts<br data-start=\"5867\" data-end=\"5870\" \/><strong data-start=\"5870\" data-end=\"5890\">N\u00famero de pieza:<\/strong> 27631400<br data-start=\"5899\" data-end=\"5902\" \/><strong data-start=\"5902\" data-end=\"5915\">Material:<\/strong> N\u00facleo met\u00e1lico resistente, recubrimiento de poliuretano o caucho<br data-start=\"5981\" data-end=\"5984\" \/><strong data-start=\"5984\" data-end=\"5999\">Aplicaci\u00f3n:<\/strong> Sistemas de carga para montacargas y apiladores<br data-start=\"6047\" data-end=\"6050\" \/><strong data-start=\"6050\" data-end=\"6062\">Ventaja:<\/strong> Alta capacidad de carga, larga vida \u00fatil, funcionamiento silencioso y sin vibraciones, estructura respetuosa con el suelo, f\u00e1cil instalaci\u00f3n y mantenimiento<\/p>\n","protected":false},"featured_media":15976,"template":"","meta":[],"product_brand":[],"product_cat":[398,400],"product_tag":[],"class_list":{"0":"post-8363","1":"product","2":"type-product","3":"status-publish","4":"has-post-thumbnail","6":"product_cat-catal-tekeri-ceo","7":"product_cat-catal-tekeri","9":"first","10":"instock","11":"taxable","12":"shipping-taxable","13":"purchasable","14":"product-type-simple"},"_links":{"self":[{"href":"https:\/\/ceoparts.com\/es\/wp-json\/wp\/v2\/product\/8363","targetHints":{"allow":["GET"]}}],"collection":[{"href":"https:\/\/ceoparts.com\/es\/wp-json\/wp\/v2\/product"}],"about":[{"href":"https:\/\/ceoparts.com\/es\/wp-json\/wp\/v2\/types\/product"}],"wp:featuredmedia":[{"embeddable":true,"href":"https:\/\/ceoparts.com\/es\/wp-json\/wp\/v2\/media\/15976"}],"wp:attachment":[{"href":"https:\/\/ceoparts.com\/es\/wp-json\/wp\/v2\/media?parent=8363"}],"wp:term":[{"taxonomy":"product_brand","embeddable":true,"href":"https:\/\/ceoparts.com\/es\/wp-json\/wp\/v2\/product_brand?post=8363"},{"taxonomy":"product_cat","embeddable":true,"href":"https:\/\/ceoparts.com\/es\/wp-json\/wp\/v2\/product_cat?post=8363"},{"taxonomy":"product_tag","embeddable":true,"href":"https:\/\/ceoparts.com\/es\/wp-json\/wp\/v2\/product_tag?post=8363"}],"curies":[{"name":"wp","href":"https:\/\/api.w.org\/{rel}","templated":true}]}}