{"id":8367,"date":"2021-02-14T22:23:47","date_gmt":"2021-02-14T19:23:47","guid":{"rendered":"https:\/\/ceoparts.com\/?post_type=product&#038;p=8367"},"modified":"2026-05-16T21:00:54","modified_gmt":"2026-05-16T18:00:54","slug":"85x70-75-12-yuk-tekeri","status":"publish","type":"product","link":"https:\/\/ceoparts.com\/es\/urun\/85x70-75-12-yuk-tekeri\/","title":{"rendered":"85&#215;70\/75-12 Ceoparts Ruedas de carga &#8211; 77800066 , 50454245"},"content":{"rendered":"<p>85&#215;70\/75-12 Ceoparts Ruedas de carga &#8211; 77800066 , 50454245<\/p>\n<p>EMC\/EMB 10 &#8211; 5.96 &#8211; 2.00<br \/>\nEMC 110 &#8211; 5.04 &#8211; 11.09<br \/>\nEMC 110 (US) &#8211; 10.06 &#8211;<br \/>\nEMC 10 (BOSS) &#8211; 3.00 &#8211; 12.01<\/p>","protected":false},"excerpt":{"rendered":"<p data-start=\"121\" data-end=\"562\"><br data-start=\"5134\" data-end=\"5137\" \/>La <strong data-start=\"5140\" data-end=\"5179\">Rueda de carga 85\u00d770\/75-12 Ceoparts<\/strong> es una rueda de carga de alto rendimiento y larga duraci\u00f3n, especialmente dise\u00f1ada para montacargas y apiladores. Fabricada por Ceoparts, cuenta con un n\u00facleo met\u00e1lico robusto y un recubrimiento de caucho o poliuretano resistente al desgaste, que garantiza un funcionamiento silencioso y sin vibraciones. Ideal para \u00e1reas estrechas y maniobras intensivas.<\/p>\n<p data-start=\"5537\" data-end=\"5962\"><strong data-start=\"5537\" data-end=\"5556\">Caracter\u00edsticas<\/strong><br data-start=\"5556\" data-end=\"5559\" \/><strong data-start=\"5559\" data-end=\"5583\">Nombre del producto:<\/strong> Rueda de carga 85\u00d770\/75-12 Ceoparts<br data-start=\"5619\" data-end=\"5622\" \/><strong data-start=\"5622\" data-end=\"5642\">N\u00famero de pieza:<\/strong> 77800066, 50454245<br data-start=\"5661\" data-end=\"5664\" \/><strong data-start=\"5664\" data-end=\"5677\">Material:<\/strong> N\u00facleo met\u00e1lico robusto, recubrimiento de caucho o poliuretano<br data-start=\"5740\" data-end=\"5743\" \/><strong data-start=\"5743\" data-end=\"5758\">Aplicaci\u00f3n:<\/strong> Sistemas de carga para montacargas y apiladores<br data-start=\"5806\" data-end=\"5809\" \/><strong data-start=\"5809\" data-end=\"5821\">Ventaja:<\/strong> Alta durabilidad, larga vida \u00fatil, funcionamiento silencioso y sin vibraciones, alta capacidad de carga, f\u00e1cil instalaci\u00f3n y mantenimiento<\/p>\n","protected":false},"featured_media":15991,"template":"","meta":[],"product_brand":[],"product_cat":[398,400],"product_tag":[],"class_list":{"0":"post-8367","1":"product","2":"type-product","3":"status-publish","4":"has-post-thumbnail","6":"product_cat-catal-tekeri-ceo","7":"product_cat-catal-tekeri","9":"first","10":"instock","11":"taxable","12":"shipping-taxable","13":"purchasable","14":"product-type-simple"},"_links":{"self":[{"href":"https:\/\/ceoparts.com\/es\/wp-json\/wp\/v2\/product\/8367","targetHints":{"allow":["GET"]}}],"collection":[{"href":"https:\/\/ceoparts.com\/es\/wp-json\/wp\/v2\/product"}],"about":[{"href":"https:\/\/ceoparts.com\/es\/wp-json\/wp\/v2\/types\/product"}],"wp:featuredmedia":[{"embeddable":true,"href":"https:\/\/ceoparts.com\/es\/wp-json\/wp\/v2\/media\/15991"}],"wp:attachment":[{"href":"https:\/\/ceoparts.com\/es\/wp-json\/wp\/v2\/media?parent=8367"}],"wp:term":[{"taxonomy":"product_brand","embeddable":true,"href":"https:\/\/ceoparts.com\/es\/wp-json\/wp\/v2\/product_brand?post=8367"},{"taxonomy":"product_cat","embeddable":true,"href":"https:\/\/ceoparts.com\/es\/wp-json\/wp\/v2\/product_cat?post=8367"},{"taxonomy":"product_tag","embeddable":true,"href":"https:\/\/ceoparts.com\/es\/wp-json\/wp\/v2\/product_tag?post=8367"}],"curies":[{"name":"wp","href":"https:\/\/api.w.org\/{rel}","templated":true}]}}