{"id":8368,"date":"2021-02-14T22:24:49","date_gmt":"2021-02-14T19:24:49","guid":{"rendered":"https:\/\/ceoparts.com\/?post_type=product&#038;p=8368"},"modified":"2026-05-16T11:48:13","modified_gmt":"2026-05-16T08:48:13","slug":"85x70-17-yuk-tekeri","status":"publish","type":"product","link":"https:\/\/ceoparts.com\/es\/urun\/85x70-17-yuk-tekeri\/","title":{"rendered":"85&#215;70\/75-17 Ceoparts Ruedas de carga &#8211; 167607 , 200968"},"content":{"rendered":"<p>85&#215;70\/75-17 Ceoparts Ruedas de carga &#8211; 167607 , 200968<\/p>\n<p>BT L2000<br \/>\nBT L23<br \/>\nBT OSE 120<br \/>\nBT HWE 100<br \/>\nBT LWE 140LEVIO<br \/>\nBT LWE 160 LEVIO<br \/>\nBT LWE 180<br \/>\nBT LWE 200 N<br \/>\nBT MP14<br \/>\nBT PPT 1400 MX<br \/>\nBT PPT 1600 MX<br \/>\nBT PPT 2000MMD<br \/>\nBT W18 Orion<br \/>\nBT W20N<\/p>","protected":false},"excerpt":{"rendered":"<p data-start=\"123\" data-end=\"564\"><br data-start=\"5286\" data-end=\"5289\" \/>La <strong data-start=\"5292\" data-end=\"5331\">Rueda de carga 85\u00d770\/75-17 Ceoparts<\/strong> es una rueda de carga de alta calidad dise\u00f1ada para operaciones intensivas en montacargas y apiladores. Fabricada por Ceoparts, cuenta con un n\u00facleo met\u00e1lico robusto y un recubrimiento de caucho o poliuretano resistente al desgaste, que garantiza un funcionamiento duradero, silencioso y estable. Ideal para zonas estrechas y entornos exigentes.<\/p>\n<p data-start=\"5679\" data-end=\"6110\"><strong data-start=\"5679\" data-end=\"5698\">Caracter\u00edsticas<\/strong><br data-start=\"5698\" data-end=\"5701\" \/><strong data-start=\"5701\" data-end=\"5725\">Nombre del producto:<\/strong> Rueda de carga 85\u00d770\/75-17 Ceoparts<br data-start=\"5761\" data-end=\"5764\" \/><strong data-start=\"5764\" data-end=\"5784\">N\u00famero de pieza:<\/strong> 167607, 200968<br data-start=\"5799\" data-end=\"5802\" \/><strong data-start=\"5802\" data-end=\"5815\">Material:<\/strong> N\u00facleo met\u00e1lico robusto, recubrimiento de caucho o poliuretano<br data-start=\"5878\" data-end=\"5881\" \/><strong data-start=\"5881\" data-end=\"5896\">Aplicaci\u00f3n:<\/strong> Sistema de carga para montacargas, apiladores y maquinaria pesada<br data-start=\"5962\" data-end=\"5965\" \/><strong data-start=\"5965\" data-end=\"5977\">Ventaja:<\/strong> Alta durabilidad, larga vida \u00fatil, funcionamiento silencioso y estable, alta capacidad de carga, f\u00e1cil instalaci\u00f3n y mantenimiento<\/p>\n","protected":false},"featured_media":15994,"template":"","meta":[],"product_brand":[],"product_cat":[251,253,398,400],"product_tag":[],"class_list":{"0":"post-8368","1":"product","2":"type-product","3":"status-publish","4":"has-post-thumbnail","6":"product_cat-bt","7":"product_cat-catal-tekeri-bt","8":"product_cat-catal-tekeri-ceo","9":"product_cat-catal-tekeri","11":"first","12":"instock","13":"taxable","14":"shipping-taxable","15":"purchasable","16":"product-type-simple"},"_links":{"self":[{"href":"https:\/\/ceoparts.com\/es\/wp-json\/wp\/v2\/product\/8368","targetHints":{"allow":["GET"]}}],"collection":[{"href":"https:\/\/ceoparts.com\/es\/wp-json\/wp\/v2\/product"}],"about":[{"href":"https:\/\/ceoparts.com\/es\/wp-json\/wp\/v2\/types\/product"}],"wp:featuredmedia":[{"embeddable":true,"href":"https:\/\/ceoparts.com\/es\/wp-json\/wp\/v2\/media\/15994"}],"wp:attachment":[{"href":"https:\/\/ceoparts.com\/es\/wp-json\/wp\/v2\/media?parent=8368"}],"wp:term":[{"taxonomy":"product_brand","embeddable":true,"href":"https:\/\/ceoparts.com\/es\/wp-json\/wp\/v2\/product_brand?post=8368"},{"taxonomy":"product_cat","embeddable":true,"href":"https:\/\/ceoparts.com\/es\/wp-json\/wp\/v2\/product_cat?post=8368"},{"taxonomy":"product_tag","embeddable":true,"href":"https:\/\/ceoparts.com\/es\/wp-json\/wp\/v2\/product_tag?post=8368"}],"curies":[{"name":"wp","href":"https:\/\/api.w.org\/{rel}","templated":true}]}}