{"id":8371,"date":"2021-02-14T22:30:12","date_gmt":"2021-02-14T19:30:12","guid":{"rendered":"https:\/\/ceoparts.com\/?post_type=product&#038;p=8371"},"modified":"2026-05-16T10:54:19","modified_gmt":"2026-05-16T07:54:19","slug":"85x70-75-25-yuk-tekeri","status":"publish","type":"product","link":"https:\/\/ceoparts.com\/es\/urun\/85x70-75-25-yuk-tekeri\/","title":{"rendered":"85&#215;70\/75-25 Ceoparts Ruedas de carga"},"content":{"rendered":"<p>85&#215;70\/75-25 Ceoparts Ruedas de carga<\/p>","protected":false},"excerpt":{"rendered":"<p data-start=\"94\" data-end=\"474\"><br data-start=\"4358\" data-end=\"4361\" \/>La <strong data-start=\"4364\" data-end=\"4403\">Rueda de carga 85\u00d770\/75-25 Ceoparts<\/strong> es una rueda de carga de alta durabilidad utilizada en montacargas y maquinaria pesada. Fabricada por Ceoparts, esta rueda cuenta con un n\u00facleo met\u00e1lico robusto con recubrimiento de caucho o poliuretano para un funcionamiento duradero, silencioso y seguro. Mejora la capacidad de carga del montacargas, ofreciendo estabilidad y eficiencia.<\/p>\n<p data-start=\"4745\" data-end=\"5037\"><strong data-start=\"4745\" data-end=\"4764\">Caracter\u00edsticas<\/strong><br data-start=\"4764\" data-end=\"4767\" \/><strong data-start=\"4767\" data-end=\"4780\">Material:<\/strong> N\u00facleo met\u00e1lico robusto, recubrimiento de caucho o poliuretano<br data-start=\"4843\" data-end=\"4846\" \/><strong data-start=\"4846\" data-end=\"4861\">Aplicaci\u00f3n:<\/strong> Sistema de carga para montacargas y maquinaria pesada<br data-start=\"4915\" data-end=\"4918\" \/><strong data-start=\"4918\" data-end=\"4930\">Ventaja:<\/strong> Alta durabilidad, larga vida \u00fatil, funcionamiento silencioso, alta capacidad de carga, f\u00e1cil instalaci\u00f3n<\/p>\n","protected":false},"featured_media":15425,"template":"","meta":[],"product_brand":[],"product_cat":[398,400],"product_tag":[],"class_list":{"0":"post-8371","1":"product","2":"type-product","3":"status-publish","4":"has-post-thumbnail","6":"product_cat-catal-tekeri-ceo","7":"product_cat-catal-tekeri","9":"first","10":"instock","11":"taxable","12":"shipping-taxable","13":"purchasable","14":"product-type-simple"},"_links":{"self":[{"href":"https:\/\/ceoparts.com\/es\/wp-json\/wp\/v2\/product\/8371","targetHints":{"allow":["GET"]}}],"collection":[{"href":"https:\/\/ceoparts.com\/es\/wp-json\/wp\/v2\/product"}],"about":[{"href":"https:\/\/ceoparts.com\/es\/wp-json\/wp\/v2\/types\/product"}],"wp:featuredmedia":[{"embeddable":true,"href":"https:\/\/ceoparts.com\/es\/wp-json\/wp\/v2\/media\/15425"}],"wp:attachment":[{"href":"https:\/\/ceoparts.com\/es\/wp-json\/wp\/v2\/media?parent=8371"}],"wp:term":[{"taxonomy":"product_brand","embeddable":true,"href":"https:\/\/ceoparts.com\/es\/wp-json\/wp\/v2\/product_brand?post=8371"},{"taxonomy":"product_cat","embeddable":true,"href":"https:\/\/ceoparts.com\/es\/wp-json\/wp\/v2\/product_cat?post=8371"},{"taxonomy":"product_tag","embeddable":true,"href":"https:\/\/ceoparts.com\/es\/wp-json\/wp\/v2\/product_tag?post=8371"}],"curies":[{"name":"wp","href":"https:\/\/api.w.org\/{rel}","templated":true}]}}