{"id":8374,"date":"2021-02-14T22:37:59","date_gmt":"2021-02-14T19:37:59","guid":{"rendered":"https:\/\/ceoparts.com\/?post_type=product&#038;p=8374"},"modified":"2026-05-16T11:44:27","modified_gmt":"2026-05-16T08:44:27","slug":"85x74-76-13-yuk-tekeri","status":"publish","type":"product","link":"https:\/\/ceoparts.com\/es\/urun\/85x74-76-13-yuk-tekeri\/","title":{"rendered":"85&#215;74\/76-13 Ceoparts Ruedas de carga &#8211; 220212"},"content":{"rendered":"<p>85&#215;74\/76-13 Ceoparts Ruedas de carga &#8211; 220212<\/p>\n<ul class=\"mb54_5r mp4t_0 m3h2_0 mryx_0 munh_0 mh36_16 mzaq_1\">\n<li>\n<p class=\"mgn2_14 mp0t_0a mqu1_21 mgmw_wo mli8_k4 mp4t_0 m3h2_0 mryx_0 munh_0 _1b0db_llr9c _1b0db_aqhL6\">\/ BT LPE 200<\/p>\n<\/li>\n<li>\n<p class=\"mgn2_14 mp0t_0a mqu1_21 mgmw_wo mli8_k4 mp4t_0 m3h2_0 mryx_0 munh_0 _1b0db_llr9c _1b0db_aqhL6\">\/ BT LWE 160<\/p>\n<\/li>\n<li>\n<p class=\"mgn2_14 mp0t_0a mqu1_21 mgmw_wo mli8_k4 mp4t_0 m3h2_0 mryx_0 munh_0 _1b0db_llr9c _1b0db_aqhL6\">\/ BT SWE 120<\/p>\n<\/li>\n<\/ul>","protected":false},"excerpt":{"rendered":"<p data-start=\"104\" data-end=\"509\"><br data-start=\"5028\" data-end=\"5031\" \/>La <strong data-start=\"5034\" data-end=\"5073\">Rueda de carga 85\u00d774\/76-13 Ceoparts<\/strong> es una rueda de carga duradera y de alta calidad utilizada en montacargas y maquinaria pesada. Fabricada bajo la confiable marca Ceoparts, esta rueda cuenta con un n\u00facleo met\u00e1lico robusto con recubrimiento de caucho o poliuretano, que ofrece una larga vida \u00fatil y funcionamiento silencioso. Mejora la capacidad de carga del montacargas, apoya la estabilidad y garantiza un uso seguro y eficiente.<\/p>\n<p data-start=\"5472\" data-end=\"5857\"><strong data-start=\"5472\" data-end=\"5491\">Caracter\u00edsticas<\/strong><br data-start=\"5491\" data-end=\"5494\" \/><strong data-start=\"5494\" data-end=\"5518\">Nombre del producto:<\/strong> Rueda de carga 85\u00d774\/76-13 Ceoparts<br data-start=\"5554\" data-end=\"5557\" \/><strong data-start=\"5557\" data-end=\"5577\">N\u00famero de pieza:<\/strong> 220212<br data-start=\"5584\" data-end=\"5587\" \/><strong data-start=\"5587\" data-end=\"5600\">Material:<\/strong> N\u00facleo met\u00e1lico robusto, recubrimiento de caucho o poliuretano<br data-start=\"5663\" data-end=\"5666\" \/><strong data-start=\"5666\" data-end=\"5681\">Aplicaci\u00f3n:<\/strong> Sistema de carga para montacargas y maquinaria pesada<br data-start=\"5735\" data-end=\"5738\" \/><strong data-start=\"5738\" data-end=\"5750\">Ventaja:<\/strong> Alta durabilidad, larga vida \u00fatil, funcionamiento silencioso, alta capacidad de carga, f\u00e1cil instalaci\u00f3n<\/p>\n<p>&nbsp;<\/p>\n","protected":false},"featured_media":15430,"template":"","meta":[],"product_brand":[],"product_cat":[251,253,398,400],"product_tag":[],"class_list":{"0":"post-8374","1":"product","2":"type-product","3":"status-publish","4":"has-post-thumbnail","6":"product_cat-bt","7":"product_cat-catal-tekeri-bt","8":"product_cat-catal-tekeri-ceo","9":"product_cat-catal-tekeri","11":"first","12":"instock","13":"taxable","14":"shipping-taxable","15":"purchasable","16":"product-type-simple"},"_links":{"self":[{"href":"https:\/\/ceoparts.com\/es\/wp-json\/wp\/v2\/product\/8374","targetHints":{"allow":["GET"]}}],"collection":[{"href":"https:\/\/ceoparts.com\/es\/wp-json\/wp\/v2\/product"}],"about":[{"href":"https:\/\/ceoparts.com\/es\/wp-json\/wp\/v2\/types\/product"}],"wp:featuredmedia":[{"embeddable":true,"href":"https:\/\/ceoparts.com\/es\/wp-json\/wp\/v2\/media\/15430"}],"wp:attachment":[{"href":"https:\/\/ceoparts.com\/es\/wp-json\/wp\/v2\/media?parent=8374"}],"wp:term":[{"taxonomy":"product_brand","embeddable":true,"href":"https:\/\/ceoparts.com\/es\/wp-json\/wp\/v2\/product_brand?post=8374"},{"taxonomy":"product_cat","embeddable":true,"href":"https:\/\/ceoparts.com\/es\/wp-json\/wp\/v2\/product_cat?post=8374"},{"taxonomy":"product_tag","embeddable":true,"href":"https:\/\/ceoparts.com\/es\/wp-json\/wp\/v2\/product_tag?post=8374"}],"curies":[{"name":"wp","href":"https:\/\/api.w.org\/{rel}","templated":true}]}}