{"id":8375,"date":"2021-02-14T22:38:57","date_gmt":"2021-02-14T19:38:57","guid":{"rendered":"https:\/\/ceoparts.com\/?post_type=product&#038;p=8375"},"modified":"2026-05-16T12:57:07","modified_gmt":"2026-05-16T09:57:07","slug":"85x74-76-17-yuk-tekeri","status":"publish","type":"product","link":"https:\/\/ceoparts.com\/es\/urun\/85x74-76-17-yuk-tekeri\/","title":{"rendered":"85&#215;74\/76-17 Ceoparts Ruedas de carga &#8211; 167607"},"content":{"rendered":"<p>85&#215;74\/76-17 Ceoparts Ruedas de carga &#8211; 167607<\/p>\n<p>BT L2000<br \/>\nBT L23<br \/>\nBT OSE 120<br \/>\nBT HWE 100<br \/>\nBT LWE 140LEVIO<br \/>\nBT LWE 160 LEVIO<br \/>\nBT LWE 180<br \/>\nBT LWE 200 N<br \/>\nBT MP14<br \/>\nBT PPT 1400 MX<br \/>\nBT PPT 1600 MX<br \/>\nBT PPT 2000MMD<br \/>\nBT W18 Orion<br \/>\nBT W20N<\/p>","protected":false},"excerpt":{"rendered":"<p data-start=\"103\" data-end=\"494\"><br data-start=\"4892\" data-end=\"4895\" \/>La <strong data-start=\"4898\" data-end=\"4937\">Rueda de carga 85\u00d774\/76-17 Ceoparts<\/strong> es una rueda de carga de alta calidad y duradera utilizada en montacargas y maquinaria pesada. Fabricada bajo la confiable marca Ceoparts, esta rueda cuenta con un n\u00facleo met\u00e1lico robusto con recubrimiento de caucho o poliuretano que ofrece una larga vida \u00fatil y funcionamiento silencioso. Soporta la capacidad de carga del montacargas, garantizando un uso seguro y eficiente.<\/p>\n<p data-start=\"5316\" data-end=\"5699\"><strong data-start=\"5316\" data-end=\"5335\">Caracter\u00edsticas<\/strong><br data-start=\"5335\" data-end=\"5338\" \/><strong data-start=\"5338\" data-end=\"5362\">Nombre del producto:<\/strong> Rueda de carga 85\u00d774\/76-17 Ceoparts<br data-start=\"5398\" data-end=\"5401\" \/><strong data-start=\"5401\" data-end=\"5421\">N\u00famero de pieza:<\/strong> 167607<br data-start=\"5428\" data-end=\"5431\" \/><strong data-start=\"5431\" data-end=\"5444\">Material:<\/strong> N\u00facleo met\u00e1lico robusto, recubrimiento de caucho o poliuretano<br data-start=\"5507\" data-end=\"5510\" \/><strong data-start=\"5510\" data-end=\"5525\">Aplicaci\u00f3n:<\/strong> Rueda de carga para montacargas y maquinaria pesada<br data-start=\"5577\" data-end=\"5580\" \/><strong data-start=\"5580\" data-end=\"5592\">Ventaja:<\/strong> Alta durabilidad, larga vida \u00fatil, funcionamiento silencioso, alta capacidad de carga, f\u00e1cil instalaci\u00f3n<\/p>\n<p>&nbsp;<\/p>\n","protected":false},"featured_media":15432,"template":"","meta":[],"product_brand":[],"product_cat":[251,253,398,400],"product_tag":[],"class_list":{"0":"post-8375","1":"product","2":"type-product","3":"status-publish","4":"has-post-thumbnail","6":"product_cat-bt","7":"product_cat-catal-tekeri-bt","8":"product_cat-catal-tekeri-ceo","9":"product_cat-catal-tekeri","11":"first","12":"instock","13":"taxable","14":"shipping-taxable","15":"purchasable","16":"product-type-simple"},"_links":{"self":[{"href":"https:\/\/ceoparts.com\/es\/wp-json\/wp\/v2\/product\/8375","targetHints":{"allow":["GET"]}}],"collection":[{"href":"https:\/\/ceoparts.com\/es\/wp-json\/wp\/v2\/product"}],"about":[{"href":"https:\/\/ceoparts.com\/es\/wp-json\/wp\/v2\/types\/product"}],"wp:featuredmedia":[{"embeddable":true,"href":"https:\/\/ceoparts.com\/es\/wp-json\/wp\/v2\/media\/15432"}],"wp:attachment":[{"href":"https:\/\/ceoparts.com\/es\/wp-json\/wp\/v2\/media?parent=8375"}],"wp:term":[{"taxonomy":"product_brand","embeddable":true,"href":"https:\/\/ceoparts.com\/es\/wp-json\/wp\/v2\/product_brand?post=8375"},{"taxonomy":"product_cat","embeddable":true,"href":"https:\/\/ceoparts.com\/es\/wp-json\/wp\/v2\/product_cat?post=8375"},{"taxonomy":"product_tag","embeddable":true,"href":"https:\/\/ceoparts.com\/es\/wp-json\/wp\/v2\/product_tag?post=8375"}],"curies":[{"name":"wp","href":"https:\/\/api.w.org\/{rel}","templated":true}]}}