{"id":8378,"date":"2021-02-14T22:46:13","date_gmt":"2021-02-14T19:46:13","guid":{"rendered":"https:\/\/ceoparts.com\/?post_type=product&#038;p=8378"},"modified":"2026-05-03T04:29:23","modified_gmt":"2026-05-03T01:29:23","slug":"85x75-80-20-yuk-tekeri","status":"publish","type":"product","link":"https:\/\/ceoparts.com\/es\/urun\/85x75-80-20-yuk-tekeri\/","title":{"rendered":"85&#215;75\/80-20 Ceoparts Ruedas de carga &#8211; 0009903531"},"content":{"rendered":"<p>85&#215;75\/80-20 Ceoparts Ruedas de carga &#8211; 0009903531<\/p>\n<p>LINDE 0009903531<\/p>\n<p>140\u00a0T20R<\/p>\n<p>141\u00a0T20AP<br \/>\n141\u00a0T20\/30<\/p>\n<p>144\u00a0T20S\/T20SF<\/p>\n<p>149\u00a0N20\/N25\/N20L\/LI\/LX<br \/>\n149\u00a0N20V-N20VI<\/p>\n<p>360\u00a0T16\/T18\/T20\/T16L<\/p>","protected":false},"excerpt":{"rendered":"<p data-start=\"107\" data-end=\"499\"><br data-start=\"4777\" data-end=\"4780\" \/>La <strong data-start=\"4783\" data-end=\"4822\">Rueda de carga 85\u00d775\/80-20 Ceoparts<\/strong> es una rueda robusta y de alto rendimiento utilizada en montacargas y equipos de almac\u00e9n. Su cuerpo de aleaci\u00f3n met\u00e1lica resistente y su recubrimiento de caucho resistente al desgaste garantizan un uso duradero y silencioso. Ofrece excelente estabilidad y maniobrabilidad en condiciones de trabajo dif\u00edciles. Ideal para log\u00edstica, producci\u00f3n y entornos industriales.<\/p>\n<p data-start=\"5191\" data-end=\"5579\"><strong data-start=\"5191\" data-end=\"5210\">Caracter\u00edsticas<\/strong><br data-start=\"5210\" data-end=\"5213\" \/><strong data-start=\"5213\" data-end=\"5237\">Nombre del producto:<\/strong> Rueda de carga 85\u00d775\/80-20 Ceoparts<br data-start=\"5273\" data-end=\"5276\" \/><strong data-start=\"5276\" data-end=\"5296\">N\u00famero de pieza:<\/strong> 0009903531<br data-start=\"5307\" data-end=\"5310\" \/><strong data-start=\"5310\" data-end=\"5323\">Material:<\/strong> Caucho resistente al desgaste y aleaci\u00f3n met\u00e1lica robusta<br data-start=\"5381\" data-end=\"5384\" \/><strong data-start=\"5384\" data-end=\"5399\">Aplicaci\u00f3n:<\/strong> Sistemas de manipulaci\u00f3n y estabilizaci\u00f3n de cargas para montacargas<br data-start=\"5468\" data-end=\"5471\" \/><strong data-start=\"5471\" data-end=\"5483\">Ventaja:<\/strong> Alta durabilidad, funcionamiento silencioso y equilibrado, larga vida \u00fatil, f\u00e1cil instalaci\u00f3n<\/p>\n","protected":false},"featured_media":20185,"template":"","meta":[],"product_brand":[],"product_cat":[248,398,400,246],"product_tag":[],"class_list":{"0":"post-8378","1":"product","2":"type-product","3":"status-publish","4":"has-post-thumbnail","6":"product_cat-catal-tekeri-linde","7":"product_cat-catal-tekeri-ceo","8":"product_cat-catal-tekeri","9":"product_cat-linde","11":"first","12":"instock","13":"taxable","14":"shipping-taxable","15":"purchasable","16":"product-type-simple"},"_links":{"self":[{"href":"https:\/\/ceoparts.com\/es\/wp-json\/wp\/v2\/product\/8378","targetHints":{"allow":["GET"]}}],"collection":[{"href":"https:\/\/ceoparts.com\/es\/wp-json\/wp\/v2\/product"}],"about":[{"href":"https:\/\/ceoparts.com\/es\/wp-json\/wp\/v2\/types\/product"}],"wp:featuredmedia":[{"embeddable":true,"href":"https:\/\/ceoparts.com\/es\/wp-json\/wp\/v2\/media\/20185"}],"wp:attachment":[{"href":"https:\/\/ceoparts.com\/es\/wp-json\/wp\/v2\/media?parent=8378"}],"wp:term":[{"taxonomy":"product_brand","embeddable":true,"href":"https:\/\/ceoparts.com\/es\/wp-json\/wp\/v2\/product_brand?post=8378"},{"taxonomy":"product_cat","embeddable":true,"href":"https:\/\/ceoparts.com\/es\/wp-json\/wp\/v2\/product_cat?post=8378"},{"taxonomy":"product_tag","embeddable":true,"href":"https:\/\/ceoparts.com\/es\/wp-json\/wp\/v2\/product_tag?post=8378"}],"curies":[{"name":"wp","href":"https:\/\/api.w.org\/{rel}","templated":true}]}}