{"id":8382,"date":"2021-02-14T22:55:21","date_gmt":"2021-02-14T19:55:21","guid":{"rendered":"https:\/\/ceoparts.com\/?post_type=product&#038;p=8382"},"modified":"2026-05-16T14:02:08","modified_gmt":"2026-05-16T11:02:08","slug":"85x80-85-20-yuk-tekeri","status":"publish","type":"product","link":"https:\/\/ceoparts.com\/es\/urun\/85x80-85-20-yuk-tekeri\/","title":{"rendered":"85&#215;80\/85-20 Ceoparts Ruedas de carga &#8211; 0009903524"},"content":{"rendered":"<p>85&#215;80\/85-20 Ceoparts Ruedas de carga &#8211; 0009903524<\/p>\n<table border=\"0\" width=\"229\" cellspacing=\"0\" cellpadding=\"0\">\n<colgroup><\/colgroup>\n<colgroup>\n<col width=\"81\" \/>\n<col width=\"148\" \/><\/colgroup>\n<tbody>\n<tr>\n<td class=\"xl63\" width=\"81\" height=\"20\"><span style=\"font-family: tim;\">BR<\/span><\/td>\n<td class=\"xl63\" width=\"148\"><span style=\"font-family: tim;\">Typ<\/span><\/td>\n<\/tr>\n<tr>\n<td class=\"xl63\" height=\"20\"><span style=\"font-family: tim;\">134<\/span><\/td>\n<td class=\"xl63\"><span style=\"font-family: tim;\">L 20 L\/LP<\/span><\/td>\n<\/tr>\n<tr>\n<td class=\"xl63\" height=\"20\"><span style=\"font-family: tim;\">1111<\/span><\/td>\n<td class=\"xl63\"><span style=\"font-family: tim;\">N20VI &#8211; N20VLI<\/span><\/td>\n<\/tr>\n<tr>\n<td class=\"xl63\" height=\"20\"><span style=\"font-family: tim;\">1151<\/span><\/td>\n<td class=\"xl63\"><span style=\"font-family: tim;\">T16\/T16P\/T20\/T20P<\/span><\/td>\n<\/tr>\n<tr>\n<td class=\"xl63\" height=\"20\"><span style=\"font-family: tim;\">1152<\/span><\/td>\n<td class=\"xl63\"><span style=\"font-family: tim;\">T16\/T18\/T20\/T16L<\/span><\/td>\n<\/tr>\n<tr>\n<td class=\"xl63\" height=\"20\"><span style=\"font-family: tim;\">131<\/span><\/td>\n<td class=\"xl63\"><span style=\"font-family: tim;\">T20AP\/T20SP<\/span><\/td>\n<\/tr>\n<tr>\n<td class=\"xl63\" height=\"20\"><span style=\"font-family: tim;\">131<\/span><\/td>\n<td class=\"xl63\"><span style=\"font-family: tim;\">T30<\/span><\/td>\n<\/tr>\n<tr>\n<td class=\"xl63\" height=\"20\"><span style=\"font-family: tim;\">132<\/span><\/td>\n<td class=\"xl63\"><span style=\"font-family: tim;\">N20\/N24\/N20L\/N20LI<\/span><\/td>\n<\/tr>\n<tr>\n<td class=\"xl63\" height=\"20\"><span style=\"font-family: tim;\">138<\/span><\/td>\n<td class=\"xl63\"><span style=\"font-family: tim;\">L 12\/16<\/span><\/td>\n<\/tr>\n<tr>\n<td class=\"xl63\" height=\"20\"><span style=\"font-family: tim;\">138<\/span><\/td>\n<td class=\"xl63\"><span style=\"font-family: tim;\">L 12\/16<\/span><\/td>\n<\/tr>\n<tr>\n<td class=\"xl63\" height=\"20\"><span style=\"font-family: tim;\">139<\/span><\/td>\n<td class=\"xl63\"><span style=\"font-family: tim;\">L 12\/16 S<\/span><\/td>\n<\/tr>\n<tr>\n<td class=\"xl63\" height=\"20\"><span style=\"font-family: tim;\">139<\/span><\/td>\n<td class=\"xl63\"><span style=\"font-family: tim;\">L 12\/16 S<\/span><\/td>\n<\/tr>\n<tr>\n<td class=\"xl63\" height=\"20\"><span style=\"font-family: tim;\">139<\/span><\/td>\n<td class=\"xl63\"><span style=\"font-family: tim;\">L 12\/16 S<\/span><\/td>\n<\/tr>\n<tr>\n<td class=\"xl63\" height=\"20\"><span style=\"font-family: tim;\">139<\/span><\/td>\n<td class=\"xl63\"><span style=\"font-family: tim;\">L 12\/16 R<\/span><\/td>\n<\/tr>\n<tr>\n<td class=\"xl63\" height=\"20\"><span style=\"font-family: tim;\">139<\/span><\/td>\n<td class=\"xl63\"><span style=\"font-family: tim;\">L 12\/16 R<\/span><\/td>\n<\/tr>\n<tr>\n<td class=\"xl63\" height=\"20\"><span style=\"font-family: tim;\">139<\/span><\/td>\n<td class=\"xl63\"><span style=\"font-family: tim;\">L 12\/16 R<\/span><\/td>\n<\/tr>\n<tr>\n<td class=\"xl63\" height=\"20\"><span style=\"font-family: tim;\">140<\/span><\/td>\n<td class=\"xl63\"><span style=\"font-family: tim;\">T20R<\/span><\/td>\n<\/tr>\n<tr>\n<td class=\"xl63\" height=\"20\"><span style=\"font-family: tim;\">141<\/span><\/td>\n<td class=\"xl63\"><span style=\"font-family: tim;\">T20AP<\/span><\/td>\n<\/tr>\n<tr>\n<td class=\"xl63\" height=\"20\"><span style=\"font-family: tim;\">141<\/span><\/td>\n<td class=\"xl63\"><span style=\"font-family: tim;\">T20AP<\/span><\/td>\n<\/tr>\n<tr>\n<td class=\"xl63\" height=\"20\"><span style=\"font-family: tim;\">141<\/span><\/td>\n<td class=\"xl63\"><span style=\"font-family: tim;\">T20\/30<\/span><\/td>\n<\/tr>\n<tr>\n<td class=\"xl63\" height=\"20\"><span style=\"font-family: tim;\">142<\/span><\/td>\n<td class=\"xl63\"><span style=\"font-family: tim;\">T20 S01\/S02<\/span><\/td>\n<\/tr>\n<tr>\n<td class=\"xl63\" height=\"20\"><span style=\"font-family: tim;\">144<\/span><\/td>\n<td class=\"xl63\"><span style=\"font-family: tim;\">T20S\/T20SF<\/span><\/td>\n<\/tr>\n<tr>\n<td class=\"xl63\" height=\"20\"><span style=\"font-family: tim;\">149<\/span><\/td>\n<td class=\"xl63\"><span style=\"font-family: tim;\">N20\/N25\/N20L\/LI\/LX<\/span><\/td>\n<\/tr>\n<tr>\n<td class=\"xl63\" height=\"20\"><span style=\"font-family: tim;\">149<\/span><\/td>\n<td class=\"xl63\"><span style=\"font-family: tim;\">N20V-N20VI<\/span><\/td>\n<\/tr>\n<tr>\n<td class=\"xl63\" height=\"20\"><span style=\"font-family: tim;\">360<\/span><\/td>\n<td class=\"xl63\"><span style=\"font-family: tim;\">T16\/T18\/T20\/T16L<\/span><\/td>\n<\/tr>\n<\/tbody>\n<\/table>\n<p>&nbsp;<\/p>\n<p>Crown<\/p>\n<p>WP2300S , WP2300, WP2000S, WP2000<\/p>","protected":false},"excerpt":{"rendered":"<p data-start=\"111\" data-end=\"604\"><br data-start=\"5416\" data-end=\"5419\" \/>La <strong data-start=\"5422\" data-end=\"5461\">Rueda de carga 85\u00d780\/85-20 Ceoparts<\/strong> es una rueda de carga de alta calidad y gran resistencia dise\u00f1ada para montacargas y veh\u00edculos de almac\u00e9n. Su n\u00facleo de aleaci\u00f3n met\u00e1lica resistente y su recubrimiento de caucho especial aseguran un funcionamiento silencioso, estable y sin vibraciones incluso en condiciones de trabajo intensas. Su alta capacidad de carga y excelente agarre mejoran la maniobrabilidad y seguridad del montacargas. Ideal para almacenes, instalaciones log\u00edsticas y entornos industriales.<\/p>\n<p data-start=\"5933\" data-end=\"6304\"><strong data-start=\"5933\" data-end=\"5952\">Caracter\u00edsticas<\/strong><br data-start=\"5952\" data-end=\"5955\" \/><strong data-start=\"5955\" data-end=\"5979\">Nombre del producto:<\/strong> Rueda de carga 85\u00d780\/85-20 Ceoparts<br data-start=\"6015\" data-end=\"6018\" \/><strong data-start=\"6018\" data-end=\"6038\">N\u00famero de pieza:<\/strong> 0009903524<br data-start=\"6049\" data-end=\"6052\" \/><strong data-start=\"6052\" data-end=\"6065\">Material:<\/strong> Caucho resistente al desgaste y aleaci\u00f3n met\u00e1lica<br data-start=\"6115\" data-end=\"6118\" \/><strong data-start=\"6118\" data-end=\"6133\">Aplicaci\u00f3n:<\/strong> Sistemas de carga para montacargas<br data-start=\"6168\" data-end=\"6171\" \/><strong data-start=\"6171\" data-end=\"6183\">Ventaja:<\/strong> Alta resistencia a impactos y desgaste, funcionamiento silencioso y equilibrado, larga vida \u00fatil, instalaci\u00f3n sencilla<\/p>\n","protected":false},"featured_media":20192,"template":"","meta":[],"product_brand":[],"product_cat":[398,400,272,274],"product_tag":[],"class_list":{"0":"post-8382","1":"product","2":"type-product","3":"status-publish","4":"has-post-thumbnail","6":"product_cat-catal-tekeri-ceo","7":"product_cat-catal-tekeri","8":"product_cat-crown","9":"product_cat-catal-tekeri-crown","11":"first","12":"instock","13":"taxable","14":"shipping-taxable","15":"purchasable","16":"product-type-simple"},"_links":{"self":[{"href":"https:\/\/ceoparts.com\/es\/wp-json\/wp\/v2\/product\/8382","targetHints":{"allow":["GET"]}}],"collection":[{"href":"https:\/\/ceoparts.com\/es\/wp-json\/wp\/v2\/product"}],"about":[{"href":"https:\/\/ceoparts.com\/es\/wp-json\/wp\/v2\/types\/product"}],"wp:featuredmedia":[{"embeddable":true,"href":"https:\/\/ceoparts.com\/es\/wp-json\/wp\/v2\/media\/20192"}],"wp:attachment":[{"href":"https:\/\/ceoparts.com\/es\/wp-json\/wp\/v2\/media?parent=8382"}],"wp:term":[{"taxonomy":"product_brand","embeddable":true,"href":"https:\/\/ceoparts.com\/es\/wp-json\/wp\/v2\/product_brand?post=8382"},{"taxonomy":"product_cat","embeddable":true,"href":"https:\/\/ceoparts.com\/es\/wp-json\/wp\/v2\/product_cat?post=8382"},{"taxonomy":"product_tag","embeddable":true,"href":"https:\/\/ceoparts.com\/es\/wp-json\/wp\/v2\/product_tag?post=8382"}],"curies":[{"name":"wp","href":"https:\/\/api.w.org\/{rel}","templated":true}]}}