{"id":8388,"date":"2021-02-14T23:02:59","date_gmt":"2021-02-14T20:02:59","guid":{"rendered":"https:\/\/ceoparts.com\/?post_type=product&#038;p=8388"},"modified":"2026-05-16T18:37:35","modified_gmt":"2026-05-16T15:37:35","slug":"85x85-90-17-yuk-tekeri","status":"publish","type":"product","link":"https:\/\/ceoparts.com\/es\/urun\/85x85-90-17-yuk-tekeri\/","title":{"rendered":"85&#215;85\/90-17 Ceoparts Ruedas de carga"},"content":{"rendered":"<p>85&#215;85\/90-17 Ceoparts Ruedas de carga<\/p>","protected":false},"excerpt":{"rendered":"<p data-start=\"99\" data-end=\"605\"><br data-start=\"5605\" data-end=\"5608\" \/>La <strong data-start=\"5611\" data-end=\"5650\">Rueda de carga 85\u00d785\/90-17 Ceoparts<\/strong> es una pieza de repuesto duradera y de alto rendimiento dise\u00f1ada para sistemas de manipulaci\u00f3n de carga en montacargas y equipos de almac\u00e9n. Gracias a su recubrimiento de caucho resistente a los impactos y al desgaste, y su n\u00facleo met\u00e1lico robusto, garantiza un funcionamiento seguro, silencioso y estable incluso en condiciones exigentes. Muy utilizada en almacenes, centros log\u00edsticos e instalaciones industriales, mejora la capacidad de carga y maniobrabilidad de los montacargas.<\/p>\n<p data-start=\"6136\" data-end=\"6577\"><strong data-start=\"6136\" data-end=\"6155\">Caracter\u00edsticas<\/strong><br data-start=\"6155\" data-end=\"6158\" \/><strong data-start=\"6158\" data-end=\"6182\">Nombre del producto:<\/strong> Rueda de carga 85\u00d785\/90-17 Ceoparts<br data-start=\"6218\" data-end=\"6221\" \/><strong data-start=\"6221\" data-end=\"6241\">N\u00famero de pieza:<\/strong>\u00a0<br data-start=\"6268\" data-end=\"6271\" \/><strong data-start=\"6271\" data-end=\"6284\">Material:<\/strong> Caucho resistente al desgaste y aleaci\u00f3n met\u00e1lica robusta<br data-start=\"6342\" data-end=\"6345\" \/><strong data-start=\"6345\" data-end=\"6360\">Aplicaci\u00f3n:<\/strong> Sistemas de carga para montacargas y veh\u00edculos de almac\u00e9n<br data-start=\"6418\" data-end=\"6421\" \/><strong data-start=\"6421\" data-end=\"6433\">Ventaja:<\/strong> Estructura duradera, funcionamiento silencioso y equilibrado, alta resistencia al desgaste y los impactos, f\u00e1cil instalaci\u00f3n, larga vida \u00fatil<\/p>\n","protected":false},"featured_media":15488,"template":"","meta":[],"product_brand":[],"product_cat":[398,400],"product_tag":[],"class_list":{"0":"post-8388","1":"product","2":"type-product","3":"status-publish","4":"has-post-thumbnail","6":"product_cat-catal-tekeri-ceo","7":"product_cat-catal-tekeri","9":"first","10":"instock","11":"taxable","12":"shipping-taxable","13":"purchasable","14":"product-type-simple"},"_links":{"self":[{"href":"https:\/\/ceoparts.com\/es\/wp-json\/wp\/v2\/product\/8388","targetHints":{"allow":["GET"]}}],"collection":[{"href":"https:\/\/ceoparts.com\/es\/wp-json\/wp\/v2\/product"}],"about":[{"href":"https:\/\/ceoparts.com\/es\/wp-json\/wp\/v2\/types\/product"}],"wp:featuredmedia":[{"embeddable":true,"href":"https:\/\/ceoparts.com\/es\/wp-json\/wp\/v2\/media\/15488"}],"wp:attachment":[{"href":"https:\/\/ceoparts.com\/es\/wp-json\/wp\/v2\/media?parent=8388"}],"wp:term":[{"taxonomy":"product_brand","embeddable":true,"href":"https:\/\/ceoparts.com\/es\/wp-json\/wp\/v2\/product_brand?post=8388"},{"taxonomy":"product_cat","embeddable":true,"href":"https:\/\/ceoparts.com\/es\/wp-json\/wp\/v2\/product_cat?post=8388"},{"taxonomy":"product_tag","embeddable":true,"href":"https:\/\/ceoparts.com\/es\/wp-json\/wp\/v2\/product_tag?post=8388"}],"curies":[{"name":"wp","href":"https:\/\/api.w.org\/{rel}","templated":true}]}}