{"id":8389,"date":"2021-02-14T23:03:59","date_gmt":"2021-02-14T20:03:59","guid":{"rendered":"https:\/\/ceoparts.com\/?post_type=product&#038;p=8389"},"modified":"2026-05-16T17:05:24","modified_gmt":"2026-05-16T14:05:24","slug":"85x85-90-20-yuk-tekeri","status":"publish","type":"product","link":"https:\/\/ceoparts.com\/es\/urun\/85x85-90-20-yuk-tekeri\/","title":{"rendered":"85&#215;85\/90-20 Ceoparts Ruedas de carga &#8211; 452008102 , 4494413 , 0009903501"},"content":{"rendered":"<p>85&#215;85\/90-20 Ceoparts Ruedas de carga &#8211; 452008102 , 4494413 , 0009903501<\/p>\n<p>452008102 Pimespo, \u00a04494413 Still<\/p>\n<p>Still EGV-S 14\u00a0\u00a0\u00a0 3302213<\/p>\n<p>Still EGV-S 20\u00a0\u00a0\u00a0 3302223<\/p>\n<p>Still EGV 20\u00a0\u00a0\u00a0 3302233<\/p>\n<p>Still EGP 14\u00a0\u00a0\u00a0\u00a0 3302273<\/p>\n<p>Still EGP\u00a020\u00a0\u00a0\u00a0\u00a0 3302283<\/p>\n<p>Still EGU 30\u00a0\u00a0\u00a0\u00a0 3301363<\/p>\n<p>Pimespo TL12\/4305<\/p>","protected":false},"excerpt":{"rendered":"<p data-start=\"124\" data-end=\"667\"><br data-start=\"5692\" data-end=\"5695\" \/>La <strong data-start=\"5698\" data-end=\"5737\">Rueda de carga 85\u00d785\/90-20 Ceoparts<\/strong> es una rueda de repuesto de alta calidad y resistente al desgaste, dise\u00f1ada para aplicaciones de manipulaci\u00f3n de carga intensiva en montacargas y equipos de almac\u00e9n. Su n\u00facleo de aleaci\u00f3n met\u00e1lica robusta y su recubrimiento de caucho resistente a los impactos garantizan un rendimiento duradero y una maniobrabilidad segura. Funcionamiento silencioso y excelente agarre al suelo para operaciones estables y seguras. Ideal para almacenes, centros log\u00edsticos e instalaciones industriales.<\/p>\n<p data-start=\"6226\" data-end=\"6642\"><strong data-start=\"6226\" data-end=\"6245\">Caracter\u00edsticas<\/strong><br data-start=\"6245\" data-end=\"6248\" \/><strong data-start=\"6248\" data-end=\"6272\">Nombre del producto:<\/strong> Rueda de carga 85\u00d785\/90-20 Ceoparts<br data-start=\"6308\" data-end=\"6311\" \/><strong data-start=\"6311\" data-end=\"6331\">N\u00famero de pieza:<\/strong> 452008102, 4494413, 0009903501<br data-start=\"6362\" data-end=\"6365\" \/><strong data-start=\"6365\" data-end=\"6378\">Material:<\/strong> Caucho resistente al desgaste y aleaci\u00f3n met\u00e1lica robusta<br data-start=\"6436\" data-end=\"6439\" \/><strong data-start=\"6439\" data-end=\"6454\">Aplicaci\u00f3n:<\/strong> Sistemas de carga y estabilizaci\u00f3n para montacargas<br data-start=\"6506\" data-end=\"6509\" \/><strong data-start=\"6509\" data-end=\"6521\">Ventaja:<\/strong> Alta resistencia al desgaste e impactos, funcionamiento silencioso y equilibrado, larga duraci\u00f3n, instalaci\u00f3n sencilla<\/p>\n<p>&nbsp;<\/p>\n","protected":false},"featured_media":15491,"template":"","meta":[],"product_brand":[],"product_cat":[241,243,398,400],"product_tag":[],"class_list":{"0":"post-8389","1":"product","2":"type-product","3":"status-publish","4":"has-post-thumbnail","6":"product_cat-still","7":"product_cat-catal-tekeri-still","8":"product_cat-catal-tekeri-ceo","9":"product_cat-catal-tekeri","11":"first","12":"instock","13":"taxable","14":"shipping-taxable","15":"purchasable","16":"product-type-simple"},"_links":{"self":[{"href":"https:\/\/ceoparts.com\/es\/wp-json\/wp\/v2\/product\/8389","targetHints":{"allow":["GET"]}}],"collection":[{"href":"https:\/\/ceoparts.com\/es\/wp-json\/wp\/v2\/product"}],"about":[{"href":"https:\/\/ceoparts.com\/es\/wp-json\/wp\/v2\/types\/product"}],"wp:featuredmedia":[{"embeddable":true,"href":"https:\/\/ceoparts.com\/es\/wp-json\/wp\/v2\/media\/15491"}],"wp:attachment":[{"href":"https:\/\/ceoparts.com\/es\/wp-json\/wp\/v2\/media?parent=8389"}],"wp:term":[{"taxonomy":"product_brand","embeddable":true,"href":"https:\/\/ceoparts.com\/es\/wp-json\/wp\/v2\/product_brand?post=8389"},{"taxonomy":"product_cat","embeddable":true,"href":"https:\/\/ceoparts.com\/es\/wp-json\/wp\/v2\/product_cat?post=8389"},{"taxonomy":"product_tag","embeddable":true,"href":"https:\/\/ceoparts.com\/es\/wp-json\/wp\/v2\/product_tag?post=8389"}],"curies":[{"name":"wp","href":"https:\/\/api.w.org\/{rel}","templated":true}]}}