{"id":8392,"date":"2021-02-14T23:07:19","date_gmt":"2021-02-14T20:07:19","guid":{"rendered":"https:\/\/ceoparts.com\/?post_type=product&#038;p=8392"},"modified":"2026-05-16T18:38:58","modified_gmt":"2026-05-16T15:38:58","slug":"85x90-95-12-yuk-tekeri","status":"publish","type":"product","link":"https:\/\/ceoparts.com\/es\/urun\/85x90-95-12-yuk-tekeri\/","title":{"rendered":"85&#215;90\/95-12 Ceoparts Ruedas de carga &#8211; 1590995,580059476"},"content":{"rendered":"<p>85&#215;90\/95-12 Ceoparts Ruedas de carga &#8211; 1590995,580059476<\/p>\n<p>85&#215;90\/95-12 580059476<\/p>\n<p>Hyster\/Yale<\/p>\n<p>Hyster P2.0S Seria: C439X<\/p>\n<p>Hyster P1,6 Seria A418<\/p>","protected":false},"excerpt":{"rendered":"<p data-start=\"120\" data-end=\"682\"><br data-start=\"5853\" data-end=\"5856\" \/>La <strong data-start=\"5859\" data-end=\"5898\">Rueda de carga 85\u00d790\/95-12 Ceoparts<\/strong> es una rueda profesional dise\u00f1ada para proporcionar rendimiento fiable y larga vida \u00fatil en los sistemas de manipulaci\u00f3n de carga de montacargas. Su recubrimiento de caucho resistente al desgaste y a los impactos junto con su robusto n\u00facleo de aleaci\u00f3n met\u00e1lica garantiza una alta eficiencia en operaciones intensivas. Su funcionamiento silencioso y excelente agarre mejoran la maniobrabilidad del montacargas mientras asegura estabilidad y seguridad en el transporte de carga. Ideal para almacenes, log\u00edstica e instalaciones industriales.<\/p>\n<p data-start=\"6440\" data-end=\"6853\"><strong data-start=\"6440\" data-end=\"6459\">Caracter\u00edsticas<\/strong><br data-start=\"6459\" data-end=\"6462\" \/><strong data-start=\"6462\" data-end=\"6486\">Nombre del producto:<\/strong> Rueda de carga 85\u00d790\/95-12 Ceoparts<br data-start=\"6522\" data-end=\"6525\" \/><strong data-start=\"6525\" data-end=\"6545\">N\u00famero de pieza:<\/strong> 1590995, 580059476<br data-start=\"6564\" data-end=\"6567\" \/><strong data-start=\"6567\" data-end=\"6580\">Material:<\/strong> Caucho especial resistente al desgaste y aleaci\u00f3n met\u00e1lica robusta<br data-start=\"6647\" data-end=\"6650\" \/><strong data-start=\"6650\" data-end=\"6665\">Aplicaci\u00f3n:<\/strong> Sistemas de carga y estabilizaci\u00f3n para montacargas<br data-start=\"6717\" data-end=\"6720\" \/><strong data-start=\"6720\" data-end=\"6732\">Ventaja:<\/strong> Alta resistencia al desgaste y a impactos, larga duraci\u00f3n, funcionamiento silencioso, uso seguro, instalaci\u00f3n sencilla<\/p>\n","protected":false},"featured_media":15500,"template":"","meta":[],"product_brand":[],"product_cat":[256,259,398,400],"product_tag":[],"class_list":{"0":"post-8392","1":"product","2":"type-product","3":"status-publish","4":"has-post-thumbnail","6":"product_cat-hyster","7":"product_cat-catal-tekeri-hyster","8":"product_cat-catal-tekeri-ceo","9":"product_cat-catal-tekeri","11":"first","12":"instock","13":"taxable","14":"shipping-taxable","15":"purchasable","16":"product-type-simple"},"_links":{"self":[{"href":"https:\/\/ceoparts.com\/es\/wp-json\/wp\/v2\/product\/8392","targetHints":{"allow":["GET"]}}],"collection":[{"href":"https:\/\/ceoparts.com\/es\/wp-json\/wp\/v2\/product"}],"about":[{"href":"https:\/\/ceoparts.com\/es\/wp-json\/wp\/v2\/types\/product"}],"wp:featuredmedia":[{"embeddable":true,"href":"https:\/\/ceoparts.com\/es\/wp-json\/wp\/v2\/media\/15500"}],"wp:attachment":[{"href":"https:\/\/ceoparts.com\/es\/wp-json\/wp\/v2\/media?parent=8392"}],"wp:term":[{"taxonomy":"product_brand","embeddable":true,"href":"https:\/\/ceoparts.com\/es\/wp-json\/wp\/v2\/product_brand?post=8392"},{"taxonomy":"product_cat","embeddable":true,"href":"https:\/\/ceoparts.com\/es\/wp-json\/wp\/v2\/product_cat?post=8392"},{"taxonomy":"product_tag","embeddable":true,"href":"https:\/\/ceoparts.com\/es\/wp-json\/wp\/v2\/product_tag?post=8392"}],"curies":[{"name":"wp","href":"https:\/\/api.w.org\/{rel}","templated":true}]}}