{"id":8393,"date":"2021-02-14T23:08:28","date_gmt":"2021-02-14T20:08:28","guid":{"rendered":"https:\/\/ceoparts.com\/?post_type=product&#038;p=8393"},"modified":"2026-05-16T15:27:36","modified_gmt":"2026-05-16T12:27:36","slug":"85x90-95-17-yuk-tekeri","status":"publish","type":"product","link":"https:\/\/ceoparts.com\/es\/urun\/85x90-95-17-yuk-tekeri\/","title":{"rendered":"85&#215;90\/95-17 Ceoparts Ruedas de carga"},"content":{"rendered":"<p>85&#215;90\/95-17 Ceoparts Ruedas de carga<\/p>","protected":false},"excerpt":{"rendered":"<p data-start=\"99\" data-end=\"611\"><br data-start=\"5419\" data-end=\"5422\" \/>La <strong data-start=\"5425\" data-end=\"5464\">Rueda de carga 85\u00d790\/95-17 Ceoparts<\/strong> es una rueda de alta calidad dise\u00f1ada para ofrecer m\u00e1xima eficiencia y seguridad en operaciones intensivas de manipulaci\u00f3n de carga con montacargas. Su recubrimiento de caucho especial resistente al desgaste y a los impactos, junto con su robusto n\u00facleo de aleaci\u00f3n met\u00e1lica, proporciona una resistencia sobresaliente a superficies duras y uso intensivo. Ofrece desplazamientos equilibrados, silenciosos y seguros, garantizando operaciones continuas en almacenes, centros log\u00edsticos e instalaciones industriales.<\/p>\n<p data-start=\"5979\" data-end=\"6335\"><strong data-start=\"5979\" data-end=\"5998\">Caracter\u00edsticas<\/strong><br data-start=\"5998\" data-end=\"6001\" \/><strong data-start=\"6001\" data-end=\"6025\">Nombre del producto:<\/strong> Rueda de carga 85\u00d790\/95-17 Ceoparts<br data-start=\"6061\" data-end=\"6064\" \/><strong data-start=\"6064\" data-end=\"6077\">Material:<\/strong> Caucho especial resistente al desgaste y aleaci\u00f3n met\u00e1lica robusta<br data-start=\"6144\" data-end=\"6147\" \/><strong data-start=\"6147\" data-end=\"6162\">Aplicaci\u00f3n:<\/strong> Sistemas de carga y estabilizaci\u00f3n para montacargas<br data-start=\"6214\" data-end=\"6217\" \/><strong data-start=\"6217\" data-end=\"6229\">Ventaja:<\/strong> Alta resistencia a impactos y desgaste, larga duraci\u00f3n, funcionamiento silencioso, instalaci\u00f3n sencilla<\/p>\n","protected":false},"featured_media":15506,"template":"","meta":[],"product_brand":[],"product_cat":[398,400],"product_tag":[],"class_list":{"0":"post-8393","1":"product","2":"type-product","3":"status-publish","4":"has-post-thumbnail","6":"product_cat-catal-tekeri-ceo","7":"product_cat-catal-tekeri","9":"first","10":"instock","11":"taxable","12":"shipping-taxable","13":"purchasable","14":"product-type-simple"},"_links":{"self":[{"href":"https:\/\/ceoparts.com\/es\/wp-json\/wp\/v2\/product\/8393","targetHints":{"allow":["GET"]}}],"collection":[{"href":"https:\/\/ceoparts.com\/es\/wp-json\/wp\/v2\/product"}],"about":[{"href":"https:\/\/ceoparts.com\/es\/wp-json\/wp\/v2\/types\/product"}],"wp:featuredmedia":[{"embeddable":true,"href":"https:\/\/ceoparts.com\/es\/wp-json\/wp\/v2\/media\/15506"}],"wp:attachment":[{"href":"https:\/\/ceoparts.com\/es\/wp-json\/wp\/v2\/media?parent=8393"}],"wp:term":[{"taxonomy":"product_brand","embeddable":true,"href":"https:\/\/ceoparts.com\/es\/wp-json\/wp\/v2\/product_brand?post=8393"},{"taxonomy":"product_cat","embeddable":true,"href":"https:\/\/ceoparts.com\/es\/wp-json\/wp\/v2\/product_cat?post=8393"},{"taxonomy":"product_tag","embeddable":true,"href":"https:\/\/ceoparts.com\/es\/wp-json\/wp\/v2\/product_tag?post=8393"}],"curies":[{"name":"wp","href":"https:\/\/api.w.org\/{rel}","templated":true}]}}