{"id":8394,"date":"2021-02-14T23:09:33","date_gmt":"2021-02-14T20:09:33","guid":{"rendered":"https:\/\/ceoparts.com\/?post_type=product&#038;p=8394"},"modified":"2026-05-16T18:38:44","modified_gmt":"2026-05-16T15:38:44","slug":"85x90-95-20-yuk-tekeri","status":"publish","type":"product","link":"https:\/\/ceoparts.com\/es\/urun\/85x90-95-20-yuk-tekeri\/","title":{"rendered":"85&#215;90\/95-20 Ceoparts Ruedas de carga"},"content":{"rendered":"<p>85&#215;90\/95-20 Ceoparts Ruedas de carga<\/p>","protected":false},"excerpt":{"rendered":"<p data-start=\"105\" data-end=\"633\"><br data-start=\"4942\" data-end=\"4945\" \/>La <strong data-start=\"4948\" data-end=\"4987\">Rueda de carga 85\u00d790\/95-20 Ceoparts<\/strong> es una rueda de alta calidad que ofrece excelente rendimiento, seguridad y durabilidad en los sistemas de manipulaci\u00f3n de carga de montacargas. Gracias a su recubrimiento de caucho resistente al desgaste y a su robusto n\u00facleo de aleaci\u00f3n met\u00e1lica, proporciona m\u00e1xima resistencia al desgaste, impactos y rozaduras en condiciones de trabajo exigentes. Ideal para almacenes, log\u00edstica e instalaciones industriales.<\/p>\n<p data-start=\"5401\" data-end=\"5733\"><strong data-start=\"5401\" data-end=\"5420\">Caracter\u00edsticas<\/strong><br data-start=\"5420\" data-end=\"5423\" \/><strong data-start=\"5423\" data-end=\"5447\">Nombre del producto:<\/strong> Rueda de carga 85\u00d790\/95-20 Ceoparts<br data-start=\"5483\" data-end=\"5486\" \/><strong data-start=\"5486\" data-end=\"5499\">Material:<\/strong> Caucho resistente al desgaste y aleaci\u00f3n met\u00e1lica robusta<br data-start=\"5557\" data-end=\"5560\" \/><strong data-start=\"5560\" data-end=\"5575\">Aplicaci\u00f3n:<\/strong> Sistemas de carga y estabilizaci\u00f3n para montacargas<br data-start=\"5627\" data-end=\"5630\" \/><strong data-start=\"5630\" data-end=\"5642\">Ventaja:<\/strong> Alta resistencia al desgaste y a impactos, larga duraci\u00f3n, f\u00e1cil instalaci\u00f3n, uso seguro<\/p>\n","protected":false},"featured_media":15515,"template":"","meta":[],"product_brand":[],"product_cat":[398,400],"product_tag":[],"class_list":{"0":"post-8394","1":"product","2":"type-product","3":"status-publish","4":"has-post-thumbnail","6":"product_cat-catal-tekeri-ceo","7":"product_cat-catal-tekeri","9":"first","10":"instock","11":"taxable","12":"shipping-taxable","13":"purchasable","14":"product-type-simple"},"_links":{"self":[{"href":"https:\/\/ceoparts.com\/es\/wp-json\/wp\/v2\/product\/8394","targetHints":{"allow":["GET"]}}],"collection":[{"href":"https:\/\/ceoparts.com\/es\/wp-json\/wp\/v2\/product"}],"about":[{"href":"https:\/\/ceoparts.com\/es\/wp-json\/wp\/v2\/types\/product"}],"wp:featuredmedia":[{"embeddable":true,"href":"https:\/\/ceoparts.com\/es\/wp-json\/wp\/v2\/media\/15515"}],"wp:attachment":[{"href":"https:\/\/ceoparts.com\/es\/wp-json\/wp\/v2\/media?parent=8394"}],"wp:term":[{"taxonomy":"product_brand","embeddable":true,"href":"https:\/\/ceoparts.com\/es\/wp-json\/wp\/v2\/product_brand?post=8394"},{"taxonomy":"product_cat","embeddable":true,"href":"https:\/\/ceoparts.com\/es\/wp-json\/wp\/v2\/product_cat?post=8394"},{"taxonomy":"product_tag","embeddable":true,"href":"https:\/\/ceoparts.com\/es\/wp-json\/wp\/v2\/product_tag?post=8394"}],"curies":[{"name":"wp","href":"https:\/\/api.w.org\/{rel}","templated":true}]}}