{"id":8395,"date":"2021-02-14T23:10:38","date_gmt":"2021-02-14T20:10:38","guid":{"rendered":"https:\/\/ceoparts.com\/?post_type=product&#038;p=8395"},"modified":"2026-05-16T14:27:43","modified_gmt":"2026-05-16T11:27:43","slug":"85x90-20-yuk-tekeri","status":"publish","type":"product","link":"https:\/\/ceoparts.com\/es\/urun\/85x90-20-yuk-tekeri\/","title":{"rendered":"85&#215;90-20 Ceoparts Ruedas de carga &#8211; 580037613"},"content":{"rendered":"<p>85&#215;90-20 Ceoparts Ruedas de carga &#8211; 580037613<\/p>\n<p>85&#215;90-20 Ceoparts Ruedas de carga &#8211; 580037613<\/p>","protected":false},"excerpt":{"rendered":"<p data-start=\"116\" data-end=\"686\"><br data-start=\"5545\" data-end=\"5548\" \/>La <strong data-start=\"5551\" data-end=\"5587\">Rueda de carga 85\u00d790-20 Ceoparts<\/strong> es un repuesto de alta calidad dise\u00f1ado para ofrecer excelente rendimiento, alta resistencia y larga vida \u00fatil en sistemas de manipulaci\u00f3n de carga de montacargas. Gracias a su recubrimiento de caucho resistente al desgaste y su robusto n\u00facleo de aleaci\u00f3n met\u00e1lica, ofrece m\u00e1xima resistencia a la abrasi\u00f3n, impactos y rozaduras con el suelo en condiciones dif\u00edciles de trabajo. Garantiza un desplazamiento estable y seguro del montacargas, reduciendo los costes de mantenimiento gracias a su f\u00e1cil instalaci\u00f3n y prolongada duraci\u00f3n.<\/p>\n<p data-start=\"6122\" data-end=\"6480\"><strong data-start=\"6122\" data-end=\"6141\">Caracter\u00edsticas<\/strong><br data-start=\"6141\" data-end=\"6144\" \/><strong data-start=\"6144\" data-end=\"6168\">Nombre del producto:<\/strong> Rueda de carga 85\u00d790-20 Ceoparts<br data-start=\"6201\" data-end=\"6204\" \/><strong data-start=\"6204\" data-end=\"6224\">N\u00famero de pieza:<\/strong> 580037613 , 217298<br data-start=\"6243\" data-end=\"6246\" \/><strong data-start=\"6246\" data-end=\"6259\">Material:<\/strong> Caucho resistente al desgaste y aleaci\u00f3n met\u00e1lica robusta<br data-start=\"6317\" data-end=\"6320\" \/><strong data-start=\"6320\" data-end=\"6335\">Aplicaci\u00f3n:<\/strong> Sistemas de carga para montacargas<br data-start=\"6370\" data-end=\"6373\" \/><strong data-start=\"6373\" data-end=\"6385\">Ventaja:<\/strong> Alta resistencia al desgaste y a impactos, larga duraci\u00f3n, uso estable, instalaci\u00f3n sencilla<\/p>\n","protected":false},"featured_media":15497,"template":"","meta":[],"product_brand":[],"product_cat":[398,400],"product_tag":[],"class_list":{"0":"post-8395","1":"product","2":"type-product","3":"status-publish","4":"has-post-thumbnail","6":"product_cat-catal-tekeri-ceo","7":"product_cat-catal-tekeri","9":"first","10":"instock","11":"taxable","12":"shipping-taxable","13":"purchasable","14":"product-type-simple"},"_links":{"self":[{"href":"https:\/\/ceoparts.com\/es\/wp-json\/wp\/v2\/product\/8395","targetHints":{"allow":["GET"]}}],"collection":[{"href":"https:\/\/ceoparts.com\/es\/wp-json\/wp\/v2\/product"}],"about":[{"href":"https:\/\/ceoparts.com\/es\/wp-json\/wp\/v2\/types\/product"}],"wp:featuredmedia":[{"embeddable":true,"href":"https:\/\/ceoparts.com\/es\/wp-json\/wp\/v2\/media\/15497"}],"wp:attachment":[{"href":"https:\/\/ceoparts.com\/es\/wp-json\/wp\/v2\/media?parent=8395"}],"wp:term":[{"taxonomy":"product_brand","embeddable":true,"href":"https:\/\/ceoparts.com\/es\/wp-json\/wp\/v2\/product_brand?post=8395"},{"taxonomy":"product_cat","embeddable":true,"href":"https:\/\/ceoparts.com\/es\/wp-json\/wp\/v2\/product_cat?post=8395"},{"taxonomy":"product_tag","embeddable":true,"href":"https:\/\/ceoparts.com\/es\/wp-json\/wp\/v2\/product_tag?post=8395"}],"curies":[{"name":"wp","href":"https:\/\/api.w.org\/{rel}","templated":true}]}}