{"id":8397,"date":"2021-02-14T23:13:24","date_gmt":"2021-02-14T20:13:24","guid":{"rendered":"https:\/\/ceoparts.com\/?post_type=product&#038;p=8397"},"modified":"2026-05-16T14:33:07","modified_gmt":"2026-05-16T11:33:07","slug":"85x95-97-25-yuk-tekeri","status":"publish","type":"product","link":"https:\/\/ceoparts.com\/es\/urun\/85x95-97-25-yuk-tekeri\/","title":{"rendered":"85&#215;95\/97-25 Ceoparts Ruedas de carga &#8211; 253072 , 7509449"},"content":{"rendered":"<p>85&#215;95\/97-25 Ceoparts Ruedas de carga &#8211; 253072 , 7509449<\/p>\n<p>BT TOYOTA<\/p>\n<p>BT SWE 120L<\/p>\n<p>BT SWE 140L<\/p>\n<p>LPE220 \/ LPE250 \/ LWE200<\/p>","protected":false},"excerpt":{"rendered":"<p data-start=\"118\" data-end=\"706\"><br data-start=\"5580\" data-end=\"5583\" \/>La <strong data-start=\"5586\" data-end=\"5625\">Rueda de carga 85\u00d795\/97-25 Ceoparts<\/strong> es una rueda de alt\u00edsima calidad dise\u00f1ada para ofrecer un rendimiento superior en operaciones de manipulaci\u00f3n de carga pesada con montacargas. Su revestimiento de caucho especial y su n\u00facleo de aleaci\u00f3n met\u00e1lica robusta garantizan m\u00e1xima resistencia al desgaste, impactos y superficies irregulares. Facilita un movimiento estable y seguro del montacargas, con larga vida \u00fatil y bajo costo de mantenimiento. Ideal para sistemas log\u00edsticos de almac\u00e9n, fabricada bajo los est\u00e1ndares de calidad de Ceoparts.<\/p>\n<p data-start=\"6131\" data-end=\"6511\"><strong data-start=\"6131\" data-end=\"6150\">Caracter\u00edsticas<\/strong><br data-start=\"6150\" data-end=\"6153\" \/><strong data-start=\"6153\" data-end=\"6177\">Nombre del producto:<\/strong> Rueda de carga 85\u00d795\/97-25 Ceoparts<br data-start=\"6213\" data-end=\"6216\" \/><strong data-start=\"6216\" data-end=\"6236\">N\u00famero de pieza:<\/strong> 253072 , 7509449<br data-start=\"6253\" data-end=\"6256\" \/><strong data-start=\"6256\" data-end=\"6269\">Material:<\/strong> Caucho especial resistente al desgaste y aleaci\u00f3n met\u00e1lica robusta<br data-start=\"6336\" data-end=\"6339\" \/><strong data-start=\"6339\" data-end=\"6354\">Aplicaci\u00f3n:<\/strong> Sistemas de carga y estabilizaci\u00f3n para montacargas<br data-start=\"6406\" data-end=\"6409\" \/><strong data-start=\"6409\" data-end=\"6421\">Ventaja:<\/strong> Alta resistencia al desgaste y golpes, larga duraci\u00f3n, uso seguro, instalaci\u00f3n sencilla<\/p>\n<p>&nbsp;<\/p>\n","protected":false},"featured_media":16016,"template":"","meta":[],"product_brand":[],"product_cat":[526,251,253,398,400,521],"product_tag":[],"class_list":{"0":"post-8397","1":"product","2":"type-product","3":"status-publish","4":"has-post-thumbnail","6":"product_cat-catal-tekeri-toyota","7":"product_cat-bt","8":"product_cat-catal-tekeri-bt","9":"product_cat-catal-tekeri-ceo","10":"product_cat-catal-tekeri","11":"product_cat-toyota","13":"first","14":"instock","15":"taxable","16":"shipping-taxable","17":"purchasable","18":"product-type-simple"},"_links":{"self":[{"href":"https:\/\/ceoparts.com\/es\/wp-json\/wp\/v2\/product\/8397","targetHints":{"allow":["GET"]}}],"collection":[{"href":"https:\/\/ceoparts.com\/es\/wp-json\/wp\/v2\/product"}],"about":[{"href":"https:\/\/ceoparts.com\/es\/wp-json\/wp\/v2\/types\/product"}],"wp:featuredmedia":[{"embeddable":true,"href":"https:\/\/ceoparts.com\/es\/wp-json\/wp\/v2\/media\/16016"}],"wp:attachment":[{"href":"https:\/\/ceoparts.com\/es\/wp-json\/wp\/v2\/media?parent=8397"}],"wp:term":[{"taxonomy":"product_brand","embeddable":true,"href":"https:\/\/ceoparts.com\/es\/wp-json\/wp\/v2\/product_brand?post=8397"},{"taxonomy":"product_cat","embeddable":true,"href":"https:\/\/ceoparts.com\/es\/wp-json\/wp\/v2\/product_cat?post=8397"},{"taxonomy":"product_tag","embeddable":true,"href":"https:\/\/ceoparts.com\/es\/wp-json\/wp\/v2\/product_tag?post=8397"}],"curies":[{"name":"wp","href":"https:\/\/api.w.org\/{rel}","templated":true}]}}