{"id":8398,"date":"2021-02-14T23:14:38","date_gmt":"2021-02-14T20:14:38","guid":{"rendered":"https:\/\/ceoparts.com\/?post_type=product&#038;p=8398"},"modified":"2026-05-16T19:25:25","modified_gmt":"2026-05-16T16:25:25","slug":"85x95-100-17-yuk-tekeri","status":"publish","type":"product","link":"https:\/\/ceoparts.com\/es\/urun\/85x95-100-17-yuk-tekeri\/","title":{"rendered":"85&#215;95\/100-17 Ceoparts Ruedas de carga"},"content":{"rendered":"<p>85&#215;95\/100-17 Ceoparts Ruedas de carga<\/p>","protected":false},"excerpt":{"rendered":"<p data-start=\"101\" data-end=\"568\"><br data-start=\"5058\" data-end=\"5061\" \/>La <strong data-start=\"5064\" data-end=\"5104\">Rueda de carga 85\u00d795\/100-17 Ceoparts<\/strong> es una rueda de alta calidad y durabilidad dise\u00f1ada especialmente para los sistemas de manipulaci\u00f3n de carga de montacargas. Con su recubrimiento de caucho resistente al desgaste y su n\u00facleo de aleaci\u00f3n met\u00e1lica robusta, ofrece un rendimiento confiable y duradero en condiciones exigentes. Mejora la estabilidad y seguridad en el manejo de cargas y facilita una instalaci\u00f3n r\u00e1pida con bajo mantenimiento, garantizada por la calidad Ceoparts.<\/p>\n<p data-start=\"5548\" data-end=\"5879\"><strong data-start=\"5548\" data-end=\"5567\">Caracter\u00edsticas<\/strong><br data-start=\"5567\" data-end=\"5570\" \/><strong data-start=\"5570\" data-end=\"5594\">Nombre del producto:<\/strong> Rueda de carga 85\u00d795\/100-17 Ceoparts<br data-start=\"5631\" data-end=\"5634\" \/><strong data-start=\"5634\" data-end=\"5647\">Material:<\/strong> Caucho resistente al desgaste y aleaci\u00f3n met\u00e1lica robusta<br data-start=\"5705\" data-end=\"5708\" \/><strong data-start=\"5708\" data-end=\"5723\">Aplicaci\u00f3n:<\/strong> Sistemas de manipulaci\u00f3n y estabilizaci\u00f3n para montacargas<br data-start=\"5782\" data-end=\"5785\" \/><strong data-start=\"5785\" data-end=\"5797\">Ventaja:<\/strong> Alta resistencia al desgaste, larga vida \u00fatil, uso seguro, instalaci\u00f3n sencilla<\/p>\n","protected":false},"featured_media":16004,"template":"","meta":[],"product_brand":[],"product_cat":[398,400],"product_tag":[],"class_list":{"0":"post-8398","1":"product","2":"type-product","3":"status-publish","4":"has-post-thumbnail","6":"product_cat-catal-tekeri-ceo","7":"product_cat-catal-tekeri","9":"first","10":"instock","11":"taxable","12":"shipping-taxable","13":"purchasable","14":"product-type-simple"},"_links":{"self":[{"href":"https:\/\/ceoparts.com\/es\/wp-json\/wp\/v2\/product\/8398","targetHints":{"allow":["GET"]}}],"collection":[{"href":"https:\/\/ceoparts.com\/es\/wp-json\/wp\/v2\/product"}],"about":[{"href":"https:\/\/ceoparts.com\/es\/wp-json\/wp\/v2\/types\/product"}],"wp:featuredmedia":[{"embeddable":true,"href":"https:\/\/ceoparts.com\/es\/wp-json\/wp\/v2\/media\/16004"}],"wp:attachment":[{"href":"https:\/\/ceoparts.com\/es\/wp-json\/wp\/v2\/media?parent=8398"}],"wp:term":[{"taxonomy":"product_brand","embeddable":true,"href":"https:\/\/ceoparts.com\/es\/wp-json\/wp\/v2\/product_brand?post=8398"},{"taxonomy":"product_cat","embeddable":true,"href":"https:\/\/ceoparts.com\/es\/wp-json\/wp\/v2\/product_cat?post=8398"},{"taxonomy":"product_tag","embeddable":true,"href":"https:\/\/ceoparts.com\/es\/wp-json\/wp\/v2\/product_tag?post=8398"}],"curies":[{"name":"wp","href":"https:\/\/api.w.org\/{rel}","templated":true}]}}