{"id":8402,"date":"2021-02-14T23:20:53","date_gmt":"2021-02-14T20:20:53","guid":{"rendered":"https:\/\/ceoparts.com\/?post_type=product&#038;p=8402"},"modified":"2026-05-03T04:42:38","modified_gmt":"2026-05-03T01:42:38","slug":"85x100-105-12-yuk-tekeri","status":"publish","type":"product","link":"https:\/\/ceoparts.com\/es\/urun\/85x100-105-12-yuk-tekeri\/","title":{"rendered":"85&#215;100\/105-12 Ceoparts Ruedas de carga"},"content":{"rendered":"<p>85&#215;100\/105-12 Ceoparts Ruedas de carga<\/p>","protected":false},"excerpt":{"rendered":"<p data-start=\"97\" data-end=\"519\"><br data-start=\"4487\" data-end=\"4490\" \/>La <strong data-start=\"4493\" data-end=\"4534\">Rueda de carga 85\u00d7100\/105-12 Ceoparts<\/strong> es una rueda duradera y de alta calidad dise\u00f1ada para mejorar la capacidad de carga de montacargas. Fabricada con caucho resistente al desgaste y aleaci\u00f3n met\u00e1lica robusta, garantiza una larga vida \u00fatil en condiciones de trabajo exigentes. Esta rueda soporta un movimiento estable y seguro del montacargas. Con la calidad Ceoparts, asegura una f\u00e1cil instalaci\u00f3n y m\u00e1xima eficiencia.<\/p>\n<p data-start=\"4919\" data-end=\"5211\"><strong data-start=\"4919\" data-end=\"4938\">Caracter\u00edsticas<\/strong><br data-start=\"4938\" data-end=\"4941\" \/><strong data-start=\"4941\" data-end=\"4965\">Nombre del producto:<\/strong> Rueda de carga 85\u00d7100\/105-12 Ceoparts<br data-start=\"5003\" data-end=\"5006\" \/><strong data-start=\"5006\" data-end=\"5019\">Material:<\/strong> Caucho de alta resistencia y aleaci\u00f3n met\u00e1lica<br data-start=\"5066\" data-end=\"5069\" \/><strong data-start=\"5069\" data-end=\"5084\">Aplicaci\u00f3n:<\/strong> Sistema de carga para montacargas<br data-start=\"5118\" data-end=\"5121\" \/><strong data-start=\"5121\" data-end=\"5133\">Ventaja:<\/strong> Alta resistencia al desgaste, larga duraci\u00f3n, f\u00e1cil instalaci\u00f3n, uso seguro<\/p>\n","protected":false},"featured_media":15564,"template":"","meta":[],"product_brand":[],"product_cat":[398,400],"product_tag":[],"class_list":{"0":"post-8402","1":"product","2":"type-product","3":"status-publish","4":"has-post-thumbnail","6":"product_cat-catal-tekeri-ceo","7":"product_cat-catal-tekeri","9":"first","10":"instock","11":"taxable","12":"shipping-taxable","13":"purchasable","14":"product-type-simple"},"_links":{"self":[{"href":"https:\/\/ceoparts.com\/es\/wp-json\/wp\/v2\/product\/8402","targetHints":{"allow":["GET"]}}],"collection":[{"href":"https:\/\/ceoparts.com\/es\/wp-json\/wp\/v2\/product"}],"about":[{"href":"https:\/\/ceoparts.com\/es\/wp-json\/wp\/v2\/types\/product"}],"wp:featuredmedia":[{"embeddable":true,"href":"https:\/\/ceoparts.com\/es\/wp-json\/wp\/v2\/media\/15564"}],"wp:attachment":[{"href":"https:\/\/ceoparts.com\/es\/wp-json\/wp\/v2\/media?parent=8402"}],"wp:term":[{"taxonomy":"product_brand","embeddable":true,"href":"https:\/\/ceoparts.com\/es\/wp-json\/wp\/v2\/product_brand?post=8402"},{"taxonomy":"product_cat","embeddable":true,"href":"https:\/\/ceoparts.com\/es\/wp-json\/wp\/v2\/product_cat?post=8402"},{"taxonomy":"product_tag","embeddable":true,"href":"https:\/\/ceoparts.com\/es\/wp-json\/wp\/v2\/product_tag?post=8402"}],"curies":[{"name":"wp","href":"https:\/\/api.w.org\/{rel}","templated":true}]}}