{"id":8405,"date":"2021-02-14T23:24:14","date_gmt":"2021-02-14T20:24:14","guid":{"rendered":"https:\/\/ceoparts.com\/?post_type=product&#038;p=8405"},"modified":"2026-05-16T15:32:42","modified_gmt":"2026-05-16T12:32:42","slug":"85x100-105-25-yuk-tekeri","status":"publish","type":"product","link":"https:\/\/ceoparts.com\/es\/urun\/85x100-105-25-yuk-tekeri\/","title":{"rendered":"85&#215;100\/105-25 Ceoparts Ruedas de carga &#8211; 27631330 , 51064610"},"content":{"rendered":"<p>85&#215;100\/105-25 Ceoparts Ruedas de carga &#8211; 27631330 , 51064610<\/p>\n<p>Jungheinrich 85&#215;100\/105-25<\/p>\n<p>27631330 50410186, 51064610<\/p>\n<p>EJC 12 &#8211; 5.94 &#8211; 6.94<br \/>\nEJC 12-16 &#8211; 7.96 &#8211; 4.98<br \/>\nEJC 12,5\/15 &#8211; 10,84 &#8211; 4,87<br \/>\nEJC 15 &#8211; 5.87 &#8211; 9.88<br \/>\nEJC 16 &#8211; 11.92 &#8211; 7.93<br \/>\nEJC 220 &#8211; 8.06 &#8211;<br \/>\nEJC-Z 12.5 &#8211; 10.88 &#8211; 12.92<br \/>\nEJC c 12,5\/16 &#8211; 2.85 &#8211; 5.87<br \/>\nEJC c 12,5\/16 &#8211; 2,88 &#8211; 9,88<br \/>\nEJC c 12.5\/16 &#8211; 6.87 &#8211; 1.88<\/p>\n<p>EJG 06-10 &#8211; 12.04 &#8211;<br \/>\nEJG 06-10 (PR) &#8211; 1.98 &#8211; 4.05<\/p>\n<p>EKC 12,5 &#8211; 6,86 &#8211; 12,90<br \/>\nEKC 12,5 \/ 16 &#8211; 1.00 &#8211; 4.04<br \/>\nEKC 12,5 \/ 16 &#8211; 2,95 &#8211; 12,99<br \/>\nEKC 20 &#8211; 5.04 &#8211; 12.04<\/p>\n<p>EKE 20 48V &#8211; 8,94 &#8211; 10,97<\/p>\n<p>ERC 12,5 &#8211; 4,87 &#8211; 6,88<br \/>\nERC 12,5 &#8211; 6,84 &#8211; 7,85<br \/>\nERC 12,5 &#8211; 8,85 &#8211; 3,87<\/p>\n<p>&nbsp;<\/p>","protected":false},"excerpt":{"rendered":"<p data-start=\"118\" data-end=\"580\"><br data-start=\"5082\" data-end=\"5085\" \/>La <strong data-start=\"5088\" data-end=\"5129\">Rueda de carga 85\u00d7100\/105-25 Ceoparts<\/strong> es una rueda duradera y de alta calidad dise\u00f1ada para aumentar la capacidad de carga de montacargas y optimizar el rendimiento operativo. Fabricada con caucho especial y aleaci\u00f3n met\u00e1lica que ofrece una excelente resistencia al desgaste, proporciona una larga vida \u00fatil en condiciones de trabajo exigentes. Esta rueda de carga soporta un movimiento estable y seguro del montacargas. Con la calidad Ceoparts, garantiza una f\u00e1cil instalaci\u00f3n y m\u00e1xima eficiencia.<\/p>\n<p data-start=\"5592\" data-end=\"5916\"><strong data-start=\"5592\" data-end=\"5611\">Caracter\u00edsticas<\/strong><br data-start=\"5611\" data-end=\"5614\" \/><strong data-start=\"5614\" data-end=\"5638\">Nombre del producto:<\/strong> Rueda de carga 85\u00d7100\/105-25 Ceoparts<br data-start=\"5676\" data-end=\"5679\" \/><strong data-start=\"5679\" data-end=\"5700\">N\u00fameros de pieza:<\/strong> 27631330, 51064610<br data-start=\"5719\" data-end=\"5722\" \/><strong data-start=\"5722\" data-end=\"5735\">Material:<\/strong> Caucho especial y aleaci\u00f3n met\u00e1lica<br data-start=\"5771\" data-end=\"5774\" \/><strong data-start=\"5774\" data-end=\"5789\">Aplicaci\u00f3n:<\/strong> Sistema de carga para montacargas<br data-start=\"5823\" data-end=\"5826\" \/><strong data-start=\"5826\" data-end=\"5838\">Ventaja:<\/strong> Alta resistencia al desgaste, larga duraci\u00f3n, f\u00e1cil instalaci\u00f3n, uso seguro<\/p>\n","protected":false},"featured_media":15576,"template":"","meta":[],"product_brand":[],"product_cat":[238,398,400,236],"product_tag":[],"class_list":{"0":"post-8405","1":"product","2":"type-product","3":"status-publish","4":"has-post-thumbnail","6":"product_cat-catal-tekeri-jungheinrich","7":"product_cat-catal-tekeri-ceo","8":"product_cat-catal-tekeri","9":"product_cat-jungheinrich","11":"first","12":"instock","13":"taxable","14":"shipping-taxable","15":"purchasable","16":"product-type-simple"},"_links":{"self":[{"href":"https:\/\/ceoparts.com\/es\/wp-json\/wp\/v2\/product\/8405","targetHints":{"allow":["GET"]}}],"collection":[{"href":"https:\/\/ceoparts.com\/es\/wp-json\/wp\/v2\/product"}],"about":[{"href":"https:\/\/ceoparts.com\/es\/wp-json\/wp\/v2\/types\/product"}],"wp:featuredmedia":[{"embeddable":true,"href":"https:\/\/ceoparts.com\/es\/wp-json\/wp\/v2\/media\/15576"}],"wp:attachment":[{"href":"https:\/\/ceoparts.com\/es\/wp-json\/wp\/v2\/media?parent=8405"}],"wp:term":[{"taxonomy":"product_brand","embeddable":true,"href":"https:\/\/ceoparts.com\/es\/wp-json\/wp\/v2\/product_brand?post=8405"},{"taxonomy":"product_cat","embeddable":true,"href":"https:\/\/ceoparts.com\/es\/wp-json\/wp\/v2\/product_cat?post=8405"},{"taxonomy":"product_tag","embeddable":true,"href":"https:\/\/ceoparts.com\/es\/wp-json\/wp\/v2\/product_tag?post=8405"}],"curies":[{"name":"wp","href":"https:\/\/api.w.org\/{rel}","templated":true}]}}