{"id":8407,"date":"2021-02-14T23:27:50","date_gmt":"2021-02-14T20:27:50","guid":{"rendered":"https:\/\/ceoparts.com\/?post_type=product&#038;p=8407"},"modified":"2026-05-16T16:08:19","modified_gmt":"2026-05-16T13:08:19","slug":"85x105-110-20-yuk-tekeri","status":"publish","type":"product","link":"https:\/\/ceoparts.com\/es\/urun\/85x105-110-20-yuk-tekeri\/","title":{"rendered":"85&#215;105\/110-20 Ceoparts Ruedas de carga Linde 0009903532 , 0039933604"},"content":{"rendered":"<p>85&#215;105\/110-20 Ceoparts Ruedas de carga Linde 0009903532 , 0039933604<\/p>\n<p>Linde 0009903532 85&#215;105\/110-20<\/p>\n<table border=\"0\" width=\"209\" cellspacing=\"0\" cellpadding=\"0\">\n<colgroup>\n<col width=\"64\" \/>\n<col width=\"145\" \/><\/colgroup>\n<tbody>\n<tr>\n<td width=\"64\" height=\"19\"><span style=\"font-family: Calibri;\">1151<\/span><\/td>\n<td width=\"145\"><span style=\"font-family: Calibri;\">T16\/T16P\/T20\/T20P<\/span><\/td>\n<\/tr>\n<tr>\n<td height=\"19\"><span style=\"font-family: Calibri;\">1152<\/span><\/td>\n<td><span style=\"font-family: Calibri;\">T16\/T18\/T20\/T16L<\/span><\/td>\n<\/tr>\n<tr>\n<td height=\"19\"><span style=\"font-family: Calibri;\">131<\/span><\/td>\n<td><span style=\"font-family: Calibri;\">T20AP\/T20SP<\/span><\/td>\n<\/tr>\n<tr>\n<td height=\"19\"><span style=\"font-family: Calibri;\">132<\/span><\/td>\n<td><span style=\"font-family: Calibri;\">N20\/N24\/N20L\/N20LI<\/span><\/td>\n<\/tr>\n<tr>\n<td height=\"19\"><span style=\"font-family: Calibri;\">140<\/span><\/td>\n<td><span style=\"font-family: Calibri;\">T20R<\/span><\/td>\n<\/tr>\n<tr>\n<td height=\"19\"><span style=\"font-family: Calibri;\">140<\/span><\/td>\n<td><span style=\"font-family: Calibri;\">T20R<\/span><\/td>\n<\/tr>\n<tr>\n<td height=\"19\"><span style=\"font-family: Calibri;\">141<\/span><\/td>\n<td><span style=\"font-family: Calibri;\">T20AP<\/span><\/td>\n<\/tr>\n<tr>\n<td height=\"19\"><span style=\"font-family: Calibri;\">141<\/span><\/td>\n<td><span style=\"font-family: Calibri;\">T20AP<\/span><\/td>\n<\/tr>\n<tr>\n<td height=\"19\"><span style=\"font-family: Calibri;\">141<\/span><\/td>\n<td><span style=\"font-family: Calibri;\">T20\/30<\/span><\/td>\n<\/tr>\n<tr>\n<td height=\"19\"><span style=\"font-family: Calibri;\">141<\/span><\/td>\n<td><span style=\"font-family: Calibri;\">T20\/30<\/span><\/td>\n<\/tr>\n<tr>\n<td height=\"19\"><span style=\"font-family: Calibri;\">144<\/span><\/td>\n<td><span style=\"font-family: Calibri;\">T20S\/T20SF<\/span><\/td>\n<\/tr>\n<tr>\n<td height=\"19\"><span style=\"font-family: Calibri;\">144<\/span><\/td>\n<td><span style=\"font-family: Calibri;\">T20S\/T20SF<\/span><\/td>\n<\/tr>\n<tr>\n<td height=\"19\"><span style=\"font-family: Calibri;\">149<\/span><\/td>\n<td><span style=\"font-family: Calibri;\">N20\/N25\/N20L\/LI\/LX<\/span><\/td>\n<\/tr>\n<tr>\n<td height=\"19\"><span style=\"font-family: Calibri;\">149<\/span><\/td>\n<td><span style=\"font-family: Calibri;\">N20\/N25\/N20L\/LI\/LX<\/span><\/td>\n<\/tr>\n<tr>\n<td height=\"19\"><span style=\"font-family: Calibri;\">360<\/span><\/td>\n<td><span style=\"font-family: Calibri;\">T16\/T18\/T20\/T16L<\/span><\/td>\n<\/tr>\n<tr>\n<td height=\"19\"><span style=\"font-family: Calibri;\">360<\/span><\/td>\n<td><span style=\"font-family: Calibri;\">T16\/T18\/T20\/T16L<\/span><\/td>\n<\/tr>\n<\/tbody>\n<\/table>","protected":false},"excerpt":{"rendered":"<p data-start=\"128\" data-end=\"540\"><br data-start=\"5026\" data-end=\"5029\" \/>La <strong data-start=\"5032\" data-end=\"5084\">Rueda de carga 85\u00d7105\/110-20 Ceoparts para Linde<\/strong> es una rueda especializada que ofrece alto rendimiento y durabilidad para montacargas. Dise\u00f1ada espec\u00edficamente para montacargas Linde, esta rueda est\u00e1 fabricada con materiales de alta calidad que brindan una excelente resistencia al desgaste. Mejora la estabilidad de su montacargas y asegura una manipulaci\u00f3n segura de la carga. Con la garant\u00eda Ceoparts, ofrece f\u00e1cil instalaci\u00f3n y uso duradero.<\/p>\n<p data-start=\"5484\" data-end=\"5847\"><strong data-start=\"5484\" data-end=\"5503\">Caracter\u00edsticas<\/strong><br data-start=\"5503\" data-end=\"5506\" \/><strong data-start=\"5506\" data-end=\"5530\">Nombre del producto:<\/strong> Rueda de carga 85\u00d7105\/110-20 Ceoparts para Linde<br data-start=\"5579\" data-end=\"5582\" \/><strong data-start=\"5582\" data-end=\"5603\">N\u00fameros de pieza:<\/strong> 0009903532, 0039933604<br data-start=\"5626\" data-end=\"5629\" \/><strong data-start=\"5629\" data-end=\"5642\">Material:<\/strong> Caucho de alta resistencia y aleaci\u00f3n met\u00e1lica<br data-start=\"5689\" data-end=\"5692\" \/><strong data-start=\"5692\" data-end=\"5707\">Aplicaci\u00f3n:<\/strong> Sistema de carga para montacargas Linde<br data-start=\"5747\" data-end=\"5750\" \/><strong data-start=\"5750\" data-end=\"5762\">Ventaja:<\/strong> Alta resistencia al desgaste, construcci\u00f3n duradera, f\u00e1cil instalaci\u00f3n, uso seguro<\/p>\n","protected":false},"featured_media":15582,"template":"","meta":[],"product_brand":[],"product_cat":[246,248,398,400],"product_tag":[],"class_list":{"0":"post-8407","1":"product","2":"type-product","3":"status-publish","4":"has-post-thumbnail","6":"product_cat-linde","7":"product_cat-catal-tekeri-linde","8":"product_cat-catal-tekeri-ceo","9":"product_cat-catal-tekeri","11":"first","12":"instock","13":"taxable","14":"shipping-taxable","15":"purchasable","16":"product-type-simple"},"_links":{"self":[{"href":"https:\/\/ceoparts.com\/es\/wp-json\/wp\/v2\/product\/8407","targetHints":{"allow":["GET"]}}],"collection":[{"href":"https:\/\/ceoparts.com\/es\/wp-json\/wp\/v2\/product"}],"about":[{"href":"https:\/\/ceoparts.com\/es\/wp-json\/wp\/v2\/types\/product"}],"wp:featuredmedia":[{"embeddable":true,"href":"https:\/\/ceoparts.com\/es\/wp-json\/wp\/v2\/media\/15582"}],"wp:attachment":[{"href":"https:\/\/ceoparts.com\/es\/wp-json\/wp\/v2\/media?parent=8407"}],"wp:term":[{"taxonomy":"product_brand","embeddable":true,"href":"https:\/\/ceoparts.com\/es\/wp-json\/wp\/v2\/product_brand?post=8407"},{"taxonomy":"product_cat","embeddable":true,"href":"https:\/\/ceoparts.com\/es\/wp-json\/wp\/v2\/product_cat?post=8407"},{"taxonomy":"product_tag","embeddable":true,"href":"https:\/\/ceoparts.com\/es\/wp-json\/wp\/v2\/product_tag?post=8407"}],"curies":[{"name":"wp","href":"https:\/\/api.w.org\/{rel}","templated":true}]}}