{"id":8408,"date":"2021-02-14T23:28:52","date_gmt":"2021-02-14T20:28:52","guid":{"rendered":"https:\/\/ceoparts.com\/?post_type=product&#038;p=8408"},"modified":"2026-05-16T17:15:19","modified_gmt":"2026-05-16T14:15:19","slug":"85x105-110-25-yuk-tekeri","status":"publish","type":"product","link":"https:\/\/ceoparts.com\/es\/urun\/85x105-110-25-yuk-tekeri\/","title":{"rendered":"85&#215;105\/110-25 Ceoparts Ruedas de carga &#8211; 0009903555 , 51064610"},"content":{"rendered":"<p>85&#215;105\/110-25 Ceoparts Ruedas de carga &#8211; 0009903555 , 51064610<\/p>","protected":false},"excerpt":{"rendered":"<p data-start=\"120\" data-end=\"582\"><br data-start=\"4853\" data-end=\"4856\" \/>La <strong data-start=\"4859\" data-end=\"4900\">Rueda de carga 85\u00d7105\/110-25 Ceoparts<\/strong> es una rueda duradera y de alta calidad dise\u00f1ada para mejorar el rendimiento de carga de montacargas. Fabricada con materiales resistentes al desgaste, es resistente a condiciones de trabajo exigentes. Esta rueda aumenta la estabilidad y movilidad de su montacargas, ofreciendo una manipulaci\u00f3n segura y eficiente de la carga. Con la garant\u00eda de Ceoparts, proporciona una f\u00e1cil instalaci\u00f3n y un uso duradero.<\/p>\n<p data-start=\"5311\" data-end=\"5655\"><strong data-start=\"5311\" data-end=\"5330\">Caracter\u00edsticas<\/strong><br data-start=\"5330\" data-end=\"5333\" \/><strong data-start=\"5333\" data-end=\"5357\">Nombre del producto:<\/strong> Rueda de carga 85\u00d7105\/110-25 Ceoparts<br data-start=\"5395\" data-end=\"5398\" \/><strong data-start=\"5398\" data-end=\"5419\">N\u00fameros de pieza:<\/strong> 0009903555, 51064610<br data-start=\"5440\" data-end=\"5443\" \/><strong data-start=\"5443\" data-end=\"5456\">Material:<\/strong> Caucho de alta resistencia y aleaci\u00f3n met\u00e1lica<br data-start=\"5503\" data-end=\"5506\" \/><strong data-start=\"5506\" data-end=\"5521\">Aplicaci\u00f3n:<\/strong> Sistema de carga para montacargas<br data-start=\"5555\" data-end=\"5558\" \/><strong data-start=\"5558\" data-end=\"5570\">Ventaja:<\/strong> Alta resistencia al desgaste, construcci\u00f3n duradera, f\u00e1cil instalaci\u00f3n, uso seguro<\/p>\n","protected":false},"featured_media":15920,"template":"","meta":[],"product_brand":[],"product_cat":[398,400],"product_tag":[],"class_list":{"0":"post-8408","1":"product","2":"type-product","3":"status-publish","4":"has-post-thumbnail","6":"product_cat-catal-tekeri-ceo","7":"product_cat-catal-tekeri","9":"first","10":"instock","11":"taxable","12":"shipping-taxable","13":"purchasable","14":"product-type-simple"},"_links":{"self":[{"href":"https:\/\/ceoparts.com\/es\/wp-json\/wp\/v2\/product\/8408","targetHints":{"allow":["GET"]}}],"collection":[{"href":"https:\/\/ceoparts.com\/es\/wp-json\/wp\/v2\/product"}],"about":[{"href":"https:\/\/ceoparts.com\/es\/wp-json\/wp\/v2\/types\/product"}],"wp:featuredmedia":[{"embeddable":true,"href":"https:\/\/ceoparts.com\/es\/wp-json\/wp\/v2\/media\/15920"}],"wp:attachment":[{"href":"https:\/\/ceoparts.com\/es\/wp-json\/wp\/v2\/media?parent=8408"}],"wp:term":[{"taxonomy":"product_brand","embeddable":true,"href":"https:\/\/ceoparts.com\/es\/wp-json\/wp\/v2\/product_brand?post=8408"},{"taxonomy":"product_cat","embeddable":true,"href":"https:\/\/ceoparts.com\/es\/wp-json\/wp\/v2\/product_cat?post=8408"},{"taxonomy":"product_tag","embeddable":true,"href":"https:\/\/ceoparts.com\/es\/wp-json\/wp\/v2\/product_tag?post=8408"}],"curies":[{"name":"wp","href":"https:\/\/api.w.org\/{rel}","templated":true}]}}