{"id":8409,"date":"2021-02-14T23:30:01","date_gmt":"2021-02-14T20:30:01","guid":{"rendered":"https:\/\/ceoparts.com\/?post_type=product&#038;p=8409"},"modified":"2026-05-16T23:07:32","modified_gmt":"2026-05-16T20:07:32","slug":"85x110-115-12-yuk-tekeri","status":"publish","type":"product","link":"https:\/\/ceoparts.com\/es\/urun\/85x110-115-12-yuk-tekeri\/","title":{"rendered":"85&#215;110\/115-12 Ceoparts Ruedas de carga &#8211; 1590996 , 580064668"},"content":{"rendered":"<p>85&#215;110\/115-12 Ceoparts Ruedas de carga &#8211; 1590996 , 580064668<\/p>\n<p><\/p>","protected":false},"excerpt":{"rendered":"<p data-start=\"118\" data-end=\"554\"><br data-start=\"5070\" data-end=\"5073\" \/>La <strong data-start=\"5076\" data-end=\"5138\">Rueda de carga 85\u00d7110\/115-12 Ceoparts \u2013 1590996, 580064668<\/strong> est\u00e1 dise\u00f1ada para montacargas y maquinaria pesada, ofreciendo alta capacidad de carga y durabilidad. La combinaci\u00f3n de caucho de calidad y cuerpo met\u00e1lico reforzado garantiza un rendimiento duradero en condiciones dif\u00edciles. Mejora la eficiencia de la maquinaria reduciendo las vibraciones para aumentar la comodidad del operador. F\u00e1cil de mantener y un componente esencial para la seguridad laboral.<\/p>\n<p data-start=\"5542\" data-end=\"5908\"><strong data-start=\"5542\" data-end=\"5561\">Caracter\u00edsticas<\/strong><br data-start=\"5561\" data-end=\"5564\" \/><strong data-start=\"5564\" data-end=\"5588\">Nombre del producto:<\/strong> Rueda de carga<br data-start=\"5603\" data-end=\"5606\" \/><strong data-start=\"5606\" data-end=\"5626\">N\u00famero de pieza:<\/strong> 1590996, 580064668<br data-start=\"5645\" data-end=\"5648\" \/><strong data-start=\"5648\" data-end=\"5661\">Material:<\/strong> Caucho duradero, cuerpo met\u00e1lico reforzado<br data-start=\"5704\" data-end=\"5707\" \/><strong data-start=\"5707\" data-end=\"5722\">Aplicaci\u00f3n:<\/strong> Sistema de carga para montacargas y maquinaria pesada<br data-start=\"5776\" data-end=\"5779\" \/><strong data-start=\"5779\" data-end=\"5791\">Ventaja:<\/strong> Alta resistencia al desgaste, larga vida \u00fatil, reducci\u00f3n de vibraciones, f\u00e1cil mantenimiento, estabilidad mejorada<\/p>\n<p>&nbsp;<\/p>\n","protected":false},"featured_media":15925,"template":"","meta":[],"product_brand":[],"product_cat":[256,259,395,398,400],"product_tag":[],"class_list":{"0":"post-8409","1":"product","2":"type-product","3":"status-publish","4":"has-post-thumbnail","6":"product_cat-hyster","7":"product_cat-catal-tekeri-hyster","8":"product_cat-ceoparts","9":"product_cat-catal-tekeri-ceo","10":"product_cat-catal-tekeri","12":"first","13":"instock","14":"taxable","15":"shipping-taxable","16":"purchasable","17":"product-type-simple"},"_links":{"self":[{"href":"https:\/\/ceoparts.com\/es\/wp-json\/wp\/v2\/product\/8409","targetHints":{"allow":["GET"]}}],"collection":[{"href":"https:\/\/ceoparts.com\/es\/wp-json\/wp\/v2\/product"}],"about":[{"href":"https:\/\/ceoparts.com\/es\/wp-json\/wp\/v2\/types\/product"}],"wp:featuredmedia":[{"embeddable":true,"href":"https:\/\/ceoparts.com\/es\/wp-json\/wp\/v2\/media\/15925"}],"wp:attachment":[{"href":"https:\/\/ceoparts.com\/es\/wp-json\/wp\/v2\/media?parent=8409"}],"wp:term":[{"taxonomy":"product_brand","embeddable":true,"href":"https:\/\/ceoparts.com\/es\/wp-json\/wp\/v2\/product_brand?post=8409"},{"taxonomy":"product_cat","embeddable":true,"href":"https:\/\/ceoparts.com\/es\/wp-json\/wp\/v2\/product_cat?post=8409"},{"taxonomy":"product_tag","embeddable":true,"href":"https:\/\/ceoparts.com\/es\/wp-json\/wp\/v2\/product_tag?post=8409"}],"curies":[{"name":"wp","href":"https:\/\/api.w.org\/{rel}","templated":true}]}}