{"id":8412,"date":"2021-02-14T23:36:06","date_gmt":"2021-02-14T20:36:06","guid":{"rendered":"https:\/\/ceoparts.com\/?post_type=product&#038;p=8412"},"modified":"2026-05-16T20:05:25","modified_gmt":"2026-05-16T17:05:25","slug":"85x100-102-25-yuk-tekeri","status":"publish","type":"product","link":"https:\/\/ceoparts.com\/es\/urun\/85x100-102-25-yuk-tekeri\/","title":{"rendered":"85&#215;100\/102-25 Ceoparts Ruedas de carga &#8211; 4413923 , 4490050"},"content":{"rendered":"<p>85&#215;100\/102-25 Ceoparts Ruedas de carga &#8211; 4413923 , 4490050<\/p>\n<p>CS20\/711040\/06-06<\/p>\n<p>CX20\/711044\/01-07<\/p>\n<p>EGU-710115\/710117\/710119\/710125<\/p>\n<p>EGV 14\/16-710244\/710248\/710250<br \/>\nEGV 10-12\/710239-710241\/01-07<br \/>\nEGV 10-12\/710240-710242\/01-07<\/p>\n<p>EXU-S\/710148-710149\/01-07<br \/>\nEXU 710140\/710141\/710142\/710143\/01-07<br \/>\nEXU AC 710150\/710151\/710152\/0143<\/p>","protected":false},"excerpt":{"rendered":"<p data-start=\"116\" data-end=\"598\"><br data-start=\"5249\" data-end=\"5252\" \/>La <strong data-start=\"5255\" data-end=\"5315\">Rueda de carga 85\u00d7100\/102-25 Ceoparts \u2013 4413923, 4490050<\/strong> est\u00e1 dise\u00f1ada para montacargas y maquinaria pesada, ofreciendo alta capacidad de carga y durabilidad. La combinaci\u00f3n de caucho de calidad y cuerpo met\u00e1lico reforzado garantiza un rendimiento duradero en condiciones dif\u00edciles. Su alta capacidad de carga mejora la eficiencia de la maquinaria, mientras que la reducci\u00f3n de vibraciones apoya la comodidad del operador. F\u00e1cil de mantener y un componente cr\u00edtico para la seguridad laboral.<\/p>\n<p data-start=\"5752\" data-end=\"6116\"><strong data-start=\"5752\" data-end=\"5771\">Caracter\u00edsticas<\/strong><br data-start=\"5771\" data-end=\"5774\" \/><strong data-start=\"5774\" data-end=\"5798\">Nombre del producto:<\/strong> Rueda de carga<br data-start=\"5813\" data-end=\"5816\" \/><strong data-start=\"5816\" data-end=\"5836\">N\u00famero de pieza:<\/strong> 4413923, 4490050<br data-start=\"5853\" data-end=\"5856\" \/><strong data-start=\"5856\" data-end=\"5869\">Material:<\/strong> Caucho duradero, cuerpo met\u00e1lico reforzado<br data-start=\"5912\" data-end=\"5915\" \/><strong data-start=\"5915\" data-end=\"5930\">Aplicaci\u00f3n:<\/strong> Sistema de carga para montacargas y maquinaria pesada<br data-start=\"5984\" data-end=\"5987\" \/><strong data-start=\"5987\" data-end=\"5999\">Ventaja:<\/strong> Alta resistencia al desgaste, larga vida \u00fatil, reducci\u00f3n de vibraciones, f\u00e1cil mantenimiento, estabilidad mejorada<\/p>\n<p>&nbsp;<\/p>\n","protected":false},"featured_media":15561,"template":"","meta":[],"product_brand":[],"product_cat":[398,400],"product_tag":[],"class_list":{"0":"post-8412","1":"product","2":"type-product","3":"status-publish","4":"has-post-thumbnail","6":"product_cat-catal-tekeri-ceo","7":"product_cat-catal-tekeri","9":"first","10":"instock","11":"taxable","12":"shipping-taxable","13":"purchasable","14":"product-type-simple"},"_links":{"self":[{"href":"https:\/\/ceoparts.com\/es\/wp-json\/wp\/v2\/product\/8412","targetHints":{"allow":["GET"]}}],"collection":[{"href":"https:\/\/ceoparts.com\/es\/wp-json\/wp\/v2\/product"}],"about":[{"href":"https:\/\/ceoparts.com\/es\/wp-json\/wp\/v2\/types\/product"}],"wp:featuredmedia":[{"embeddable":true,"href":"https:\/\/ceoparts.com\/es\/wp-json\/wp\/v2\/media\/15561"}],"wp:attachment":[{"href":"https:\/\/ceoparts.com\/es\/wp-json\/wp\/v2\/media?parent=8412"}],"wp:term":[{"taxonomy":"product_brand","embeddable":true,"href":"https:\/\/ceoparts.com\/es\/wp-json\/wp\/v2\/product_brand?post=8412"},{"taxonomy":"product_cat","embeddable":true,"href":"https:\/\/ceoparts.com\/es\/wp-json\/wp\/v2\/product_cat?post=8412"},{"taxonomy":"product_tag","embeddable":true,"href":"https:\/\/ceoparts.com\/es\/wp-json\/wp\/v2\/product_tag?post=8412"}],"curies":[{"name":"wp","href":"https:\/\/api.w.org\/{rel}","templated":true}]}}