{"id":8413,"date":"2021-02-14T23:37:22","date_gmt":"2021-02-14T20:37:22","guid":{"rendered":"https:\/\/ceoparts.com\/?post_type=product&#038;p=8413"},"modified":"2026-05-16T18:47:15","modified_gmt":"2026-05-16T15:47:15","slug":"85x100-102-20-yuk-tekeri","status":"publish","type":"product","link":"https:\/\/ceoparts.com\/es\/urun\/85x100-102-20-yuk-tekeri\/","title":{"rendered":"85&#215;100\/102-20 Ceoparts Ruedas de carga &#8211; 215176"},"content":{"rendered":"<p>85&#215;100\/102-20 Ceoparts Ruedas de carga &#8211; 215176<\/p>\n<p>BT 10100 BT 215176<\/p>\n<p>BT LPE200<br \/>\nBT LWE200<br \/>\nBT P20 ORION<br \/>\nBT W20 ORION<br \/>\nBT LT2200<br \/>\nBT MP 16\/20<br \/>\nBT MT 22<\/p>","protected":false},"excerpt":{"rendered":"<p data-start=\"106\" data-end=\"543\"><br data-start=\"5040\" data-end=\"5043\" \/>La <strong data-start=\"5046\" data-end=\"5096\">Rueda de carga 85\u00d7100\/102-20 Ceoparts \u2013 215176<\/strong> est\u00e1 dise\u00f1ada para montacargas y maquinaria pesada, ofreciendo alta capacidad de carga y durabilidad. La combinaci\u00f3n de caucho de calidad y cuerpo met\u00e1lico resistente garantiza un rendimiento duradero en condiciones dif\u00edciles. Mejora la eficiencia de la maquinaria con su alta capacidad de carga y reduce las vibraciones para mejorar la comodidad del operador. F\u00e1cil de mantener y un componente importante para la seguridad laboral.<\/p>\n<p data-start=\"5531\" data-end=\"5880\"><strong data-start=\"5531\" data-end=\"5550\">Caracter\u00edsticas<\/strong><br data-start=\"5550\" data-end=\"5553\" \/><strong data-start=\"5553\" data-end=\"5577\">Nombre del producto:<\/strong> Rueda de carga<br data-start=\"5592\" data-end=\"5595\" \/><strong data-start=\"5595\" data-end=\"5615\">N\u00famero de pieza:<\/strong> 215176<br data-start=\"5622\" data-end=\"5625\" \/><strong data-start=\"5625\" data-end=\"5638\">Material:<\/strong> Caucho duradero, cuerpo met\u00e1lico reforzado<br data-start=\"5681\" data-end=\"5684\" \/><strong data-start=\"5684\" data-end=\"5699\">Aplicaci\u00f3n:<\/strong> Sistema de carga para montacargas y maquinaria pesada<br data-start=\"5753\" data-end=\"5756\" \/><strong data-start=\"5756\" data-end=\"5768\">Ventaja:<\/strong> Alta capacidad de carga, larga vida \u00fatil, reducci\u00f3n de vibraciones, f\u00e1cil mantenimiento, estabilidad mejorada<\/p>\n","protected":false},"featured_media":15558,"template":"","meta":[],"product_brand":[],"product_cat":[251,253,398,400],"product_tag":[],"class_list":{"0":"post-8413","1":"product","2":"type-product","3":"status-publish","4":"has-post-thumbnail","6":"product_cat-bt","7":"product_cat-catal-tekeri-bt","8":"product_cat-catal-tekeri-ceo","9":"product_cat-catal-tekeri","11":"first","12":"instock","13":"taxable","14":"shipping-taxable","15":"purchasable","16":"product-type-simple"},"_links":{"self":[{"href":"https:\/\/ceoparts.com\/es\/wp-json\/wp\/v2\/product\/8413","targetHints":{"allow":["GET"]}}],"collection":[{"href":"https:\/\/ceoparts.com\/es\/wp-json\/wp\/v2\/product"}],"about":[{"href":"https:\/\/ceoparts.com\/es\/wp-json\/wp\/v2\/types\/product"}],"wp:featuredmedia":[{"embeddable":true,"href":"https:\/\/ceoparts.com\/es\/wp-json\/wp\/v2\/media\/15558"}],"wp:attachment":[{"href":"https:\/\/ceoparts.com\/es\/wp-json\/wp\/v2\/media?parent=8413"}],"wp:term":[{"taxonomy":"product_brand","embeddable":true,"href":"https:\/\/ceoparts.com\/es\/wp-json\/wp\/v2\/product_brand?post=8413"},{"taxonomy":"product_cat","embeddable":true,"href":"https:\/\/ceoparts.com\/es\/wp-json\/wp\/v2\/product_cat?post=8413"},{"taxonomy":"product_tag","embeddable":true,"href":"https:\/\/ceoparts.com\/es\/wp-json\/wp\/v2\/product_tag?post=8413"}],"curies":[{"name":"wp","href":"https:\/\/api.w.org\/{rel}","templated":true}]}}