{"id":8414,"date":"2021-02-14T23:38:21","date_gmt":"2021-02-14T20:38:21","guid":{"rendered":"https:\/\/ceoparts.com\/?post_type=product&#038;p=8414"},"modified":"2026-05-16T16:18:27","modified_gmt":"2026-05-16T13:18:27","slug":"85x100-102-17-yuk-tekeri","status":"publish","type":"product","link":"https:\/\/ceoparts.com\/es\/urun\/85x100-102-17-yuk-tekeri\/","title":{"rendered":"85&#215;100\/102-17 Ceoparts Ruedas de carga-167599 , 225152"},"content":{"rendered":"<p>85&#215;100\/102-17 Ceoparts Ruedas de carga-167599 , 225152<\/p>\n<p>BT 167599, 225152, 119991, 129929,129930<\/p>\n<p>BT L2000<br \/>\nBT L23<br \/>\nBT LWE 180<br \/>\nBT LWE 200<br \/>\nBT PPT 1400<br \/>\nBT PPT1600<br \/>\nBT PPT1800<br \/>\nBT PPT2000<br \/>\nBT W18 ORION<br \/>\nBT W20<\/p>","protected":false},"excerpt":{"rendered":"<p data-start=\"116\" data-end=\"558\"><br data-start=\"5070\" data-end=\"5073\" \/>La <strong data-start=\"5076\" data-end=\"5134\">Rueda de carga 85\u00d7100\/102-17 Ceoparts &#8211; 167599, 225152<\/strong> est\u00e1 dise\u00f1ada para montacargas y maquinaria pesada, ofreciendo alta capacidad de carga y durabilidad. La combinaci\u00f3n de caucho de calidad y cuerpo met\u00e1lico resistente garantiza un rendimiento duradero en condiciones dif\u00edciles. Mejora la eficiencia de la maquinaria con su alta capacidad de carga y reduce las vibraciones para mejorar la comodidad del operador. F\u00e1cil de mantener y mejora la seguridad laboral.<\/p>\n<p data-start=\"5546\" data-end=\"5903\"><strong data-start=\"5546\" data-end=\"5565\">Caracter\u00edsticas<\/strong><br data-start=\"5565\" data-end=\"5568\" \/><strong data-start=\"5568\" data-end=\"5592\">Nombre del producto:<\/strong> Rueda de carga<br data-start=\"5607\" data-end=\"5610\" \/><strong data-start=\"5610\" data-end=\"5630\">N\u00famero de pieza:<\/strong> 167599, 225152<br data-start=\"5645\" data-end=\"5648\" \/><strong data-start=\"5648\" data-end=\"5661\">Material:<\/strong> Caucho duradero, cuerpo met\u00e1lico reforzado<br data-start=\"5704\" data-end=\"5707\" \/><strong data-start=\"5707\" data-end=\"5722\">Aplicaci\u00f3n:<\/strong> Sistema de carga para montacargas y maquinaria pesada<br data-start=\"5776\" data-end=\"5779\" \/><strong data-start=\"5779\" data-end=\"5791\">Ventaja:<\/strong> Alta capacidad de carga, larga vida \u00fatil, reducci\u00f3n de vibraciones, f\u00e1cil mantenimiento, estabilidad mejorada<\/p>\n<p>&nbsp;<\/p>\n","protected":false},"featured_media":15552,"template":"","meta":[],"product_brand":[],"product_cat":[251,253,398,400],"product_tag":[],"class_list":{"0":"post-8414","1":"product","2":"type-product","3":"status-publish","4":"has-post-thumbnail","6":"product_cat-bt","7":"product_cat-catal-tekeri-bt","8":"product_cat-catal-tekeri-ceo","9":"product_cat-catal-tekeri","11":"first","12":"instock","13":"taxable","14":"shipping-taxable","15":"purchasable","16":"product-type-simple"},"_links":{"self":[{"href":"https:\/\/ceoparts.com\/es\/wp-json\/wp\/v2\/product\/8414","targetHints":{"allow":["GET"]}}],"collection":[{"href":"https:\/\/ceoparts.com\/es\/wp-json\/wp\/v2\/product"}],"about":[{"href":"https:\/\/ceoparts.com\/es\/wp-json\/wp\/v2\/types\/product"}],"wp:featuredmedia":[{"embeddable":true,"href":"https:\/\/ceoparts.com\/es\/wp-json\/wp\/v2\/media\/15552"}],"wp:attachment":[{"href":"https:\/\/ceoparts.com\/es\/wp-json\/wp\/v2\/media?parent=8414"}],"wp:term":[{"taxonomy":"product_brand","embeddable":true,"href":"https:\/\/ceoparts.com\/es\/wp-json\/wp\/v2\/product_brand?post=8414"},{"taxonomy":"product_cat","embeddable":true,"href":"https:\/\/ceoparts.com\/es\/wp-json\/wp\/v2\/product_cat?post=8414"},{"taxonomy":"product_tag","embeddable":true,"href":"https:\/\/ceoparts.com\/es\/wp-json\/wp\/v2\/product_tag?post=8414"}],"curies":[{"name":"wp","href":"https:\/\/api.w.org\/{rel}","templated":true}]}}