{"id":8419,"date":"2021-02-15T01:52:32","date_gmt":"2021-02-14T22:52:32","guid":{"rendered":"https:\/\/ceoparts.com\/?post_type=product&#038;p=8419"},"modified":"2026-05-16T17:28:32","modified_gmt":"2026-05-16T14:28:32","slug":"100x40-20-denge-tekeri","status":"publish","type":"product","link":"https:\/\/ceoparts.com\/es\/urun\/100x40-20-denge-tekeri\/","title":{"rendered":"100&#215;40-20 Wicke Rueda Auxiliar &#8211; 580037736 , 1530397 , 51161163"},"content":{"rendered":"<p>100&#215;40-20 Wicke Rueda Auxiliar &#8211; 580037736 , 1530397 , 51161163<\/p>\n<p>Yale MP16\/18\/20\u00a0 Serie C 841X\u00a0\u00a0 100&#215;40-20<\/p>\n<p><span style=\"color: #231f20; font-family: Arial; font-size: xx-large;\"><span style=\"color: #000000; font-family: Times New Roman; font-size: medium;\">Hyster P 1.6\/1.8\/2.0 Serie C437<\/span><\/span><\/p>","protected":false},"excerpt":{"rendered":"<p data-start=\"123\" data-end=\"608\"><br data-start=\"5606\" data-end=\"5609\" \/>La <strong data-start=\"5612\" data-end=\"5683\">Rueda estabilizadora 100\u00d740-20 Wicke \u2013 580037736, 1530397, 51161163<\/strong> est\u00e1 especialmente fabricada para montacargas y maquinaria pesada, ofreciendo durabilidad superior y alta estabilidad. La combinaci\u00f3n de caucho de calidad y cuerpo met\u00e1lico reforzado garantiza un rendimiento duradero en condiciones dif\u00edciles. Minimiza las vibraciones para mejorar la comodidad del operador, reduce las necesidades de mantenimiento y mejora la eficiencia de la m\u00e1quina. Ideal para montacargas que operan en espacios reducidos y dif\u00edciles, apoyando la seguridad laboral.<\/p>\n<p data-start=\"6171\" data-end=\"6561\"><strong data-start=\"6171\" data-end=\"6190\">Caracter\u00edsticas<\/strong><br data-start=\"6190\" data-end=\"6193\" \/><strong data-start=\"6193\" data-end=\"6217\">Nombre del producto:<\/strong> Rueda estabilizadora<br data-start=\"6238\" data-end=\"6241\" \/><strong data-start=\"6241\" data-end=\"6261\">N\u00famero de pieza:<\/strong> 580037736, 1530397, 51161163<br data-start=\"6290\" data-end=\"6293\" \/><strong data-start=\"6293\" data-end=\"6306\">Material:<\/strong> Caucho duradero, cuerpo met\u00e1lico reforzado<br data-start=\"6349\" data-end=\"6352\" \/><strong data-start=\"6352\" data-end=\"6367\">Aplicaci\u00f3n:<\/strong> Sistema de estabilizaci\u00f3n para montacargas y maquinaria pesada<br data-start=\"6430\" data-end=\"6433\" \/><strong data-start=\"6433\" data-end=\"6445\">Ventaja:<\/strong> Alta resistencia al desgaste, larga vida \u00fatil, reducci\u00f3n de vibraciones, bajo mantenimiento, estabilidad mejorada<\/p>\n<p>&nbsp;<\/p>\n","protected":false},"featured_media":15080,"template":"","meta":[],"product_brand":[],"product_cat":[403,256,258,185],"product_tag":[],"class_list":{"0":"post-8419","1":"product","2":"type-product","3":"status-publish","4":"has-post-thumbnail","6":"product_cat-denge-tekeri-wicke","7":"product_cat-hyster","8":"product_cat-denge-tekeri-hyster","9":"product_cat-denge-tekeri","11":"first","12":"instock","13":"taxable","14":"shipping-taxable","15":"purchasable","16":"product-type-simple"},"_links":{"self":[{"href":"https:\/\/ceoparts.com\/es\/wp-json\/wp\/v2\/product\/8419","targetHints":{"allow":["GET"]}}],"collection":[{"href":"https:\/\/ceoparts.com\/es\/wp-json\/wp\/v2\/product"}],"about":[{"href":"https:\/\/ceoparts.com\/es\/wp-json\/wp\/v2\/types\/product"}],"wp:featuredmedia":[{"embeddable":true,"href":"https:\/\/ceoparts.com\/es\/wp-json\/wp\/v2\/media\/15080"}],"wp:attachment":[{"href":"https:\/\/ceoparts.com\/es\/wp-json\/wp\/v2\/media?parent=8419"}],"wp:term":[{"taxonomy":"product_brand","embeddable":true,"href":"https:\/\/ceoparts.com\/es\/wp-json\/wp\/v2\/product_brand?post=8419"},{"taxonomy":"product_cat","embeddable":true,"href":"https:\/\/ceoparts.com\/es\/wp-json\/wp\/v2\/product_cat?post=8419"},{"taxonomy":"product_tag","embeddable":true,"href":"https:\/\/ceoparts.com\/es\/wp-json\/wp\/v2\/product_tag?post=8419"}],"curies":[{"name":"wp","href":"https:\/\/api.w.org\/{rel}","templated":true}]}}