{"id":8420,"date":"2021-02-15T01:53:29","date_gmt":"2021-02-14T22:53:29","guid":{"rendered":"https:\/\/ceoparts.com\/?post_type=product&#038;p=8420"},"modified":"2026-05-16T19:46:01","modified_gmt":"2026-05-16T16:46:01","slug":"115x55x20-denge-tekeri","status":"publish","type":"product","link":"https:\/\/ceoparts.com\/es\/urun\/115x55x20-denge-tekeri\/","title":{"rendered":"115&#215;55-20 Ceoparts Rueda Auxiliar &#8211; 2700332001 , 2700332003"},"content":{"rendered":"<p>115&#215;55-20 Ceoparts Rueda Auxiliar &#8211; 2700332001 , 2700332003<\/p>\n<p>2700300000 2700332001 2700332003<\/p>\n<p>Heli CBD25<\/p>\n<p>CBD20-460\/470,<\/p>\n<p>CDD14-16L-930\/950\/960\/980<\/p>\n<p>CDD12-030<\/p>\n<p>CDD10-050 CDD10-070 CDD10-080 CDD10-090<\/p>","protected":false},"excerpt":{"rendered":"<p data-start=\"120\" data-end=\"621\"><br data-start=\"5598\" data-end=\"5601\" \/>La <strong data-start=\"5604\" data-end=\"5672\">Rueda estabilizadora 115\u00d755-20 Ceoparts \u2013 2700332001, 2700332003<\/strong> est\u00e1 dise\u00f1ada para montacargas y maquinaria pesada, ofreciendo alta durabilidad y estabilidad superior. La combinaci\u00f3n de caucho de calidad y cuerpo met\u00e1lico reforzado garantiza un rendimiento duradero incluso en condiciones de trabajo dif\u00edciles. Reduce las vibraciones para mejorar la comodidad del operador y apoyar la eficiencia de la m\u00e1quina. F\u00e1cil de mantener e ideal para montacargas que operan en espacios confinados. Un componente cr\u00edtico para la seguridad y el rendimiento.<\/p>\n<p data-start=\"6157\" data-end=\"6542\"><strong data-start=\"6157\" data-end=\"6176\">Caracter\u00edsticas<\/strong><br data-start=\"6176\" data-end=\"6179\" \/><strong data-start=\"6179\" data-end=\"6203\">Nombre del producto:<\/strong> Rueda estabilizadora<br data-start=\"6224\" data-end=\"6227\" \/><strong data-start=\"6227\" data-end=\"6247\">N\u00famero de pieza:<\/strong> 2700332001, 2700332003<br data-start=\"6270\" data-end=\"6273\" \/><strong data-start=\"6273\" data-end=\"6286\">Material:<\/strong> Caucho duradero, cuerpo met\u00e1lico reforzado<br data-start=\"6329\" data-end=\"6332\" \/><strong data-start=\"6332\" data-end=\"6347\">Aplicaci\u00f3n:<\/strong> Sistema de estabilizaci\u00f3n para montacargas y maquinaria pesada<br data-start=\"6410\" data-end=\"6413\" \/><strong data-start=\"6413\" data-end=\"6425\">Ventaja:<\/strong> Alta resistencia al desgaste, larga vida \u00fatil, reducci\u00f3n de vibraciones, f\u00e1cil mantenimiento, estabilidad mejorada<\/p>\n","protected":false},"featured_media":15083,"template":"","meta":[],"product_brand":[],"product_cat":[396,185],"product_tag":[],"class_list":{"0":"post-8420","1":"product","2":"type-product","3":"status-publish","4":"has-post-thumbnail","6":"product_cat-denge-tekeri-ceo","7":"product_cat-denge-tekeri","9":"first","10":"instock","11":"taxable","12":"shipping-taxable","13":"purchasable","14":"product-type-simple"},"_links":{"self":[{"href":"https:\/\/ceoparts.com\/es\/wp-json\/wp\/v2\/product\/8420","targetHints":{"allow":["GET"]}}],"collection":[{"href":"https:\/\/ceoparts.com\/es\/wp-json\/wp\/v2\/product"}],"about":[{"href":"https:\/\/ceoparts.com\/es\/wp-json\/wp\/v2\/types\/product"}],"wp:featuredmedia":[{"embeddable":true,"href":"https:\/\/ceoparts.com\/es\/wp-json\/wp\/v2\/media\/15083"}],"wp:attachment":[{"href":"https:\/\/ceoparts.com\/es\/wp-json\/wp\/v2\/media?parent=8420"}],"wp:term":[{"taxonomy":"product_brand","embeddable":true,"href":"https:\/\/ceoparts.com\/es\/wp-json\/wp\/v2\/product_brand?post=8420"},{"taxonomy":"product_cat","embeddable":true,"href":"https:\/\/ceoparts.com\/es\/wp-json\/wp\/v2\/product_cat?post=8420"},{"taxonomy":"product_tag","embeddable":true,"href":"https:\/\/ceoparts.com\/es\/wp-json\/wp\/v2\/product_tag?post=8420"}],"curies":[{"name":"wp","href":"https:\/\/api.w.org\/{rel}","templated":true}]}}