{"id":8425,"date":"2021-02-15T10:33:50","date_gmt":"2021-02-15T07:33:50","guid":{"rendered":"https:\/\/ceoparts.com\/?post_type=product&#038;p=8425"},"modified":"2026-05-16T11:44:03","modified_gmt":"2026-05-16T08:44:03","slug":"125x50-54-20-denge-tekeri","status":"publish","type":"product","link":"https:\/\/ceoparts.com\/es\/urun\/125x50-54-20-denge-tekeri\/","title":{"rendered":"125&#215;50\/54-20 Ceoparts Rueda Auxiliar &#8211; 156259"},"content":{"rendered":"<p>125&#215;50\/54-20 Ceoparts Rueda Auxiliar &#8211; 156259<\/p>\n<p>MO 15<\/p>\n<p>PPO 1500MX<\/p>\n<p>MPH 16<br \/>\nMPL 10<br \/>\nMPL 12<br \/>\nMPL 12 F<br \/>\nMPL 16D<\/p>\n<p>PPH 1600 MX<\/p>\n<p>PPS 1000 MX<br \/>\nPPS 1200 MX<br \/>\nPPS 1200MXF<br \/>\nPPS 1600 MXD<\/p>\n<p>S12 F<br \/>\nS16 D<\/p>\n<p>SWE 080 L<br \/>\nSWE100 STAXIO<br \/>\nSWE 120 IKEA<br \/>\nSWE 120 STAXIO<br \/>\nSWE 120 L<br \/>\nSWE 120 LIKEA<br \/>\nSWE 140 STAXIO<br \/>\nSWE 140 L STAXIO<br \/>\nSWE 160 D IKEA<br \/>\nSWE 160D<br \/>\nSWE 200 D IKEA<br \/>\nSWE 200 D<\/p>\n<p>LWE 140 LEVIO<br \/>\nLWE 160LEVIO<br \/>\nLWE 180<br \/>\nLWE 180 LEVIO<br \/>\nLWE 200<br \/>\nLWE 200 N<br \/>\nLWE 250LEVIO<\/p>\n<p>MP 14 C<br \/>\nMP 14<br \/>\nMP 16<br \/>\nMP 20<br \/>\nMP 20L<\/p>\n<p>PPL 2000 MX<\/p>\n<p>PPT 1400 C<br \/>\nPPT 1400 MX<br \/>\nPPT 1400MXC<br \/>\nPPT 1600 MX<br \/>\nPPT 1800 MMD<br \/>\nPPT 2000 MX<br \/>\nPPT 2000MMD<\/p>\n<p>W18 ORION<br \/>\nW20 ORION<br \/>\nW20 N<\/p>","protected":false},"excerpt":{"rendered":"<p data-start=\"203\" data-end=\"789\"><br data-start=\"6207\" data-end=\"6210\" \/>La <strong data-start=\"6213\" data-end=\"6268\">Rueda estabilizadora 125\u00d750\/54-20 Ceoparts \u2013 156259<\/strong> est\u00e1 dise\u00f1ada para montacargas y maquinaria pesada para mejorar la estabilidad del veh\u00edculo y garantizar un funcionamiento seguro y equilibrado. Fabricada con caucho de alta calidad y metal duradero, esta rueda estabilizadora ofrece una larga vida \u00fatil incluso bajo cargas pesadas. Reduce las vibraciones, aumentando la comodidad del operador y mejorando la eficiencia de la m\u00e1quina. Su construcci\u00f3n robusta resiste condiciones de trabajo dif\u00edciles y minimiza las necesidades de mantenimiento. Permite a los montacargas moverse con mayor estabilidad en espacios estrechos y terrenos dif\u00edciles, mejorando la seguridad laboral.<\/p>\n<p data-start=\"6896\" data-end=\"7264\"><strong data-start=\"6896\" data-end=\"6915\">Caracter\u00edsticas<\/strong><br data-start=\"6915\" data-end=\"6918\" \/><strong data-start=\"6918\" data-end=\"6942\">Nombre del producto:<\/strong> Rueda estabilizadora<br data-start=\"6963\" data-end=\"6966\" \/><strong data-start=\"6966\" data-end=\"6986\">N\u00famero de pieza:<\/strong> 156259<br data-start=\"6993\" data-end=\"6996\" \/><strong data-start=\"6996\" data-end=\"7009\">Material:<\/strong> Caucho duradero, cuerpo met\u00e1lico reforzado<br data-start=\"7052\" data-end=\"7055\" \/><strong data-start=\"7055\" data-end=\"7070\">Aplicaci\u00f3n:<\/strong> Sistema de estabilizaci\u00f3n para montacargas y maquinaria pesada<br data-start=\"7133\" data-end=\"7136\" \/><strong data-start=\"7136\" data-end=\"7148\">Ventaja:<\/strong> Alta resistencia al desgaste, larga vida \u00fatil, reducci\u00f3n de vibraciones, bajo mantenimiento, estabilidad mejorada<\/p>\n","protected":false},"featured_media":12048,"template":"","meta":[],"product_brand":[],"product_cat":[396,185],"product_tag":[],"class_list":{"0":"post-8425","1":"product","2":"type-product","3":"status-publish","4":"has-post-thumbnail","6":"product_cat-denge-tekeri-ceo","7":"product_cat-denge-tekeri","9":"first","10":"instock","11":"taxable","12":"shipping-taxable","13":"purchasable","14":"product-type-simple"},"_links":{"self":[{"href":"https:\/\/ceoparts.com\/es\/wp-json\/wp\/v2\/product\/8425","targetHints":{"allow":["GET"]}}],"collection":[{"href":"https:\/\/ceoparts.com\/es\/wp-json\/wp\/v2\/product"}],"about":[{"href":"https:\/\/ceoparts.com\/es\/wp-json\/wp\/v2\/types\/product"}],"wp:featuredmedia":[{"embeddable":true,"href":"https:\/\/ceoparts.com\/es\/wp-json\/wp\/v2\/media\/12048"}],"wp:attachment":[{"href":"https:\/\/ceoparts.com\/es\/wp-json\/wp\/v2\/media?parent=8425"}],"wp:term":[{"taxonomy":"product_brand","embeddable":true,"href":"https:\/\/ceoparts.com\/es\/wp-json\/wp\/v2\/product_brand?post=8425"},{"taxonomy":"product_cat","embeddable":true,"href":"https:\/\/ceoparts.com\/es\/wp-json\/wp\/v2\/product_cat?post=8425"},{"taxonomy":"product_tag","embeddable":true,"href":"https:\/\/ceoparts.com\/es\/wp-json\/wp\/v2\/product_tag?post=8425"}],"curies":[{"name":"wp","href":"https:\/\/api.w.org\/{rel}","templated":true}]}}