{"id":8428,"date":"2021-02-15T10:40:31","date_gmt":"2021-02-15T07:40:31","guid":{"rendered":"https:\/\/ceoparts.com\/?post_type=product&#038;p=8428"},"modified":"2026-05-16T05:01:46","modified_gmt":"2026-05-16T02:01:46","slug":"125x50-60-20-alu-denge-tekeri","status":"publish","type":"product","link":"https:\/\/ceoparts.com\/es\/urun\/125x50-60-20-alu-denge-tekeri\/","title":{"rendered":"125&#215;50\/60-20 Tellure Rota Rueda Auxiliar 7563324 \/ 50464813 \/ 7611201"},"content":{"rendered":"<p>125&#215;50\/60-20 Tellure Rota Rueda Auxiliar 7563324 \/ 50464813 \/ 7611201<\/p>\n<div class=\"font12\">BT LPE200 \/LPE220 \/ LPE250 z 2016r.<\/div>\n<div class=\"font12\">SPE160 L po 2015<\/div>","protected":false},"excerpt":{"rendered":"<div>\n<p data-start=\"122\" data-end=\"558\"><br data-start=\"5282\" data-end=\"5285\" \/>El <strong data-start=\"5288\" data-end=\"5334\">Rodillo de carga 125\u00d750\/60-20 Tellure Rota<\/strong> es una rueda de equilibrio de alta calidad y duradera dise\u00f1ada especialmente para montacargas y maquinaria pesada. Fabricado bajo la marca confiable Tellure Rota, este rodillo cuenta con un n\u00facleo met\u00e1lico robusto con recubrimiento de caucho o poliuretano para un funcionamiento duradero y silencioso. Mejora la estabilidad de montacargas y maquinaria, garantizando un uso seguro y eficiente.<\/p>\n<p data-start=\"5729\" data-end=\"6150\"><strong data-start=\"5729\" data-end=\"5748\">Caracter\u00edsticas<\/strong><br data-start=\"5748\" data-end=\"5751\" \/><strong data-start=\"5751\" data-end=\"5775\">Nombre del producto:<\/strong> Rodillo de carga 125\u00d750\/60-20 Tellure Rota<br data-start=\"5818\" data-end=\"5821\" \/><strong data-start=\"5821\" data-end=\"5841\">N\u00famero de pieza:<\/strong> 7563324 \/ 50464813<br data-start=\"5860\" data-end=\"5863\" \/><strong data-start=\"5863\" data-end=\"5876\">Material:<\/strong> N\u00facleo met\u00e1lico robusto, recubrimiento de caucho o poliuretano<br data-start=\"5939\" data-end=\"5942\" \/><strong data-start=\"5942\" data-end=\"5957\">Aplicaci\u00f3n:<\/strong> Sistemas de equilibrio para montacargas y maquinaria pesada<br data-start=\"6017\" data-end=\"6020\" \/><strong data-start=\"6020\" data-end=\"6032\">Ventaja:<\/strong> Alta durabilidad, larga vida \u00fatil, funcionamiento silencioso, excelente estabilidad y equilibrio, f\u00e1cil instalaci\u00f3n<\/p>\n<\/div>\n","protected":false},"featured_media":11476,"template":"","meta":[],"product_brand":[],"product_cat":[251,252,412,413,185],"product_tag":[],"class_list":{"0":"post-8428","1":"product","2":"type-product","3":"status-publish","4":"has-post-thumbnail","6":"product_cat-bt","7":"product_cat-denge-tekeri-bt","8":"product_cat-tellure-rota","9":"product_cat-tellure-rota-denge-tekeri","10":"product_cat-denge-tekeri","12":"first","13":"instock","14":"taxable","15":"shipping-taxable","16":"purchasable","17":"product-type-simple"},"_links":{"self":[{"href":"https:\/\/ceoparts.com\/es\/wp-json\/wp\/v2\/product\/8428","targetHints":{"allow":["GET"]}}],"collection":[{"href":"https:\/\/ceoparts.com\/es\/wp-json\/wp\/v2\/product"}],"about":[{"href":"https:\/\/ceoparts.com\/es\/wp-json\/wp\/v2\/types\/product"}],"wp:featuredmedia":[{"embeddable":true,"href":"https:\/\/ceoparts.com\/es\/wp-json\/wp\/v2\/media\/11476"}],"wp:attachment":[{"href":"https:\/\/ceoparts.com\/es\/wp-json\/wp\/v2\/media?parent=8428"}],"wp:term":[{"taxonomy":"product_brand","embeddable":true,"href":"https:\/\/ceoparts.com\/es\/wp-json\/wp\/v2\/product_brand?post=8428"},{"taxonomy":"product_cat","embeddable":true,"href":"https:\/\/ceoparts.com\/es\/wp-json\/wp\/v2\/product_cat?post=8428"},{"taxonomy":"product_tag","embeddable":true,"href":"https:\/\/ceoparts.com\/es\/wp-json\/wp\/v2\/product_tag?post=8428"}],"curies":[{"name":"wp","href":"https:\/\/api.w.org\/{rel}","templated":true}]}}