{"id":8429,"date":"2021-02-15T10:46:45","date_gmt":"2021-02-15T07:46:45","guid":{"rendered":"https:\/\/ceoparts.com\/?post_type=product&#038;p=8429"},"modified":"2026-05-16T07:32:30","modified_gmt":"2026-05-16T04:32:30","slug":"125x54-60-20-alu-denge-tekeri","status":"publish","type":"product","link":"https:\/\/ceoparts.com\/es\/urun\/125x54-60-20-alu-denge-tekeri\/","title":{"rendered":"125&#215;54\/60-20 Wicke Rueda Auxiliar &#8211; 0009934060"},"content":{"rendered":"<p>125&#215;54\/60-20 Wicke Rueda Auxiliar &#8211; 0009934060<\/p>\n<p>125&#215;54\/60-20\u00a0 Linde \/ Still\u00a00009934060<\/p>\n<p>EXH 25-30 EXH-SF 20-25 (2360-2363)<\/p>","protected":false},"excerpt":{"rendered":"<p data-start=\"110\" data-end=\"533\"><br data-start=\"5127\" data-end=\"5130\" \/>El <strong data-start=\"5133\" data-end=\"5172\">Rodillo de carga 125\u00d754\/60-20 Wicke<\/strong> es una rueda de equilibrio de alta calidad y duradera dise\u00f1ada especialmente para montacargas y maquinaria pesada. Fabricado con la fiabilidad de la marca Wicke, este rodillo cuenta con un n\u00facleo met\u00e1lico robusto con recubrimiento de caucho o poliuretano para un funcionamiento duradero y silencioso. Mejora la estabilidad de montacargas y maquinaria, garantizando un uso seguro y eficiente.<\/p>\n<p data-start=\"5566\" data-end=\"5972\"><strong data-start=\"5566\" data-end=\"5585\">Caracter\u00edsticas<\/strong><br data-start=\"5585\" data-end=\"5588\" \/><strong data-start=\"5588\" data-end=\"5612\">Nombre del producto:<\/strong> Rodillo de carga 125\u00d754\/60-20 Wicke<br data-start=\"5648\" data-end=\"5651\" \/><strong data-start=\"5651\" data-end=\"5671\">N\u00famero de pieza:<\/strong> 0009934060<br data-start=\"5682\" data-end=\"5685\" \/><strong data-start=\"5685\" data-end=\"5698\">Material:<\/strong> N\u00facleo met\u00e1lico robusto, recubrimiento de caucho o poliuretano<br data-start=\"5761\" data-end=\"5764\" \/><strong data-start=\"5764\" data-end=\"5779\">Aplicaci\u00f3n:<\/strong> Sistemas de equilibrio para montacargas y maquinaria pesada<br data-start=\"5839\" data-end=\"5842\" \/><strong data-start=\"5842\" data-end=\"5854\">Ventaja:<\/strong> Alta durabilidad, larga vida \u00fatil, funcionamiento silencioso, excelente estabilidad y equilibrio, f\u00e1cil instalaci\u00f3n<\/p>\n<p>&nbsp;<\/p>\n","protected":false},"featured_media":11369,"template":"","meta":[],"product_brand":[],"product_cat":[241,242,246,247,401,403,185],"product_tag":[],"class_list":{"0":"post-8429","1":"product","2":"type-product","3":"status-publish","4":"has-post-thumbnail","6":"product_cat-still","7":"product_cat-denge-tekeri-still","8":"product_cat-linde","9":"product_cat-denge-tekeri-linde","10":"product_cat-wicke","11":"product_cat-denge-tekeri-wicke","12":"product_cat-denge-tekeri","14":"first","15":"instock","16":"taxable","17":"shipping-taxable","18":"purchasable","19":"product-type-simple"},"_links":{"self":[{"href":"https:\/\/ceoparts.com\/es\/wp-json\/wp\/v2\/product\/8429","targetHints":{"allow":["GET"]}}],"collection":[{"href":"https:\/\/ceoparts.com\/es\/wp-json\/wp\/v2\/product"}],"about":[{"href":"https:\/\/ceoparts.com\/es\/wp-json\/wp\/v2\/types\/product"}],"wp:featuredmedia":[{"embeddable":true,"href":"https:\/\/ceoparts.com\/es\/wp-json\/wp\/v2\/media\/11369"}],"wp:attachment":[{"href":"https:\/\/ceoparts.com\/es\/wp-json\/wp\/v2\/media?parent=8429"}],"wp:term":[{"taxonomy":"product_brand","embeddable":true,"href":"https:\/\/ceoparts.com\/es\/wp-json\/wp\/v2\/product_brand?post=8429"},{"taxonomy":"product_cat","embeddable":true,"href":"https:\/\/ceoparts.com\/es\/wp-json\/wp\/v2\/product_cat?post=8429"},{"taxonomy":"product_tag","embeddable":true,"href":"https:\/\/ceoparts.com\/es\/wp-json\/wp\/v2\/product_tag?post=8429"}],"curies":[{"name":"wp","href":"https:\/\/api.w.org\/{rel}","templated":true}]}}