{"id":8437,"date":"2021-02-15T11:00:24","date_gmt":"2021-02-15T08:00:24","guid":{"rendered":"https:\/\/ceoparts.com\/?post_type=product&#038;p=8437"},"modified":"2026-05-17T09:58:14","modified_gmt":"2026-05-17T06:58:14","slug":"140x50-62-20-denge-tekeri-39933811","status":"publish","type":"product","link":"https:\/\/ceoparts.com\/es\/urun\/140x50-62-20-denge-tekeri-39933811\/","title":{"rendered":"140&#215;50\/62-20 Ceoparts Rueda Auxiliar &#8211; 0039933811"},"content":{"rendered":"<p>140&#215;50\/62-20 Ceoparts Rueda Auxiliar &#8211; 0039933811<\/p>\n<p>132\u00a0N20\/N24\/N20L\/N20LI<br \/>\n133\u00a0L12\/L14-L12L\/L14L-L12LHP<br \/>\n140\u00a0T20R<br \/>\n144\u00a0T20S\/T20SF<br \/>\n149\u00a0N20\/N25\/N20L\/LI\/LX<br \/>\n149\u00a0N20V-N20VI<br \/>\n372\u00a0L14\/16\/L14AP\/16AP<\/p>","protected":false},"excerpt":{"rendered":"<p data-start=\"110\" data-end=\"527\"><br data-start=\"5140\" data-end=\"5143\" \/>El <strong data-start=\"5146\" data-end=\"5188\">Rodillo de carga 140\u00d750\/62-20 Ceoparts<\/strong> es una rueda de equilibrio duradera y de alto rendimiento dise\u00f1ada para montacargas y maquinaria pesada, fabricada con la calidad Ceoparts. Cuenta con un n\u00facleo met\u00e1lico robusto y un recubrimiento de caucho o poliuretano que ofrece larga vida \u00fatil, funcionamiento silencioso y rendimiento fiable. Mejora la estabilidad de los montacargas y la maquinaria, favoreciendo un uso seguro y eficiente.<\/p>\n<p data-start=\"5585\" data-end=\"5994\"><strong data-start=\"5585\" data-end=\"5604\">Caracter\u00edsticas<\/strong><br data-start=\"5604\" data-end=\"5607\" \/><strong data-start=\"5607\" data-end=\"5631\">Nombre del producto:<\/strong> Rodillo de carga 140\u00d750\/62-20 Ceoparts<br data-start=\"5670\" data-end=\"5673\" \/><strong data-start=\"5673\" data-end=\"5693\">N\u00famero de pieza:<\/strong> 0039933811<br data-start=\"5704\" data-end=\"5707\" \/><strong data-start=\"5707\" data-end=\"5720\">Material:<\/strong> N\u00facleo met\u00e1lico robusto, recubrimiento de caucho o poliuretano<br data-start=\"5783\" data-end=\"5786\" \/><strong data-start=\"5786\" data-end=\"5801\">Aplicaci\u00f3n:<\/strong> Sistemas de equilibrio para montacargas y maquinaria pesada<br data-start=\"5861\" data-end=\"5864\" \/><strong data-start=\"5864\" data-end=\"5876\">Ventaja:<\/strong> Alta durabilidad, larga vida \u00fatil, funcionamiento silencioso, excelente estabilidad y equilibrio, f\u00e1cil instalaci\u00f3n<\/p>\n","protected":false},"featured_media":16423,"template":"","meta":[],"product_brand":[],"product_cat":[396,185],"product_tag":[],"class_list":{"0":"post-8437","1":"product","2":"type-product","3":"status-publish","4":"has-post-thumbnail","6":"product_cat-denge-tekeri-ceo","7":"product_cat-denge-tekeri","9":"first","10":"instock","11":"taxable","12":"shipping-taxable","13":"purchasable","14":"product-type-simple"},"_links":{"self":[{"href":"https:\/\/ceoparts.com\/es\/wp-json\/wp\/v2\/product\/8437","targetHints":{"allow":["GET"]}}],"collection":[{"href":"https:\/\/ceoparts.com\/es\/wp-json\/wp\/v2\/product"}],"about":[{"href":"https:\/\/ceoparts.com\/es\/wp-json\/wp\/v2\/types\/product"}],"wp:featuredmedia":[{"embeddable":true,"href":"https:\/\/ceoparts.com\/es\/wp-json\/wp\/v2\/media\/16423"}],"wp:attachment":[{"href":"https:\/\/ceoparts.com\/es\/wp-json\/wp\/v2\/media?parent=8437"}],"wp:term":[{"taxonomy":"product_brand","embeddable":true,"href":"https:\/\/ceoparts.com\/es\/wp-json\/wp\/v2\/product_brand?post=8437"},{"taxonomy":"product_cat","embeddable":true,"href":"https:\/\/ceoparts.com\/es\/wp-json\/wp\/v2\/product_cat?post=8437"},{"taxonomy":"product_tag","embeddable":true,"href":"https:\/\/ceoparts.com\/es\/wp-json\/wp\/v2\/product_tag?post=8437"}],"curies":[{"name":"wp","href":"https:\/\/api.w.org\/{rel}","templated":true}]}}