{"id":8438,"date":"2021-02-15T11:01:34","date_gmt":"2021-02-15T08:01:34","guid":{"rendered":"https:\/\/ceoparts.com\/?post_type=product&#038;p=8438"},"modified":"2026-05-02T12:29:05","modified_gmt":"2026-05-02T09:29:05","slug":"140x50-62-20-denge-tekeri-2","status":"publish","type":"product","link":"https:\/\/ceoparts.com\/es\/urun\/140x50-62-20-denge-tekeri-2\/","title":{"rendered":"140&#215;50\/62-20 Rueda Auxiliar"},"content":{"rendered":"<p>140&#215;50\/62-20 Rueda Auxiliar<\/p>","protected":false},"excerpt":{"rendered":"<p data-start=\"88\" data-end=\"455\"><br data-start=\"4473\" data-end=\"4476\" \/>El <strong data-start=\"4479\" data-end=\"4512\">Rodillo de carga 140\u00d750\/62-20<\/strong> es una rueda de equilibrio de alta calidad y duradera dise\u00f1ada para montacargas y maquinaria pesada. Cuenta con un n\u00facleo met\u00e1lico robusto con recubrimiento de caucho o poliuretano, que ofrece larga vida \u00fatil, funcionamiento silencioso y rendimiento fiable. Mejora la estabilidad de la maquinaria, favoreciendo un uso seguro y eficiente.<\/p>\n<p data-start=\"4852\" data-end=\"5218\"><strong data-start=\"4852\" data-end=\"4871\">Caracter\u00edsticas<\/strong><br data-start=\"4871\" data-end=\"4874\" \/><strong data-start=\"4874\" data-end=\"4898\">Nombre del producto:<\/strong> Rodillo de carga 140\u00d750\/62-20<br data-start=\"4928\" data-end=\"4931\" \/><strong data-start=\"4931\" data-end=\"4944\">Material:<\/strong> N\u00facleo met\u00e1lico robusto, recubrimiento de caucho o poliuretano<br data-start=\"5007\" data-end=\"5010\" \/><strong data-start=\"5010\" data-end=\"5025\">Aplicaci\u00f3n:<\/strong> Sistemas de equilibrio para montacargas y maquinaria pesada<br data-start=\"5085\" data-end=\"5088\" \/><strong data-start=\"5088\" data-end=\"5100\">Ventaja:<\/strong> Alta durabilidad, larga vida \u00fatil, funcionamiento silencioso, excelente estabilidad y equilibrio, f\u00e1cil instalaci\u00f3n<\/p>\n","protected":false},"featured_media":17647,"template":"","meta":[],"product_brand":[],"product_cat":[185],"product_tag":[],"class_list":{"0":"post-8438","1":"product","2":"type-product","3":"status-publish","4":"has-post-thumbnail","6":"product_cat-denge-tekeri","8":"first","9":"instock","10":"taxable","11":"shipping-taxable","12":"purchasable","13":"product-type-simple"},"_links":{"self":[{"href":"https:\/\/ceoparts.com\/es\/wp-json\/wp\/v2\/product\/8438","targetHints":{"allow":["GET"]}}],"collection":[{"href":"https:\/\/ceoparts.com\/es\/wp-json\/wp\/v2\/product"}],"about":[{"href":"https:\/\/ceoparts.com\/es\/wp-json\/wp\/v2\/types\/product"}],"wp:featuredmedia":[{"embeddable":true,"href":"https:\/\/ceoparts.com\/es\/wp-json\/wp\/v2\/media\/17647"}],"wp:attachment":[{"href":"https:\/\/ceoparts.com\/es\/wp-json\/wp\/v2\/media?parent=8438"}],"wp:term":[{"taxonomy":"product_brand","embeddable":true,"href":"https:\/\/ceoparts.com\/es\/wp-json\/wp\/v2\/product_brand?post=8438"},{"taxonomy":"product_cat","embeddable":true,"href":"https:\/\/ceoparts.com\/es\/wp-json\/wp\/v2\/product_cat?post=8438"},{"taxonomy":"product_tag","embeddable":true,"href":"https:\/\/ceoparts.com\/es\/wp-json\/wp\/v2\/product_tag?post=8438"}],"curies":[{"name":"wp","href":"https:\/\/api.w.org\/{rel}","templated":true}]}}