{"id":8439,"date":"2021-02-15T11:02:26","date_gmt":"2021-02-15T08:02:26","guid":{"rendered":"https:\/\/ceoparts.com\/?post_type=product&#038;p=8439"},"modified":"2026-05-16T21:00:24","modified_gmt":"2026-05-16T18:00:24","slug":"140x55-64-143-denge-tekeri","status":"publish","type":"product","link":"https:\/\/ceoparts.com\/es\/urun\/140x55-64-143-denge-tekeri\/","title":{"rendered":"140&#215;55\/64-14,3 Rueda Auxiliar"},"content":{"rendered":"<p>140&#215;55\/64-14,3 Rueda Auxiliar<\/p>","protected":false},"excerpt":{"rendered":"<p data-start=\"90\" data-end=\"443\"><br data-start=\"4518\" data-end=\"4521\" \/>El <strong data-start=\"4524\" data-end=\"4559\">Rodillo de carga 140\u00d755\/64-14,3<\/strong> es una rueda de equilibrio duradera y de alto rendimiento dise\u00f1ada para montacargas y maquinaria pesada. Cuenta con un n\u00facleo met\u00e1lico robusto y un recubrimiento de caucho o poliuretano que ofrece larga vida \u00fatil, funcionamiento silencioso y rendimiento fiable. Mejora la estabilidad de la maquinaria, permitiendo un uso seguro y eficiente.<\/p>\n<p data-start=\"4902\" data-end=\"5270\"><strong data-start=\"4902\" data-end=\"4921\">Caracter\u00edsticas<\/strong><br data-start=\"4921\" data-end=\"4924\" \/><strong data-start=\"4924\" data-end=\"4948\">Nombre del producto:<\/strong> Rodillo de carga 140\u00d755\/64-14,3<br data-start=\"4980\" data-end=\"4983\" \/><strong data-start=\"4983\" data-end=\"4996\">Material:<\/strong> N\u00facleo met\u00e1lico robusto, recubrimiento de caucho o poliuretano<br data-start=\"5059\" data-end=\"5062\" \/><strong data-start=\"5062\" data-end=\"5077\">Aplicaci\u00f3n:<\/strong> Sistemas de equilibrio para montacargas y maquinaria pesada<br data-start=\"5137\" data-end=\"5140\" \/><strong data-start=\"5140\" data-end=\"5152\">Ventaja:<\/strong> Alta durabilidad, larga vida \u00fatil, funcionamiento silencioso, excelente estabilidad y equilibrio, f\u00e1cil instalaci\u00f3n<\/p>\n","protected":false},"featured_media":17648,"template":"","meta":[],"product_brand":[],"product_cat":[185],"product_tag":[],"class_list":{"0":"post-8439","1":"product","2":"type-product","3":"status-publish","4":"has-post-thumbnail","6":"product_cat-denge-tekeri","8":"first","9":"instock","10":"taxable","11":"shipping-taxable","12":"purchasable","13":"product-type-simple"},"_links":{"self":[{"href":"https:\/\/ceoparts.com\/es\/wp-json\/wp\/v2\/product\/8439","targetHints":{"allow":["GET"]}}],"collection":[{"href":"https:\/\/ceoparts.com\/es\/wp-json\/wp\/v2\/product"}],"about":[{"href":"https:\/\/ceoparts.com\/es\/wp-json\/wp\/v2\/types\/product"}],"wp:featuredmedia":[{"embeddable":true,"href":"https:\/\/ceoparts.com\/es\/wp-json\/wp\/v2\/media\/17648"}],"wp:attachment":[{"href":"https:\/\/ceoparts.com\/es\/wp-json\/wp\/v2\/media?parent=8439"}],"wp:term":[{"taxonomy":"product_brand","embeddable":true,"href":"https:\/\/ceoparts.com\/es\/wp-json\/wp\/v2\/product_brand?post=8439"},{"taxonomy":"product_cat","embeddable":true,"href":"https:\/\/ceoparts.com\/es\/wp-json\/wp\/v2\/product_cat?post=8439"},{"taxonomy":"product_tag","embeddable":true,"href":"https:\/\/ceoparts.com\/es\/wp-json\/wp\/v2\/product_tag?post=8439"}],"curies":[{"name":"wp","href":"https:\/\/api.w.org\/{rel}","templated":true}]}}