{"id":8443,"date":"2021-02-15T12:05:50","date_gmt":"2021-02-15T09:05:50","guid":{"rendered":"https:\/\/ceoparts.com\/?post_type=product&#038;p=8443"},"modified":"2026-05-16T16:18:41","modified_gmt":"2026-05-16T13:18:41","slug":"150x37-37-30-kilavuz-tekeri","status":"publish","type":"product","link":"https:\/\/ceoparts.com\/es\/urun\/150x37-37-30-kilavuz-tekeri\/","title":{"rendered":"150&#215;37\/37-30 Rueda a pie"},"content":{"rendered":"<p>150&#215;37\/37-30 Rueda a pie<\/p>","protected":false},"excerpt":{"rendered":"<p data-start=\"90\" data-end=\"447\"><br data-start=\"4576\" data-end=\"4579\" \/>La <strong data-start=\"4582\" data-end=\"4609\">Rueda gu\u00eda 150\u00d737\/37-30<\/strong> es una rueda gu\u00eda de alta calidad dise\u00f1ada para montacargas y maquinaria industrial para proporcionar una direcci\u00f3n precisa y estabilidad. Cuenta con un n\u00facleo met\u00e1lico robusto y un recubrimiento de caucho o poliuretano duradero, que ofrece larga vida \u00fatil, funcionamiento silencioso y fiable. Es una soluci\u00f3n ideal para una maniobrabilidad precisa y un funcionamiento seguro de las m\u00e1quinas.<\/p>\n<p data-start=\"5004\" data-end=\"5339\"><strong data-start=\"5004\" data-end=\"5023\">Caracter\u00edsticas<\/strong><br data-start=\"5023\" data-end=\"5026\" \/><strong data-start=\"5026\" data-end=\"5050\">Nombre del producto:<\/strong> Rueda gu\u00eda 150\u00d737\/37-30<br data-start=\"5074\" data-end=\"5077\" \/><strong data-start=\"5077\" data-end=\"5090\">Material:<\/strong> N\u00facleo met\u00e1lico robusto, recubrimiento de caucho o poliuretano<br data-start=\"5153\" data-end=\"5156\" \/><strong data-start=\"5156\" data-end=\"5171\">Aplicaci\u00f3n:<\/strong> Sistemas de direcci\u00f3n para montacargas y maquinaria<br data-start=\"5223\" data-end=\"5226\" \/><strong data-start=\"5226\" data-end=\"5238\">Ventaja:<\/strong> Alta durabilidad, larga vida \u00fatil, funcionamiento silencioso, direcci\u00f3n precisa, f\u00e1cil instalaci\u00f3n<\/p>\n","protected":false},"featured_media":17649,"template":"","meta":[],"product_brand":[],"product_cat":[185],"product_tag":[],"class_list":{"0":"post-8443","1":"product","2":"type-product","3":"status-publish","4":"has-post-thumbnail","6":"product_cat-denge-tekeri","8":"first","9":"instock","10":"taxable","11":"shipping-taxable","12":"purchasable","13":"product-type-simple"},"_links":{"self":[{"href":"https:\/\/ceoparts.com\/es\/wp-json\/wp\/v2\/product\/8443","targetHints":{"allow":["GET"]}}],"collection":[{"href":"https:\/\/ceoparts.com\/es\/wp-json\/wp\/v2\/product"}],"about":[{"href":"https:\/\/ceoparts.com\/es\/wp-json\/wp\/v2\/types\/product"}],"wp:featuredmedia":[{"embeddable":true,"href":"https:\/\/ceoparts.com\/es\/wp-json\/wp\/v2\/media\/17649"}],"wp:attachment":[{"href":"https:\/\/ceoparts.com\/es\/wp-json\/wp\/v2\/media?parent=8443"}],"wp:term":[{"taxonomy":"product_brand","embeddable":true,"href":"https:\/\/ceoparts.com\/es\/wp-json\/wp\/v2\/product_brand?post=8443"},{"taxonomy":"product_cat","embeddable":true,"href":"https:\/\/ceoparts.com\/es\/wp-json\/wp\/v2\/product_cat?post=8443"},{"taxonomy":"product_tag","embeddable":true,"href":"https:\/\/ceoparts.com\/es\/wp-json\/wp\/v2\/product_tag?post=8443"}],"curies":[{"name":"wp","href":"https:\/\/api.w.org\/{rel}","templated":true}]}}