{"id":8446,"date":"2021-02-15T12:11:01","date_gmt":"2021-02-15T09:11:01","guid":{"rendered":"https:\/\/ceoparts.com\/?post_type=product&#038;p=8446"},"modified":"2026-05-16T16:07:54","modified_gmt":"2026-05-16T13:07:54","slug":"150x40-52-45-denge-tekeri","status":"publish","type":"product","link":"https:\/\/ceoparts.com\/es\/urun\/150x40-52-45-denge-tekeri\/","title":{"rendered":"150&#215;40\/52-45 Rueda Auxiliar"},"content":{"rendered":"<p>150&#215;40\/52-45 Rueda Auxiliar<\/p>","protected":false},"excerpt":{"rendered":"<p data-start=\"88\" data-end=\"486\"><br data-start=\"4825\" data-end=\"4828\" \/>El <strong data-start=\"4831\" data-end=\"4864\">Rodillo de carga 150\u00d740\/52-45<\/strong> es una rueda de equilibrio duradera y de alto rendimiento dise\u00f1ada para montacargas y maquinaria pesada. Cuenta con un n\u00facleo met\u00e1lico robusto y un recubrimiento de caucho o poliuretano que ofrece larga vida \u00fatil, funcionamiento silencioso y rendimiento fiable. Garantiza un excelente equilibrio y estabilidad en entornos industriales, contribuyendo a un uso seguro y eficiente de las m\u00e1quinas.<\/p>\n<p data-start=\"5261\" data-end=\"5630\"><strong data-start=\"5261\" data-end=\"5280\">Caracter\u00edsticas<\/strong><br data-start=\"5280\" data-end=\"5283\" \/><strong data-start=\"5283\" data-end=\"5307\">Nombre del producto:<\/strong> Rodillo de carga 150\u00d740\/52-45<br data-start=\"5337\" data-end=\"5340\" \/><strong data-start=\"5340\" data-end=\"5353\">Material:<\/strong> N\u00facleo met\u00e1lico robusto con recubrimiento de caucho o poliuretano<br data-start=\"5419\" data-end=\"5422\" \/><strong data-start=\"5422\" data-end=\"5437\">Aplicaci\u00f3n:<\/strong> Sistemas de equilibrio para montacargas y maquinaria pesada<br data-start=\"5497\" data-end=\"5500\" \/><strong data-start=\"5500\" data-end=\"5512\">Ventaja:<\/strong> Alta durabilidad, larga vida \u00fatil, funcionamiento silencioso, excelente equilibrio y estabilidad, f\u00e1cil instalaci\u00f3n<\/p>\n","protected":false},"featured_media":17651,"template":"","meta":[],"product_brand":[],"product_cat":[185],"product_tag":[],"class_list":{"0":"post-8446","1":"product","2":"type-product","3":"status-publish","4":"has-post-thumbnail","6":"product_cat-denge-tekeri","8":"first","9":"instock","10":"taxable","11":"shipping-taxable","12":"purchasable","13":"product-type-simple"},"_links":{"self":[{"href":"https:\/\/ceoparts.com\/es\/wp-json\/wp\/v2\/product\/8446","targetHints":{"allow":["GET"]}}],"collection":[{"href":"https:\/\/ceoparts.com\/es\/wp-json\/wp\/v2\/product"}],"about":[{"href":"https:\/\/ceoparts.com\/es\/wp-json\/wp\/v2\/types\/product"}],"wp:featuredmedia":[{"embeddable":true,"href":"https:\/\/ceoparts.com\/es\/wp-json\/wp\/v2\/media\/17651"}],"wp:attachment":[{"href":"https:\/\/ceoparts.com\/es\/wp-json\/wp\/v2\/media?parent=8446"}],"wp:term":[{"taxonomy":"product_brand","embeddable":true,"href":"https:\/\/ceoparts.com\/es\/wp-json\/wp\/v2\/product_brand?post=8446"},{"taxonomy":"product_cat","embeddable":true,"href":"https:\/\/ceoparts.com\/es\/wp-json\/wp\/v2\/product_cat?post=8446"},{"taxonomy":"product_tag","embeddable":true,"href":"https:\/\/ceoparts.com\/es\/wp-json\/wp\/v2\/product_tag?post=8446"}],"curies":[{"name":"wp","href":"https:\/\/api.w.org\/{rel}","templated":true}]}}