{"id":8448,"date":"2021-02-15T12:13:16","date_gmt":"2021-02-15T09:13:16","guid":{"rendered":"https:\/\/ceoparts.com\/?post_type=product&#038;p=8448"},"modified":"2026-05-16T16:19:05","modified_gmt":"2026-05-16T13:19:05","slug":"150x40-55-20-denge-tekeri","status":"publish","type":"product","link":"https:\/\/ceoparts.com\/es\/urun\/150x40-55-20-denge-tekeri\/","title":{"rendered":"150&#215;40\/55-20  Rueda Auxiliar"},"content":{"rendered":"<p>150&#215;40\/55-20  Rueda Auxiliar<\/p>","protected":false},"excerpt":{"rendered":"<p data-start=\"88\" data-end=\"477\"><br data-start=\"4724\" data-end=\"4727\" \/>El <strong data-start=\"4730\" data-end=\"4763\">Rodillo de carga 150\u00d740\/55-20<\/strong> es una rueda de equilibrio duradera y de alto rendimiento utilizada en montacargas y maquinaria pesada. Cuenta con un n\u00facleo met\u00e1lico robusto y un recubrimiento de caucho o poliuretano que ofrece larga vida \u00fatil, funcionamiento silencioso y rendimiento fiable. Garantiza un excelente equilibrio y estabilidad en entornos industriales, contribuyendo a la eficiencia de las m\u00e1quinas.<\/p>\n<p data-start=\"5147\" data-end=\"5516\"><strong data-start=\"5147\" data-end=\"5166\">Caracter\u00edsticas<\/strong><br data-start=\"5166\" data-end=\"5169\" \/><strong data-start=\"5169\" data-end=\"5193\">Nombre del producto:<\/strong> Rodillo de carga 150\u00d740\/55-20<br data-start=\"5223\" data-end=\"5226\" \/><strong data-start=\"5226\" data-end=\"5239\">Material:<\/strong> N\u00facleo met\u00e1lico robusto con recubrimiento de caucho o poliuretano<br data-start=\"5305\" data-end=\"5308\" \/><strong data-start=\"5308\" data-end=\"5323\">Aplicaci\u00f3n:<\/strong> Sistemas de equilibrio para montacargas y maquinaria pesada<br data-start=\"5383\" data-end=\"5386\" \/><strong data-start=\"5386\" data-end=\"5398\">Ventaja:<\/strong> Alta durabilidad, larga vida \u00fatil, funcionamiento silencioso, excelente equilibrio y estabilidad, f\u00e1cil instalaci\u00f3n<\/p>\n","protected":false},"featured_media":17653,"template":"","meta":[],"product_brand":[],"product_cat":[185],"product_tag":[],"class_list":{"0":"post-8448","1":"product","2":"type-product","3":"status-publish","4":"has-post-thumbnail","6":"product_cat-denge-tekeri","8":"first","9":"instock","10":"taxable","11":"shipping-taxable","12":"purchasable","13":"product-type-simple"},"_links":{"self":[{"href":"https:\/\/ceoparts.com\/es\/wp-json\/wp\/v2\/product\/8448","targetHints":{"allow":["GET"]}}],"collection":[{"href":"https:\/\/ceoparts.com\/es\/wp-json\/wp\/v2\/product"}],"about":[{"href":"https:\/\/ceoparts.com\/es\/wp-json\/wp\/v2\/types\/product"}],"wp:featuredmedia":[{"embeddable":true,"href":"https:\/\/ceoparts.com\/es\/wp-json\/wp\/v2\/media\/17653"}],"wp:attachment":[{"href":"https:\/\/ceoparts.com\/es\/wp-json\/wp\/v2\/media?parent=8448"}],"wp:term":[{"taxonomy":"product_brand","embeddable":true,"href":"https:\/\/ceoparts.com\/es\/wp-json\/wp\/v2\/product_brand?post=8448"},{"taxonomy":"product_cat","embeddable":true,"href":"https:\/\/ceoparts.com\/es\/wp-json\/wp\/v2\/product_cat?post=8448"},{"taxonomy":"product_tag","embeddable":true,"href":"https:\/\/ceoparts.com\/es\/wp-json\/wp\/v2\/product_tag?post=8448"}],"curies":[{"name":"wp","href":"https:\/\/api.w.org\/{rel}","templated":true}]}}