{"id":8449,"date":"2021-02-15T12:14:24","date_gmt":"2021-02-15T09:14:24","guid":{"rendered":"https:\/\/ceoparts.com\/?post_type=product&#038;p=8449"},"modified":"2026-05-16T14:58:50","modified_gmt":"2026-05-16T11:58:50","slug":"150x50-50-20-denge-tekeri","status":"publish","type":"product","link":"https:\/\/ceoparts.com\/es\/urun\/150x50-50-20-denge-tekeri\/","title":{"rendered":"150&#215;50\/50-20 Rueda Auxiliar"},"content":{"rendered":"<p>150&#215;50\/50-20 Rueda Auxiliar<\/p>","protected":false},"excerpt":{"rendered":"<p data-start=\"88\" data-end=\"455\"><br data-start=\"4644\" data-end=\"4647\" \/>El <strong data-start=\"4650\" data-end=\"4683\">Rodillo de carga 150\u00d750\/50-20<\/strong> es una rueda de equilibrio duradera utilizada en montacargas y maquinaria pesada. Cuenta con un n\u00facleo met\u00e1lico robusto y un recubrimiento de caucho o poliuretano que ofrece larga vida \u00fatil, funcionamiento silencioso y rendimiento fiable. Garantiza un excelente equilibrio y estabilidad en entornos industriales, mejorando el rendimiento de montacargas y maquinaria.<\/p>\n<p data-start=\"5052\" data-end=\"5421\"><strong data-start=\"5052\" data-end=\"5071\">Caracter\u00edsticas<\/strong><br data-start=\"5071\" data-end=\"5074\" \/><strong data-start=\"5074\" data-end=\"5098\">Nombre del producto:<\/strong> Rodillo de carga 150\u00d750\/50-20<br data-start=\"5128\" data-end=\"5131\" \/><strong data-start=\"5131\" data-end=\"5144\">Material:<\/strong> N\u00facleo met\u00e1lico robusto con recubrimiento de caucho o poliuretano<br data-start=\"5210\" data-end=\"5213\" \/><strong data-start=\"5213\" data-end=\"5228\">Aplicaci\u00f3n:<\/strong> Sistemas de equilibrio para montacargas y maquinaria pesada<br data-start=\"5288\" data-end=\"5291\" \/><strong data-start=\"5291\" data-end=\"5303\">Ventaja:<\/strong> Alta durabilidad, larga vida \u00fatil, funcionamiento silencioso, excelente equilibrio y estabilidad, f\u00e1cil instalaci\u00f3n<\/p>\n","protected":false},"featured_media":17654,"template":"","meta":[],"product_brand":[],"product_cat":[185],"product_tag":[],"class_list":{"0":"post-8449","1":"product","2":"type-product","3":"status-publish","4":"has-post-thumbnail","6":"product_cat-denge-tekeri","8":"first","9":"instock","10":"taxable","11":"shipping-taxable","12":"purchasable","13":"product-type-simple"},"_links":{"self":[{"href":"https:\/\/ceoparts.com\/es\/wp-json\/wp\/v2\/product\/8449","targetHints":{"allow":["GET"]}}],"collection":[{"href":"https:\/\/ceoparts.com\/es\/wp-json\/wp\/v2\/product"}],"about":[{"href":"https:\/\/ceoparts.com\/es\/wp-json\/wp\/v2\/types\/product"}],"wp:featuredmedia":[{"embeddable":true,"href":"https:\/\/ceoparts.com\/es\/wp-json\/wp\/v2\/media\/17654"}],"wp:attachment":[{"href":"https:\/\/ceoparts.com\/es\/wp-json\/wp\/v2\/media?parent=8449"}],"wp:term":[{"taxonomy":"product_brand","embeddable":true,"href":"https:\/\/ceoparts.com\/es\/wp-json\/wp\/v2\/product_brand?post=8449"},{"taxonomy":"product_cat","embeddable":true,"href":"https:\/\/ceoparts.com\/es\/wp-json\/wp\/v2\/product_cat?post=8449"},{"taxonomy":"product_tag","embeddable":true,"href":"https:\/\/ceoparts.com\/es\/wp-json\/wp\/v2\/product_tag?post=8449"}],"curies":[{"name":"wp","href":"https:\/\/api.w.org\/{rel}","templated":true}]}}