{"id":8450,"date":"2021-02-15T12:16:02","date_gmt":"2021-02-15T09:16:02","guid":{"rendered":"https:\/\/ceoparts.com\/?post_type=product&#038;p=8450"},"modified":"2026-05-16T17:28:44","modified_gmt":"2026-05-16T14:28:44","slug":"150x50-65-12-denge-tekeri","status":"publish","type":"product","link":"https:\/\/ceoparts.com\/es\/urun\/150x50-65-12-denge-tekeri\/","title":{"rendered":"150&#215;50\/65-12 Ceoparts Rueda Auxiliar &#8211; 0039903515"},"content":{"rendered":"<p>150&#215;50\/65-12 Ceoparts Rueda Auxiliar &#8211; 0039903515<\/p>\n<p>0039903515, 0039903514, 0039903577<\/p>\n<p>372 L14\/16<br \/>\n372 L14\/16\/L14AP\/16AP<br \/>\n379 L10\/12-L10\/12AS<\/p>","protected":false},"excerpt":{"rendered":"<p data-start=\"112\" data-end=\"533\"><br data-start=\"5140\" data-end=\"5143\" \/>El <strong data-start=\"5146\" data-end=\"5188\">Rodillo de carga 150\u00d750\/65-12 Ceoparts<\/strong> es una rueda de equilibrio duradera y de alta calidad dise\u00f1ada para montacargas y maquinaria pesada. Cuenta con un n\u00facleo met\u00e1lico robusto y un recubrimiento de caucho o poliuretano resistente al desgaste de Ceoparts, ofreciendo una larga vida \u00fatil y funcionamiento silencioso. Garantiza un excelente equilibrio y estabilidad en entornos industriales, contribuyendo al rendimiento eficiente de las m\u00e1quinas.<\/p>\n<p data-start=\"5598\" data-end=\"6007\"><strong data-start=\"5598\" data-end=\"5617\">Caracter\u00edsticas<\/strong><br data-start=\"5617\" data-end=\"5620\" \/><strong data-start=\"5620\" data-end=\"5644\">Nombre del producto:<\/strong> Rodillo de carga 150\u00d750\/65-12 Ceoparts<br data-start=\"5683\" data-end=\"5686\" \/><strong data-start=\"5686\" data-end=\"5706\">N\u00famero de pieza:<\/strong> 0039903515<br data-start=\"5717\" data-end=\"5720\" \/><strong data-start=\"5720\" data-end=\"5733\">Material:<\/strong> N\u00facleo met\u00e1lico robusto, recubrimiento de caucho o poliuretano<br data-start=\"5796\" data-end=\"5799\" \/><strong data-start=\"5799\" data-end=\"5814\">Aplicaci\u00f3n:<\/strong> Sistemas de equilibrio para montacargas y maquinaria pesada<br data-start=\"5874\" data-end=\"5877\" \/><strong data-start=\"5877\" data-end=\"5889\">Ventaja:<\/strong> Alta durabilidad, larga vida \u00fatil, funcionamiento silencioso, excelente estabilidad y equilibrio, f\u00e1cil instalaci\u00f3n<\/p>\n<p>&nbsp;<\/p>\n","protected":false},"featured_media":16449,"template":"","meta":[],"product_brand":[],"product_cat":[396,185],"product_tag":[],"class_list":{"0":"post-8450","1":"product","2":"type-product","3":"status-publish","4":"has-post-thumbnail","6":"product_cat-denge-tekeri-ceo","7":"product_cat-denge-tekeri","9":"first","10":"instock","11":"taxable","12":"shipping-taxable","13":"purchasable","14":"product-type-simple"},"_links":{"self":[{"href":"https:\/\/ceoparts.com\/es\/wp-json\/wp\/v2\/product\/8450","targetHints":{"allow":["GET"]}}],"collection":[{"href":"https:\/\/ceoparts.com\/es\/wp-json\/wp\/v2\/product"}],"about":[{"href":"https:\/\/ceoparts.com\/es\/wp-json\/wp\/v2\/types\/product"}],"wp:featuredmedia":[{"embeddable":true,"href":"https:\/\/ceoparts.com\/es\/wp-json\/wp\/v2\/media\/16449"}],"wp:attachment":[{"href":"https:\/\/ceoparts.com\/es\/wp-json\/wp\/v2\/media?parent=8450"}],"wp:term":[{"taxonomy":"product_brand","embeddable":true,"href":"https:\/\/ceoparts.com\/es\/wp-json\/wp\/v2\/product_brand?post=8450"},{"taxonomy":"product_cat","embeddable":true,"href":"https:\/\/ceoparts.com\/es\/wp-json\/wp\/v2\/product_cat?post=8450"},{"taxonomy":"product_tag","embeddable":true,"href":"https:\/\/ceoparts.com\/es\/wp-json\/wp\/v2\/product_tag?post=8450"}],"curies":[{"name":"wp","href":"https:\/\/api.w.org\/{rel}","templated":true}]}}