{"id":8453,"date":"2021-02-15T12:19:44","date_gmt":"2021-02-15T09:19:44","guid":{"rendered":"https:\/\/ceoparts.com\/?post_type=product&#038;p=8453"},"modified":"2026-05-16T21:02:55","modified_gmt":"2026-05-16T18:02:55","slug":"150x54-60-20-alu-denge-tekeri","status":"publish","type":"product","link":"https:\/\/ceoparts.com\/es\/urun\/150x54-60-20-alu-denge-tekeri\/","title":{"rendered":"150&#215;54\/60-20 Alu Rueda Auxiliar"},"content":{"rendered":"<p>150&#215;54\/60-20 Alu Rueda Auxiliar<\/p>","protected":false},"excerpt":{"rendered":"<p data-start=\"92\" data-end=\"515\"><br data-start=\"4701\" data-end=\"4704\" \/>El <strong data-start=\"4707\" data-end=\"4744\">Rodillo de carga 150\u00d754\/60-20 Alu<\/strong> es una rueda de equilibrio ligera y duradera dise\u00f1ada para montacargas y maquinaria pesada. Su estructura de aluminio proporciona resistencia a la corrosi\u00f3n y reduce el peso. Equipado con un recubrimiento de caucho o poliuretano, este rodillo ofrece un funcionamiento silencioso y una larga vida \u00fatil. Garantiza un excelente equilibrio y estabilidad en entornos industriales.<\/p>\n<p data-start=\"5122\" data-end=\"5484\"><strong data-start=\"5122\" data-end=\"5141\">Caracter\u00edsticas<\/strong><br data-start=\"5141\" data-end=\"5144\" \/><strong data-start=\"5144\" data-end=\"5168\">Nombre del producto:<\/strong> Rodillo de carga 150\u00d754\/60-20 Alu<br data-start=\"5202\" data-end=\"5205\" \/><strong data-start=\"5205\" data-end=\"5218\">Material:<\/strong> Estructura de aluminio con recubrimiento de caucho\/poliuretano<br data-start=\"5281\" data-end=\"5284\" \/><strong data-start=\"5284\" data-end=\"5299\">Aplicaci\u00f3n:<\/strong> Sistemas de equilibrio para montacargas y maquinaria pesada<br data-start=\"5359\" data-end=\"5362\" \/><strong data-start=\"5362\" data-end=\"5374\">Ventaja:<\/strong> Dise\u00f1o ligero, resistencia a la corrosi\u00f3n, funcionamiento silencioso, larga vida \u00fatil, excelente equilibrio<\/p>\n","protected":false},"featured_media":17643,"template":"","meta":[],"product_brand":[],"product_cat":[185],"product_tag":[],"class_list":{"0":"post-8453","1":"product","2":"type-product","3":"status-publish","4":"has-post-thumbnail","6":"product_cat-denge-tekeri","8":"first","9":"instock","10":"taxable","11":"shipping-taxable","12":"purchasable","13":"product-type-simple"},"_links":{"self":[{"href":"https:\/\/ceoparts.com\/es\/wp-json\/wp\/v2\/product\/8453","targetHints":{"allow":["GET"]}}],"collection":[{"href":"https:\/\/ceoparts.com\/es\/wp-json\/wp\/v2\/product"}],"about":[{"href":"https:\/\/ceoparts.com\/es\/wp-json\/wp\/v2\/types\/product"}],"wp:featuredmedia":[{"embeddable":true,"href":"https:\/\/ceoparts.com\/es\/wp-json\/wp\/v2\/media\/17643"}],"wp:attachment":[{"href":"https:\/\/ceoparts.com\/es\/wp-json\/wp\/v2\/media?parent=8453"}],"wp:term":[{"taxonomy":"product_brand","embeddable":true,"href":"https:\/\/ceoparts.com\/es\/wp-json\/wp\/v2\/product_brand?post=8453"},{"taxonomy":"product_cat","embeddable":true,"href":"https:\/\/ceoparts.com\/es\/wp-json\/wp\/v2\/product_cat?post=8453"},{"taxonomy":"product_tag","embeddable":true,"href":"https:\/\/ceoparts.com\/es\/wp-json\/wp\/v2\/product_tag?post=8453"}],"curies":[{"name":"wp","href":"https:\/\/api.w.org\/{rel}","templated":true}]}}