{"id":8454,"date":"2021-02-15T12:21:07","date_gmt":"2021-02-15T09:21:07","guid":{"rendered":"https:\/\/ceoparts.com\/?post_type=product&#038;p=8454"},"modified":"2026-05-16T11:47:40","modified_gmt":"2026-05-16T08:47:40","slug":"150x76-81-25-denge-tekeri","status":"publish","type":"product","link":"https:\/\/ceoparts.com\/es\/urun\/150x76-81-25-denge-tekeri\/","title":{"rendered":"150&#215;76\/81-25 MSL Ose Rueda Auxiliar &#8211; 7509579, 210545, 7542704"},"content":{"rendered":"<p>150&#215;76\/81-25 MSL Ose Rueda Auxiliar &#8211; 7509579, 210545, 7542704<\/p>\n<p>OL 20<br \/>\nOL 25<\/p>\n<p>OS 1.0<br \/>\nOS 1.8 X OPUS<br \/>\nOS 2.0<br \/>\nOS 2.0 TRINKS<br \/>\nOS 3.0 OPUS<\/p>\n<p>OSE 120<br \/>\nOSE 120 IKEA<br \/>\nOSE 120 P<br \/>\nOSE 180 X<br \/>\nOSE 180 XP<br \/>\nOSE 250<br \/>\nOSE 250 P<\/p>","protected":false},"excerpt":{"rendered":"<p data-start=\"123\" data-end=\"601\"><br data-start=\"5674\" data-end=\"5677\" \/>El <strong data-start=\"5680\" data-end=\"5721\">Rodillo de carga 150\u00d776\/81-25 MSL Ose<\/strong> es una rueda de equilibrio de alta resistencia utilizada en montacargas y maquinaria pesada. Fabricada seg\u00fan los est\u00e1ndares de calidad de MSL Ose, esta rueda cuenta con un n\u00facleo met\u00e1lico robusto con recubrimiento de caucho o poliuretano resistente al desgaste, garantizando larga vida \u00fatil y funcionamiento silencioso. Ofrece un excelente equilibrio y estabilidad en entornos industriales. Ampliamente utilizada en log\u00edstica, almacenamiento y producci\u00f3n.<\/p>\n<p data-start=\"6179\" data-end=\"6624\"><strong data-start=\"6179\" data-end=\"6198\">Caracter\u00edsticas<\/strong><br data-start=\"6198\" data-end=\"6201\" \/><strong data-start=\"6201\" data-end=\"6225\">Nombre del producto:<\/strong> Rodillo de carga 150\u00d776\/81-25 MSL Ose<br data-start=\"6263\" data-end=\"6266\" \/><strong data-start=\"6266\" data-end=\"6287\">N\u00fameros de pieza:<\/strong> 7509579, 210545, 7542704<br data-start=\"6312\" data-end=\"6315\" \/><strong data-start=\"6315\" data-end=\"6328\">Material:<\/strong> Recubrimiento de caucho\/poliuretano resistente al desgaste y n\u00facleo met\u00e1lico robusto<br data-start=\"6413\" data-end=\"6416\" \/><strong data-start=\"6416\" data-end=\"6431\">Aplicaci\u00f3n:<\/strong> Sistemas de equilibrio para montacargas y maquinaria pesada<br data-start=\"6491\" data-end=\"6494\" \/><strong data-start=\"6494\" data-end=\"6506\">Ventaja:<\/strong> Alta durabilidad, larga vida \u00fatil, funcionamiento silencioso, excelente equilibrio y estabilidad, f\u00e1cil instalaci\u00f3n<\/p>\n<p>&nbsp;<\/p>\n","protected":false},"featured_media":15101,"template":"","meta":[],"product_brand":[],"product_cat":[395,396,185],"product_tag":[],"class_list":{"0":"post-8454","1":"product","2":"type-product","3":"status-publish","4":"has-post-thumbnail","6":"product_cat-ceoparts","7":"product_cat-denge-tekeri-ceo","8":"product_cat-denge-tekeri","10":"first","11":"instock","12":"taxable","13":"shipping-taxable","14":"purchasable","15":"product-type-simple"},"_links":{"self":[{"href":"https:\/\/ceoparts.com\/es\/wp-json\/wp\/v2\/product\/8454","targetHints":{"allow":["GET"]}}],"collection":[{"href":"https:\/\/ceoparts.com\/es\/wp-json\/wp\/v2\/product"}],"about":[{"href":"https:\/\/ceoparts.com\/es\/wp-json\/wp\/v2\/types\/product"}],"wp:featuredmedia":[{"embeddable":true,"href":"https:\/\/ceoparts.com\/es\/wp-json\/wp\/v2\/media\/15101"}],"wp:attachment":[{"href":"https:\/\/ceoparts.com\/es\/wp-json\/wp\/v2\/media?parent=8454"}],"wp:term":[{"taxonomy":"product_brand","embeddable":true,"href":"https:\/\/ceoparts.com\/es\/wp-json\/wp\/v2\/product_brand?post=8454"},{"taxonomy":"product_cat","embeddable":true,"href":"https:\/\/ceoparts.com\/es\/wp-json\/wp\/v2\/product_cat?post=8454"},{"taxonomy":"product_tag","embeddable":true,"href":"https:\/\/ceoparts.com\/es\/wp-json\/wp\/v2\/product_tag?post=8454"}],"curies":[{"name":"wp","href":"https:\/\/api.w.org\/{rel}","templated":true}]}}