{"id":8456,"date":"2021-02-15T12:53:23","date_gmt":"2021-02-15T09:53:23","guid":{"rendered":"https:\/\/ceoparts.com\/?post_type=product&#038;p=8456"},"modified":"2026-05-16T19:28:27","modified_gmt":"2026-05-16T16:28:27","slug":"150x95-95-25-yuk-tekeri","status":"publish","type":"product","link":"https:\/\/ceoparts.com\/es\/urun\/150x95-95-25-yuk-tekeri\/","title":{"rendered":"150&#215;95\/95-25 Wicke Ruedas de carga &#8211; 51697789"},"content":{"rendered":"<p>150&#215;95\/95-25 Wicke Ruedas de carga &#8211; 51697789<\/p>","protected":false},"excerpt":{"rendered":"<p data-start=\"103\" data-end=\"537\"><br data-start=\"5168\" data-end=\"5171\" \/>La <strong data-start=\"5174\" data-end=\"5211\">Rueda de carga 150\u00d795\/95-25 Wicke<\/strong> es una rueda muy duradera utilizada en montacargas y equipos pesados. El recubrimiento de caucho de alta calidad de Wicke ofrece una excelente resistencia al desgaste y una tracci\u00f3n superior. Su n\u00facleo met\u00e1lico robusto garantiza una larga vida \u00fatil y un funcionamiento silencioso. Ofrece un rendimiento excelente en condiciones industriales dif\u00edciles y es preferida en log\u00edstica, almacenamiento y producci\u00f3n.<\/p>\n<p data-start=\"5622\" data-end=\"6037\"><strong data-start=\"5622\" data-end=\"5641\">Caracter\u00edsticas<\/strong><br data-start=\"5641\" data-end=\"5644\" \/><strong data-start=\"5644\" data-end=\"5668\">Nombre del producto:<\/strong> Rueda de carga 150\u00d795\/95-25 Wicke<br data-start=\"5702\" data-end=\"5705\" \/><strong data-start=\"5705\" data-end=\"5725\">N\u00famero de pieza:<\/strong> 51697789<br data-start=\"5734\" data-end=\"5737\" \/><strong data-start=\"5737\" data-end=\"5750\">Material:<\/strong> Recubrimiento de caucho altamente resistente al desgaste y n\u00facleo met\u00e1lico robusto<br data-start=\"5833\" data-end=\"5836\" \/><strong data-start=\"5836\" data-end=\"5851\">Aplicaci\u00f3n:<\/strong> Sistemas de manipulaci\u00f3n y estabilizaci\u00f3n de cargas para montacargas<br data-start=\"5920\" data-end=\"5923\" \/><strong data-start=\"5923\" data-end=\"5935\">Ventaja:<\/strong> Larga vida \u00fatil, alta durabilidad, funcionamiento silencioso, excelente tracci\u00f3n, f\u00e1cil instalaci\u00f3n<\/p>\n","protected":false},"featured_media":11376,"template":"","meta":[],"product_brand":[],"product_cat":[400,401,402],"product_tag":[],"class_list":{"0":"post-8456","1":"product","2":"type-product","3":"status-publish","4":"has-post-thumbnail","6":"product_cat-catal-tekeri","7":"product_cat-wicke","8":"product_cat-catal-tekeri-wicke","10":"first","11":"instock","12":"taxable","13":"shipping-taxable","14":"purchasable","15":"product-type-simple"},"_links":{"self":[{"href":"https:\/\/ceoparts.com\/es\/wp-json\/wp\/v2\/product\/8456","targetHints":{"allow":["GET"]}}],"collection":[{"href":"https:\/\/ceoparts.com\/es\/wp-json\/wp\/v2\/product"}],"about":[{"href":"https:\/\/ceoparts.com\/es\/wp-json\/wp\/v2\/types\/product"}],"wp:featuredmedia":[{"embeddable":true,"href":"https:\/\/ceoparts.com\/es\/wp-json\/wp\/v2\/media\/11376"}],"wp:attachment":[{"href":"https:\/\/ceoparts.com\/es\/wp-json\/wp\/v2\/media?parent=8456"}],"wp:term":[{"taxonomy":"product_brand","embeddable":true,"href":"https:\/\/ceoparts.com\/es\/wp-json\/wp\/v2\/product_brand?post=8456"},{"taxonomy":"product_cat","embeddable":true,"href":"https:\/\/ceoparts.com\/es\/wp-json\/wp\/v2\/product_cat?post=8456"},{"taxonomy":"product_tag","embeddable":true,"href":"https:\/\/ceoparts.com\/es\/wp-json\/wp\/v2\/product_tag?post=8456"}],"curies":[{"name":"wp","href":"https:\/\/api.w.org\/{rel}","templated":true}]}}